



 



 



 {"id":754,"date":"2018-08-29T12:04:31","date_gmt":"2018-08-29T10:04:31","guid":{"rendered":"https:\/\/tmp2.novelar.fr\/presse\/"},"modified":"2025-09-30T15:48:34","modified_gmt":"2025-09-30T13:48:34","slug":"presse","status":"publish","type":"page","link":"https:\/\/nuitdelaglisse.com\/fr\/presse\/","title":{"rendered":"Presse"},"content":{"rendered":"\t\t<div data-elementor-type=\"wp-post\" data-elementor-id=\"754\" class=\"elementor elementor-754 elementor-443\" data-elementor-post-type=\"page\">\n\t\t\t\t\t\t<section class=\"elementor-section elementor-top-section elementor-element elementor-element-be7c0d9 elementor-section-boxed elementor-section-height-default elementor-section-height-default\" data-id=\"be7c0d9\" data-element_type=\"section\" data-e-type=\"section\" data-settings=\"{&quot;background_background&quot;:&quot;classic&quot;,&quot;background_motion_fx_motion_fx_mouse&quot;:&quot;yes&quot;,&quot;background_motion_fx_mouseTrack_effect&quot;:&quot;yes&quot;,&quot;background_motion_fx_mouseTrack_speed&quot;:{&quot;unit&quot;:&quot;px&quot;,&quot;size&quot;:1,&quot;sizes&quot;:[]}}\">\n\t\t\t\t\t\t<div class=\"elementor-container elementor-column-gap-default\">\n\t\t\t\t\t<div class=\"elementor-column elementor-col-100 elementor-top-column elementor-element elementor-element-487d1a4\" data-id=\"487d1a4\" data-element_type=\"column\" data-e-type=\"column\">\n\t\t\t<div class=\"elementor-widget-wrap elementor-element-populated\">\n\t\t\t\t\t\t<div class=\"elementor-element elementor-element-a0340aa elementor-widget-divider--view-line elementor-widget elementor-widget-divider\" data-id=\"a0340aa\" data-element_type=\"widget\" data-e-type=\"widget\" data-widget_type=\"divider.default\">\n\t\t\t\t<div class=\"elementor-widget-container\">\n\t\t\t\t\t\t\t<div class=\"elementor-divider\">\n\t\t\t<span class=\"elementor-divider-separator\">\n\t\t\t\t\t\t<\/span>\n\t\t<\/div>\n\t\t\t\t\t\t<\/div>\n\t\t\t\t<\/div>\n\t\t\t\t\t<\/div>\n\t\t<\/div>\n\t\t\t\t\t<\/div>\n\t\t<\/section>\n\t\t\t\t<section class=\"elementor-section elementor-top-section elementor-element elementor-element-02b2287 elementor-section-boxed elementor-section-height-default elementor-section-height-default\" data-id=\"02b2287\" data-element_type=\"section\" data-e-type=\"section\">\n\t\t\t\t\t\t<div class=\"elementor-container elementor-column-gap-default\">\n\t\t\t\t\t<div class=\"elementor-column elementor-col-100 elementor-top-column elementor-element elementor-element-49f61c5\" data-id=\"49f61c5\" data-element_type=\"column\" data-e-type=\"column\">\n\t\t\t<div class=\"elementor-widget-wrap\">\n\t\t\t\t\t\t\t<\/div>\n\t\t<\/div>\n\t\t\t\t\t<\/div>\n\t\t<\/section>\n\t\t\t\t<section class=\"elementor-section elementor-top-section elementor-element elementor-element-8471744 elementor-section-boxed elementor-section-height-default elementor-section-height-default\" data-id=\"8471744\" data-element_type=\"section\" data-e-type=\"section\" data-settings=\"{&quot;background_background&quot;:&quot;classic&quot;}\">\n\t\t\t\t\t\t<div class=\"elementor-container elementor-column-gap-default\">\n\t\t\t\t\t<div class=\"elementor-column elementor-col-100 elementor-top-column elementor-element elementor-element-579be60\" data-id=\"579be60\" data-element_type=\"column\" data-e-type=\"column\">\n\t\t\t<div class=\"elementor-widget-wrap elementor-element-populated\">\n\t\t\t\t\t\t<div class=\"elementor-element elementor-element-ac26129 elementor-widget elementor-widget-heading\" data-id=\"ac26129\" data-element_type=\"widget\" data-e-type=\"widget\" data-widget_type=\"heading.default\">\n\t\t\t\t<div class=\"elementor-widget-container\">\n\t\t\t\t\t<h2 class=\"elementor-heading-title elementor-size-default\">CHRONICLES OF A WILD DECADE &amp; FREEBIRDS<\/h2>\t\t\t\t<\/div>\n\t\t\t\t<\/div>\n\t\t\t\t<div class=\"elementor-element elementor-element-e39064e elementor-widget elementor-widget-text-editor\" data-id=\"e39064e\" data-element_type=\"widget\" data-e-type=\"widget\" data-widget_type=\"text-editor.default\">\n\t\t\t\t<div class=\"elementor-widget-container\">\n\t\t\t\t\t\t\t\t\t<p data-start=\"0\" data-end=\"164\">La Nuit de la Glisse 2025 vous invite \u00e0 une soir\u00e9e unique compos\u00e9e de deux films compl\u00e9mentaires, r\u00e9unis par une qu\u00eate commune : la recherche du moment parfait.<\/p>\n<p>&nbsp;<\/p>\n<p data-start=\"166\" data-end=\"609\">La soir\u00e9e s\u2019ouvre avec Chronicles of a Wild Decade, une plong\u00e9e dans les ann\u00e9es 2010 \u00e0 travers les archives personnelles de Thierry Donard, qui revisite une d\u00e9cennie charni\u00e8re pour les sports d\u2019action. Des pentes raides du Mont-Blanc aux vagues monstrueuses de Teahupo\u2019o, en passant par les fjords d\u2019Europe du Nord et les rapides glac\u00e9s de Norv\u00e8ge, ce film retrace l\u2019engagement total d\u2019une g\u00e9n\u00e9ration d\u2019athl\u00e8tes qui a red\u00e9fini les limites.<\/p>\n<p>&nbsp;<\/p>\n<p data-start=\"611\" data-end=\"965\">En seconde partie, Free Birds explore le pr\u00e9sent aux c\u00f4t\u00e9s de jeunes riders qui repoussent les fronti\u00e8res de leurs disciplines. Snowboard dans la nuit polaire norv\u00e9gienne, surf XXL \u00e0 Nazar\u00e9, speedriding de pr\u00e9cision dans les Alpes, wingfoil a\u00e9rien sur les rivi\u00e8res de l\u2019Oregon : chaque s\u00e9quence est un m\u00e9lange de libert\u00e9, d\u2019esth\u00e9tique et de ma\u00eetrise.<\/p>\n<p><\/p>\n<p data-start=\"967\" data-end=\"1012\" data-is-last-node=\"\" data-is-only-node=\"\">Deux \u00e9poques, deux regards, une m\u00eame passion.<\/p>\n\t\t\t\t\t\t\t\t<\/div>\n\t\t\t\t<\/div>\n\t\t\t\t\t<\/div>\n\t\t<\/div>\n\t\t\t\t\t<\/div>\n\t\t<\/section>\n\t\t\t\t<section class=\"elementor-section elementor-top-section elementor-element elementor-element-3521864 elementor-section-boxed elementor-section-height-default elementor-section-height-default\" data-id=\"3521864\" data-element_type=\"section\" data-e-type=\"section\">\n\t\t\t\t\t\t<div class=\"elementor-container elementor-column-gap-default\">\n\t\t\t\t\t<div class=\"elementor-column elementor-col-100 elementor-top-column elementor-element elementor-element-8ad49df\" data-id=\"8ad49df\" data-element_type=\"column\" data-e-type=\"column\">\n\t\t\t<div class=\"elementor-widget-wrap elementor-element-populated\">\n\t\t\t\t\t\t<div class=\"elementor-element elementor-element-3f08b6c elementor-widget elementor-widget-heading\" data-id=\"3f08b6c\" data-element_type=\"widget\" data-e-type=\"widget\" data-widget_type=\"heading.default\">\n\t\t\t\t<div class=\"elementor-widget-container\">\n\t\t\t\t\t<h2 class=\"elementor-heading-title elementor-size-default\">T\u00e9l\u00e9charger le dossier de presse<\/h2>\t\t\t\t<\/div>\n\t\t\t\t<\/div>\n\t\t\t\t<div class=\"elementor-element elementor-element-b4a59e1 elementor-align-start elementor-icon-list--layout-traditional elementor-list-item-link-full_width elementor-widget elementor-widget-icon-list\" data-id=\"b4a59e1\" data-element_type=\"widget\" data-e-type=\"widget\" data-widget_type=\"icon-list.default\">\n\t\t\t\t<div class=\"elementor-widget-container\">\n\t\t\t\t\t\t\t<ul class=\"elementor-icon-list-items\">\n\t\t\t\t\t\t\t<li class=\"elementor-icon-list-item\">\n\t\t\t\t\t\t\t\t\t\t\t<a href=\"https:\/\/www.dropbox.com\/scl\/fo\/37f24lo79ju5a1jupc6vz\/AAIUwp9p8OjmHmUpiXZYLxw?rlkey=rpm8myweesah6obi45bactol2&#038;st=sla3jvp0&#038;dl=0\" target=\"_blank\">\n\n\t\t\t\t\t\t\t\t\t\t\t\t<span class=\"elementor-icon-list-icon\">\n\t\t\t\t\t\t\t<i aria-hidden=\"true\" class=\"far fa-newspaper\"><\/i>\t\t\t\t\t\t<\/span>\n\t\t\t\t\t\t\t\t\t\t<span class=\"elementor-icon-list-text\">PRESS KIT | ANNECY MEGARAMA<\/span>\n\t\t\t\t\t\t\t\t\t\t\t<\/a>\n\t\t\t\t\t\t\t\t\t<\/li>\n\t\t\t\t\t\t\t\t<li class=\"elementor-icon-list-item\">\n\t\t\t\t\t\t\t\t\t\t\t<a href=\"https:\/\/www.dropbox.com\/scl\/fo\/8td4203nm3cynh90u8o0n\/ACT0DEX8PxCB2HSYKiNdZp4?rlkey=vk15s4hfr80slukjmu75svbcl&#038;st=3p70tezj&#038;dl=0\" target=\"_blank\">\n\n\t\t\t\t\t\t\t\t\t\t\t\t<span class=\"elementor-icon-list-icon\">\n\t\t\t\t\t\t\t<i aria-hidden=\"true\" class=\"far fa-newspaper\"><\/i>\t\t\t\t\t\t<\/span>\n\t\t\t\t\t\t\t\t\t\t<span class=\"elementor-icon-list-text\">PRESS KIT | ANNECY PATHE<\/span>\n\t\t\t\t\t\t\t\t\t\t\t<\/a>\n\t\t\t\t\t\t\t\t\t<\/li>\n\t\t\t\t\t\t\t\t<li class=\"elementor-icon-list-item\">\n\t\t\t\t\t\t\t\t\t\t\t<a href=\"https:\/\/www.dropbox.com\/scl\/fo\/tu4qpy0jdxlquebc37exz\/AB8MdbLJx0twBJYtdM34I3Y?rlkey=dkvzyig5hanow9lnzc9egrrkj&#038;st=o5yofmlf&#038;dl=0\" target=\"_blank\">\n\n\t\t\t\t\t\t\t\t\t\t\t\t<span class=\"elementor-icon-list-icon\">\n\t\t\t\t\t\t\t<i aria-hidden=\"true\" class=\"far fa-newspaper\"><\/i>\t\t\t\t\t\t<\/span>\n\t\t\t\t\t\t\t\t\t\t<span class=\"elementor-icon-list-text\">PRESS KIT | ARCHAMPS<\/span>\n\t\t\t\t\t\t\t\t\t\t\t<\/a>\n\t\t\t\t\t\t\t\t\t<\/li>\n\t\t\t\t\t\t\t\t<li class=\"elementor-icon-list-item\">\n\t\t\t\t\t\t\t\t\t\t\t<a href=\"https:\/\/www.dropbox.com\/scl\/fo\/yoe1i02gf4p9wxng4ecia\/AOMmMMw3k-9dAgVf7LrEJk0?rlkey=36l8l2alyqlglu24qb5f8gfyc&#038;st=db41tyt0&#038;dl=0\" target=\"_blank\">\n\n\t\t\t\t\t\t\t\t\t\t\t\t<span class=\"elementor-icon-list-icon\">\n\t\t\t\t\t\t\t<i aria-hidden=\"true\" class=\"far fa-newspaper\"><\/i>\t\t\t\t\t\t<\/span>\n\t\t\t\t\t\t\t\t\t\t<span class=\"elementor-icon-list-text\">PRESS KIT | BIARRITZ<\/span>\n\t\t\t\t\t\t\t\t\t\t\t<\/a>\n\t\t\t\t\t\t\t\t\t<\/li>\n\t\t\t\t\t\t\t\t<li class=\"elementor-icon-list-item\">\n\t\t\t\t\t\t\t\t\t\t\t<a href=\"https:\/\/www.dropbox.com\/scl\/fo\/dhnstr9cr4x774ll3pvln\/AN-6VTv38utZO57afzliJjk?rlkey=v9s7f1s7qg9qsbzz4aeao86pu&#038;st=t88yz7lc&#038;dl=0\" target=\"_blank\">\n\n\t\t\t\t\t\t\t\t\t\t\t\t<span class=\"elementor-icon-list-icon\">\n\t\t\t\t\t\t\t<i aria-hidden=\"true\" class=\"far fa-newspaper\"><\/i>\t\t\t\t\t\t<\/span>\n\t\t\t\t\t\t\t\t\t\t<span class=\"elementor-icon-list-text\">PRESS KIT | GENEVE<\/span>\n\t\t\t\t\t\t\t\t\t\t\t<\/a>\n\t\t\t\t\t\t\t\t\t<\/li>\n\t\t\t\t\t\t\t\t<li class=\"elementor-icon-list-item\">\n\t\t\t\t\t\t\t\t\t\t\t<a href=\"https:\/\/www.dropbox.com\/scl\/fo\/8vsz3qkhmn8tceoznpm33\/AByhfA9rs8Bt2spQyMu_Xi0?rlkey=giu8fia1b0qwvb7awae32p7id&#038;st=0jqx1ndg&#038;dl=0\" target=\"_blank\">\n\n\t\t\t\t\t\t\t\t\t\t\t\t<span class=\"elementor-icon-list-icon\">\n\t\t\t\t\t\t\t<i aria-hidden=\"true\" class=\"far fa-newspaper\"><\/i>\t\t\t\t\t\t<\/span>\n\t\t\t\t\t\t\t\t\t\t<span class=\"elementor-icon-list-text\">PRESS KIT | INNSBRUCK<\/span>\n\t\t\t\t\t\t\t\t\t\t\t<\/a>\n\t\t\t\t\t\t\t\t\t<\/li>\n\t\t\t\t\t\t\t\t<li class=\"elementor-icon-list-item\">\n\t\t\t\t\t\t\t\t\t\t\t<a href=\"https:\/\/www.dropbox.com\/scl\/fo\/u1byrarbe08ttrnejxw9a\/AMa6gC792iWSkwK0dSTKWa0?rlkey=bbl1wirufjf9mpi9j1bpebtmd&#038;st=9h9b4jbu&#038;dl=0\" target=\"_blank\">\n\n\t\t\t\t\t\t\t\t\t\t\t\t<span class=\"elementor-icon-list-icon\">\n\t\t\t\t\t\t\t<i aria-hidden=\"true\" class=\"far fa-newspaper\"><\/i>\t\t\t\t\t\t<\/span>\n\t\t\t\t\t\t\t\t\t\t<span class=\"elementor-icon-list-text\">PRESS KIT | LAUSANNE<\/span>\n\t\t\t\t\t\t\t\t\t\t\t<\/a>\n\t\t\t\t\t\t\t\t\t<\/li>\n\t\t\t\t\t\t\t\t<li class=\"elementor-icon-list-item\">\n\t\t\t\t\t\t\t\t\t\t\t<a href=\"https:\/\/www.dropbox.com\/scl\/fo\/zjnxuvq30fy2h70ls2uol\/AAS_MXFloHq5TwrUp7Up-CU?rlkey=jhi30hfnt04opz4o8uzfxjpt7&#038;st=tv7hqebs&#038;dl=0\" target=\"_blank\">\n\n\t\t\t\t\t\t\t\t\t\t\t\t<span class=\"elementor-icon-list-icon\">\n\t\t\t\t\t\t\t<i aria-hidden=\"true\" class=\"far fa-newspaper\"><\/i>\t\t\t\t\t\t<\/span>\n\t\t\t\t\t\t\t\t\t\t<span class=\"elementor-icon-list-text\">PRESS KIT | MUNICH<\/span>\n\t\t\t\t\t\t\t\t\t\t\t<\/a>\n\t\t\t\t\t\t\t\t\t<\/li>\n\t\t\t\t\t\t\t\t<li class=\"elementor-icon-list-item\">\n\t\t\t\t\t\t\t\t\t\t\t<a href=\"https:\/\/www.dropbox.com\/scl\/fo\/etrvcwr4mk02qn5kvd3al\/AEbQrWFng8m3BIXyffVVM_E?rlkey=rmh8hum36djhj0y0pnd14c5ln&#038;st=uncijfq0&#038;dl=0\" target=\"_blank\">\n\n\t\t\t\t\t\t\t\t\t\t\t\t<span class=\"elementor-icon-list-icon\">\n\t\t\t\t\t\t\t<i aria-hidden=\"true\" class=\"far fa-newspaper\"><\/i>\t\t\t\t\t\t<\/span>\n\t\t\t\t\t\t\t\t\t\t<span class=\"elementor-icon-list-text\">PRESS KIT | PARIS<\/span>\n\t\t\t\t\t\t\t\t\t\t\t<\/a>\n\t\t\t\t\t\t\t\t\t<\/li>\n\t\t\t\t\t\t\t\t<li class=\"elementor-icon-list-item\">\n\t\t\t\t\t\t\t\t\t\t\t<a href=\"https:\/\/www.dropbox.com\/scl\/fo\/6qgeyalfkurcfwtvmknn3\/AP2r7hGv-5oVDM-Un6N3nFc?rlkey=juawyd7tlbrujdk94tpe2rw60&#038;st=yv03ecis&#038;dl=0\" target=\"_blank\">\n\n\t\t\t\t\t\t\t\t\t\t\t\t<span class=\"elementor-icon-list-icon\">\n\t\t\t\t\t\t\t<i aria-hidden=\"true\" class=\"far fa-newspaper\"><\/i>\t\t\t\t\t\t<\/span>\n\t\t\t\t\t\t\t\t\t\t<span class=\"elementor-icon-list-text\">PRESS KIT | SALLANCHES<\/span>\n\t\t\t\t\t\t\t\t\t\t\t<\/a>\n\t\t\t\t\t\t\t\t\t<\/li>\n\t\t\t\t\t\t\t\t<li class=\"elementor-icon-list-item\">\n\t\t\t\t\t\t\t\t\t\t\t<a href=\"https:\/\/www.dropbox.com\/scl\/fo\/mnrgcn0f8woo7u3f1zl4i\/AMj34VUd-velQOZgkLk69U4?rlkey=y87ifwvci6dfg58l4hkqyp84q&#038;st=tstz15ir&#038;dl=0\" target=\"_blank\">\n\n\t\t\t\t\t\t\t\t\t\t\t\t<span class=\"elementor-icon-list-icon\">\n\t\t\t\t\t\t\t<i aria-hidden=\"true\" class=\"far fa-newspaper\"><\/i>\t\t\t\t\t\t<\/span>\n\t\t\t\t\t\t\t\t\t\t<span class=\"elementor-icon-list-text\">PRESS KIT | THONON<\/span>\n\t\t\t\t\t\t\t\t\t\t\t<\/a>\n\t\t\t\t\t\t\t\t\t<\/li>\n\t\t\t\t\t\t\t\t<li class=\"elementor-icon-list-item\">\n\t\t\t\t\t\t\t\t\t\t\t<a href=\"https:\/\/www.dropbox.com\/scl\/fo\/uaysx1wgc691npjq3tvit\/AD_qst36-aqN31xpr2kViL8?rlkey=uf1q7tbqy43vadc1bbzrnvm05&#038;st=czt19zij&#038;dl=0\" target=\"_blank\">\n\n\t\t\t\t\t\t\t\t\t\t\t\t<span class=\"elementor-icon-list-icon\">\n\t\t\t\t\t\t\t<i aria-hidden=\"true\" class=\"far fa-newspaper\"><\/i>\t\t\t\t\t\t<\/span>\n\t\t\t\t\t\t\t\t\t\t<span class=\"elementor-icon-list-text\">PRESS KIT | ZURICH<\/span>\n\t\t\t\t\t\t\t\t\t\t\t<\/a>\n\t\t\t\t\t\t\t\t\t<\/li>\n\t\t\t\t\t\t\t\t<li class=\"elementor-icon-list-item\">\n\t\t\t\t\t\t\t\t\t\t\t<a href=\"https:\/\/www.dropbox.com\/scl\/fo\/bcqyukzq4gpkk6pywldf0\/AOjcXt7VisHktNp9URKCK4M?rlkey=d9rsn9xs22pdt1ersefvevzhz&#038;st=pgrgnixy&#038;dl=0\" target=\"_blank\">\n\n\t\t\t\t\t\t\t\t\t\t\t\t<span class=\"elementor-icon-list-icon\">\n\t\t\t\t\t\t\t<i aria-hidden=\"true\" class=\"far fa-newspaper\"><\/i>\t\t\t\t\t\t<\/span>\n\t\t\t\t\t\t\t\t\t\t<span class=\"elementor-icon-list-text\">PRESS KIT | FR<\/span>\n\t\t\t\t\t\t\t\t\t\t\t<\/a>\n\t\t\t\t\t\t\t\t\t<\/li>\n\t\t\t\t\t\t\t\t<li class=\"elementor-icon-list-item\">\n\t\t\t\t\t\t\t\t\t\t\t<a href=\"https:\/\/www.dropbox.com\/scl\/fo\/muihudtsqkubxto8m6bqr\/ALMNh3eHQOXq0XMPUWCeVYA?rlkey=twfm8vmu6oj2vb6sg3uvzxbcb&#038;st=89amgga1&#038;dl=0\" target=\"_blank\">\n\n\t\t\t\t\t\t\t\t\t\t\t\t<span class=\"elementor-icon-list-icon\">\n\t\t\t\t\t\t\t<i aria-hidden=\"true\" class=\"far fa-newspaper\"><\/i>\t\t\t\t\t\t<\/span>\n\t\t\t\t\t\t\t\t\t\t<span class=\"elementor-icon-list-text\">PRESS KIT | SUISSE FR<\/span>\n\t\t\t\t\t\t\t\t\t\t\t<\/a>\n\t\t\t\t\t\t\t\t\t<\/li>\n\t\t\t\t\t\t\t\t<li class=\"elementor-icon-list-item\">\n\t\t\t\t\t\t\t\t\t\t\t<a href=\"https:\/\/www.dropbox.com\/scl\/fo\/v7subrigb4ehyrfua1obm\/AP_pEynPRqKvcQjVW1NKKjs?rlkey=sde4eb16e4gu3ro3844ehrsw3&#038;st=3nfwv35e&#038;dl=0\" target=\"_blank\">\n\n\t\t\t\t\t\t\t\t\t\t\t\t<span class=\"elementor-icon-list-icon\">\n\t\t\t\t\t\t\t<i aria-hidden=\"true\" class=\"far fa-newspaper\"><\/i>\t\t\t\t\t\t<\/span>\n\t\t\t\t\t\t\t\t\t\t<span class=\"elementor-icon-list-text\">PRESS KIT | SUISSE DE<\/span>\n\t\t\t\t\t\t\t\t\t\t\t<\/a>\n\t\t\t\t\t\t\t\t\t<\/li>\n\t\t\t\t\t\t\t\t<li class=\"elementor-icon-list-item\">\n\t\t\t\t\t\t\t\t\t\t\t<a href=\"https:\/\/www.dropbox.com\/scl\/fo\/cyw7h8b2zcua9tb5xclyv\/AFIO_tGuHUrU2xZjWXb6AWY?rlkey=n2fjnqt5n4wa0zi4hj90ie1le&#038;st=65xlij9y&#038;dl=0\" target=\"_blank\">\n\n\t\t\t\t\t\t\t\t\t\t\t\t<span class=\"elementor-icon-list-icon\">\n\t\t\t\t\t\t\t<i aria-hidden=\"true\" class=\"far fa-newspaper\"><\/i>\t\t\t\t\t\t<\/span>\n\t\t\t\t\t\t\t\t\t\t<span class=\"elementor-icon-list-text\">PRESS KIT | DE &amp; \u00d6S<\/span>\n\t\t\t\t\t\t\t\t\t\t\t<\/a>\n\t\t\t\t\t\t\t\t\t<\/li>\n\t\t\t\t\t\t<\/ul>\n\t\t\t\t\t\t<\/div>\n\t\t\t\t<\/div>\n\t\t\t\t\t<\/div>\n\t\t<\/div>\n\t\t\t\t\t<\/div>\n\t\t<\/section>\n\t\t\t\t<\/div>\n\t\t","protected":false},"excerpt":{"rendered":"<p>CHRONICLES OF A WILD DECADE &amp; FREEBIRDS La Nuit de la Glisse 2025 vous invite \u00e0 une soir\u00e9e unique compos\u00e9e de deux films compl\u00e9mentaires, r\u00e9unis par une qu\u00eate commune : la recherche du moment parfait. &nbsp; La soir\u00e9e s\u2019ouvre avec Chronicles of a Wild Decade, une plong\u00e9e dans les ann\u00e9es 2010 \u00e0 travers les archives [&hellip;]<\/p>\n","protected":false},"author":1,"featured_media":17769,"parent":0,"menu_order":0,"comment_status":"closed","ping_status":"closed","template":"","meta":{"_acf_changed":false,"footnotes":""},"class_list":["post-754","page","type-page","status-publish","has-post-thumbnail","hentry"],"acf":[],"yoast_head":"<!-- This site is optimized with the Yoast SEO plugin v27.1.1 - https:\/\/yoast.com\/product\/yoast-seo-wordpress\/ -->\n<title>Presse - Human X - NDG Cinema (Nuit de la Glisse)<\/title>\n<meta name=\"description\" content=\"Presse\" \/>\n<meta name=\"robots\" content=\"index, follow, max-snippet:-1, max-image-preview:large, max-video-preview:-1\" \/>\n<link rel=\"canonical\" href=\"https:\/\/nuitdelaglisse.com\/fr\/presse\/\" \/>\n<meta property=\"og:locale\" content=\"fr_FR\" \/>\n<meta property=\"og:type\" content=\"article\" \/>\n<meta property=\"og:title\" content=\"Presse - Human X - NDG Cinema (Nuit de la Glisse)\" \/>\n<meta property=\"og:description\" content=\"Presse\" \/>\n<meta property=\"og:url\" content=\"https:\/\/nuitdelaglisse.com\/fr\/presse\/\" \/>\n<meta property=\"og:site_name\" content=\"NDG Cinema (Nuit de la Glisse)\" \/>\n<meta property=\"article:publisher\" content=\"https:\/\/www.facebook.com\/NDGcinema\/\" \/>\n<meta property=\"article:modified_time\" content=\"2025-09-30T13:48:34+00:00\" \/>\n<meta property=\"og:image\" content=\"https:\/\/nuitdelaglisse.com\/wp-content\/uploads\/2024\/04\/WhatsApp-Image-2024-04-23-at-11.10.56-2-e1713948611280.jpeg\" \/>\n\t<meta property=\"og:image:width\" content=\"1280\" \/>\n\t<meta property=\"og:image:height\" content=\"756\" \/>\n\t<meta property=\"og:image:type\" content=\"image\/jpeg\" \/>\n<meta name=\"twitter:card\" content=\"summary_large_image\" \/>\n<meta name=\"twitter:label1\" content=\"Dur\u00e9e de lecture estim\u00e9e\" \/>\n\t<meta name=\"twitter:data1\" content=\"1 minute\" \/>\n<script type=\"application\/ld+json\" class=\"yoast-schema-graph\">{\"@context\":\"https:\/\/schema.org\",\"@graph\":[{\"@type\":\"WebPage\",\"@id\":\"https:\/\/nuitdelaglisse.com\/fr\/presse\/\",\"url\":\"https:\/\/nuitdelaglisse.com\/fr\/presse\/\",\"name\":\"Presse - Human X - NDG Cinema (Nuit de la Glisse)\",\"isPartOf\":{\"@id\":\"https:\/\/nuitdelaglisse.com\/fr\/#website\"},\"primaryImageOfPage\":{\"@id\":\"https:\/\/nuitdelaglisse.com\/fr\/presse\/#primaryimage\"},\"image\":{\"@id\":\"https:\/\/nuitdelaglisse.com\/fr\/presse\/#primaryimage\"},\"thumbnailUrl\":\"https:\/\/nuitdelaglisse.com\/wp-content\/uploads\/2024\/04\/WhatsApp-Image-2024-04-23-at-11.10.56-2-e1713948611280.jpeg\",\"datePublished\":\"2018-08-29T10:04:31+00:00\",\"dateModified\":\"2025-09-30T13:48:34+00:00\",\"description\":\"Presse\",\"breadcrumb\":{\"@id\":\"https:\/\/nuitdelaglisse.com\/fr\/presse\/#breadcrumb\"},\"inLanguage\":\"fr-FR\",\"potentialAction\":[{\"@type\":\"ReadAction\",\"target\":[\"https:\/\/nuitdelaglisse.com\/fr\/presse\/\"]}]},{\"@type\":\"ImageObject\",\"inLanguage\":\"fr-FR\",\"@id\":\"https:\/\/nuitdelaglisse.com\/fr\/presse\/#primaryimage\",\"url\":\"https:\/\/nuitdelaglisse.com\/wp-content\/uploads\/2024\/04\/WhatsApp-Image-2024-04-23-at-11.10.56-2-e1713948611280.jpeg\",\"contentUrl\":\"https:\/\/nuitdelaglisse.com\/wp-content\/uploads\/2024\/04\/WhatsApp-Image-2024-04-23-at-11.10.56-2-e1713948611280.jpeg\",\"width\":1280,\"height\":756,\"caption\":\"002\"},{\"@type\":\"BreadcrumbList\",\"@id\":\"https:\/\/nuitdelaglisse.com\/fr\/presse\/#breadcrumb\",\"itemListElement\":[{\"@type\":\"ListItem\",\"position\":1,\"name\":\"Home\",\"item\":\"https:\/\/nuitdelaglisse.com\/fr\/\"},{\"@type\":\"ListItem\",\"position\":2,\"name\":\"Presse\"}]},{\"@type\":\"WebSite\",\"@id\":\"https:\/\/nuitdelaglisse.com\/fr\/#website\",\"url\":\"https:\/\/nuitdelaglisse.com\/fr\/\",\"name\":\"NDG Cinema (Nuit de la Glisse)\",\"description\":\"Official Website of Nuit de la Glisse\",\"publisher\":{\"@id\":\"https:\/\/nuitdelaglisse.com\/fr\/#organization\"},\"potentialAction\":[{\"@type\":\"SearchAction\",\"target\":{\"@type\":\"EntryPoint\",\"urlTemplate\":\"https:\/\/nuitdelaglisse.com\/fr\/?s={search_term_string}\"},\"query-input\":{\"@type\":\"PropertyValueSpecification\",\"valueRequired\":true,\"valueName\":\"search_term_string\"}}],\"inLanguage\":\"fr-FR\"},{\"@type\":\"Organization\",\"@id\":\"https:\/\/nuitdelaglisse.com\/fr\/#organization\",\"name\":\"NDG Cinema (Nuit de la Glisse)\",\"url\":\"https:\/\/nuitdelaglisse.com\/fr\/\",\"logo\":{\"@type\":\"ImageObject\",\"inLanguage\":\"fr-FR\",\"@id\":\"https:\/\/nuitdelaglisse.com\/fr\/#\/schema\/logo\/image\/\",\"url\":\"https:\/\/ndgcinema.com\/wp-content\/uploads\/2019\/09\/festival-ndg-2019.jpg\",\"contentUrl\":\"https:\/\/ndgcinema.com\/wp-content\/uploads\/2019\/09\/festival-ndg-2019.jpg\",\"width\":960,\"height\":1280,\"caption\":\"NDG Cinema (Nuit de la Glisse)\"},\"image\":{\"@id\":\"https:\/\/nuitdelaglisse.com\/fr\/#\/schema\/logo\/image\/\"},\"sameAs\":[\"https:\/\/www.facebook.com\/NDGcinema\/\",\"https:\/\/www.instagram.com\/ndgcinema\/\",\"https:\/\/www.youtube.com\/NDGCinema\"]}]}<\/script>\n<!-- \/ Yoast SEO plugin. -->","yoast_head_json":{"title":"Presse - Human X - NDG Cinema (Nuit de la Glisse)","description":"Presse","robots":{"index":"index","follow":"follow","max-snippet":"max-snippet:-1","max-image-preview":"max-image-preview:large","max-video-preview":"max-video-preview:-1"},"canonical":"https:\/\/nuitdelaglisse.com\/fr\/presse\/","og_locale":"fr_FR","og_type":"article","og_title":"Presse - Human X - NDG Cinema (Nuit de la Glisse)","og_description":"Presse","og_url":"https:\/\/nuitdelaglisse.com\/fr\/presse\/","og_site_name":"NDG Cinema (Nuit de la Glisse)","article_publisher":"https:\/\/www.facebook.com\/NDGcinema\/","article_modified_time":"2025-09-30T13:48:34+00:00","og_image":[{"width":1280,"height":756,"url":"https:\/\/nuitdelaglisse.com\/wp-content\/uploads\/2024\/04\/WhatsApp-Image-2024-04-23-at-11.10.56-2-e1713948611280.jpeg","type":"image\/jpeg"}],"twitter_card":"summary_large_image","twitter_misc":{"Dur\u00e9e de lecture estim\u00e9e":"1 minute"},"schema":{"@context":"https:\/\/schema.org","@graph":[{"@type":"WebPage","@id":"https:\/\/nuitdelaglisse.com\/fr\/presse\/","url":"https:\/\/nuitdelaglisse.com\/fr\/presse\/","name":"Presse - Human X - NDG Cinema (Nuit de la Glisse)","isPartOf":{"@id":"https:\/\/nuitdelaglisse.com\/fr\/#website"},"primaryImageOfPage":{"@id":"https:\/\/nuitdelaglisse.com\/fr\/presse\/#primaryimage"},"image":{"@id":"https:\/\/nuitdelaglisse.com\/fr\/presse\/#primaryimage"},"thumbnailUrl":"https:\/\/nuitdelaglisse.com\/wp-content\/uploads\/2024\/04\/WhatsApp-Image-2024-04-23-at-11.10.56-2-e1713948611280.jpeg","datePublished":"2018-08-29T10:04:31+00:00","dateModified":"2025-09-30T13:48:34+00:00","description":"Presse","breadcrumb":{"@id":"https:\/\/nuitdelaglisse.com\/fr\/presse\/#breadcrumb"},"inLanguage":"fr-FR","potentialAction":[{"@type":"ReadAction","target":["https:\/\/nuitdelaglisse.com\/fr\/presse\/"]}]},{"@type":"ImageObject","inLanguage":"fr-FR","@id":"https:\/\/nuitdelaglisse.com\/fr\/presse\/#primaryimage","url":"https:\/\/nuitdelaglisse.com\/wp-content\/uploads\/2024\/04\/WhatsApp-Image-2024-04-23-at-11.10.56-2-e1713948611280.jpeg","contentUrl":"https:\/\/nuitdelaglisse.com\/wp-content\/uploads\/2024\/04\/WhatsApp-Image-2024-04-23-at-11.10.56-2-e1713948611280.jpeg","width":1280,"height":756,"caption":"002"},{"@type":"BreadcrumbList","@id":"https:\/\/nuitdelaglisse.com\/fr\/presse\/#breadcrumb","itemListElement":[{"@type":"ListItem","position":1,"name":"Home","item":"https:\/\/nuitdelaglisse.com\/fr\/"},{"@type":"ListItem","position":2,"name":"Presse"}]},{"@type":"WebSite","@id":"https:\/\/nuitdelaglisse.com\/fr\/#website","url":"https:\/\/nuitdelaglisse.com\/fr\/","name":"NDG Cinema (Nuit de la Glisse)","description":"Official Website of Nuit de la Glisse","publisher":{"@id":"https:\/\/nuitdelaglisse.com\/fr\/#organization"},"potentialAction":[{"@type":"SearchAction","target":{"@type":"EntryPoint","urlTemplate":"https:\/\/nuitdelaglisse.com\/fr\/?s={search_term_string}"},"query-input":{"@type":"PropertyValueSpecification","valueRequired":true,"valueName":"search_term_string"}}],"inLanguage":"fr-FR"},{"@type":"Organization","@id":"https:\/\/nuitdelaglisse.com\/fr\/#organization","name":"NDG Cinema (Nuit de la Glisse)","url":"https:\/\/nuitdelaglisse.com\/fr\/","logo":{"@type":"ImageObject","inLanguage":"fr-FR","@id":"https:\/\/nuitdelaglisse.com\/fr\/#\/schema\/logo\/image\/","url":"https:\/\/ndgcinema.com\/wp-content\/uploads\/2019\/09\/festival-ndg-2019.jpg","contentUrl":"https:\/\/ndgcinema.com\/wp-content\/uploads\/2019\/09\/festival-ndg-2019.jpg","width":960,"height":1280,"caption":"NDG Cinema (Nuit de la Glisse)"},"image":{"@id":"https:\/\/nuitdelaglisse.com\/fr\/#\/schema\/logo\/image\/"},"sameAs":["https:\/\/www.facebook.com\/NDGcinema\/","https:\/\/www.instagram.com\/ndgcinema\/","https:\/\/www.youtube.com\/NDGCinema"]}]}},"_links":{"self":[{"href":"https:\/\/nuitdelaglisse.com\/fr\/wp-json\/wp\/v2\/pages\/754","targetHints":{"allow":["GET"]}}],"collection":[{"href":"https:\/\/nuitdelaglisse.com\/fr\/wp-json\/wp\/v2\/pages"}],"about":[{"href":"https:\/\/nuitdelaglisse.com\/fr\/wp-json\/wp\/v2\/types\/page"}],"author":[{"embeddable":true,"href":"https:\/\/nuitdelaglisse.com\/fr\/wp-json\/wp\/v2\/users\/1"}],"replies":[{"embeddable":true,"href":"https:\/\/nuitdelaglisse.com\/fr\/wp-json\/wp\/v2\/comments?post=754"}],"version-history":[{"count":3,"href":"https:\/\/nuitdelaglisse.com\/fr\/wp-json\/wp\/v2\/pages\/754\/revisions"}],"predecessor-version":[{"id":26150,"href":"https:\/\/nuitdelaglisse.com\/fr\/wp-json\/wp\/v2\/pages\/754\/revisions\/26150"}],"wp:featuredmedia":[{"embeddable":true,"href":"https:\/\/nuitdelaglisse.com\/fr\/wp-json\/wp\/v2\/media\/17769"}],"wp:attachment":[{"href":"https:\/\/nuitdelaglisse.com\/fr\/wp-json\/wp\/v2\/media?parent=754"}],"curies":[{"name":"wp","href":"https:\/\/api.w.org\/{rel}","templated":true}]}}