



 



 



 {"id":359,"date":"2018-08-27T18:33:09","date_gmt":"2018-08-27T16:33:09","guid":{"rendered":"https:\/\/tmp2.novelar.fr\/contact\/"},"modified":"2024-08-26T14:24:17","modified_gmt":"2024-08-26T12:24:17","slug":"contact","status":"publish","type":"page","link":"https:\/\/nuitdelaglisse.com\/fr\/contact\/","title":{"rendered":"Contact"},"content":{"rendered":"\t\t<div data-elementor-type=\"wp-post\" data-elementor-id=\"359\" class=\"elementor elementor-359 elementor-328\" data-elementor-post-type=\"page\">\n\t\t\t\t\t\t<section class=\"elementor-section elementor-top-section elementor-element elementor-element-1fff13c header-nuages elementor-section-boxed elementor-section-height-default elementor-section-height-default\" data-id=\"1fff13c\" data-element_type=\"section\" data-e-type=\"section\" data-settings=\"{&quot;background_background&quot;:&quot;classic&quot;,&quot;background_motion_fx_motion_fx_mouse&quot;:&quot;yes&quot;,&quot;background_motion_fx_mouseTrack_effect&quot;:&quot;yes&quot;,&quot;background_motion_fx_mouseTrack_speed&quot;:{&quot;unit&quot;:&quot;px&quot;,&quot;size&quot;:1,&quot;sizes&quot;:[]}}\">\n\t\t\t\t\t\t<div class=\"elementor-container elementor-column-gap-default\">\n\t\t\t\t\t<div class=\"elementor-column elementor-col-100 elementor-top-column elementor-element elementor-element-50c7073\" data-id=\"50c7073\" data-element_type=\"column\" data-e-type=\"column\">\n\t\t\t<div class=\"elementor-widget-wrap elementor-element-populated\">\n\t\t\t\t\t\t<div class=\"elementor-element elementor-element-b6efe9f elementor-widget-divider--view-line elementor-widget elementor-widget-divider\" data-id=\"b6efe9f\" data-element_type=\"widget\" data-e-type=\"widget\" data-widget_type=\"divider.default\">\n\t\t\t\t<div class=\"elementor-widget-container\">\n\t\t\t\t\t\t\t<div class=\"elementor-divider\">\n\t\t\t<span class=\"elementor-divider-separator\">\n\t\t\t\t\t\t<\/span>\n\t\t<\/div>\n\t\t\t\t\t\t<\/div>\n\t\t\t\t<\/div>\n\t\t\t\t\t<\/div>\n\t\t<\/div>\n\t\t\t\t\t<\/div>\n\t\t<\/section>\n\t\t\t\t<section class=\"elementor-section elementor-top-section elementor-element elementor-element-9dc2b2a elementor-section-boxed elementor-section-height-default elementor-section-height-default\" data-id=\"9dc2b2a\" data-element_type=\"section\" data-e-type=\"section\">\n\t\t\t\t\t\t<div class=\"elementor-container elementor-column-gap-default\">\n\t\t\t\t\t<div class=\"elementor-column elementor-col-50 elementor-top-column elementor-element elementor-element-904037f\" data-id=\"904037f\" data-element_type=\"column\" data-e-type=\"column\">\n\t\t\t<div class=\"elementor-widget-wrap elementor-element-populated\">\n\t\t\t\t\t\t<div class=\"elementor-element elementor-element-fa6b611 elementor-view-default elementor-position-block-start elementor-mobile-position-block-start elementor-widget elementor-widget-icon-box\" data-id=\"fa6b611\" data-element_type=\"widget\" data-e-type=\"widget\" data-widget_type=\"icon-box.default\">\n\t\t\t\t<div class=\"elementor-widget-container\">\n\t\t\t\t\t\t\t<div class=\"elementor-icon-box-wrapper\">\n\n\t\t\t\t\t\t<div class=\"elementor-icon-box-icon\">\n\t\t\t\t<span  class=\"elementor-icon\">\n\t\t\t\t<svg xmlns=\"http:\/\/www.w3.org\/2000\/svg\" id=\"f43807e4-99af-44dd-b731-406e7ec48632\" data-name=\"Calque 1\" width=\"100\" height=\"100\" viewBox=\"0 0 100 100\"><path d=\"M50,81.05,33.14,52.24a38.86,38.86,0,0,1-3.45-9.6c-1.52-7.12-.29-12.91,3.55-16.76a23.73,23.73,0,0,1,33.52,0c3.84,3.85,5.07,9.64,3.55,16.76a38.81,38.81,0,0,1-3.44,9.58ZM50,20.3a22.33,22.33,0,0,0-15.81,6.53c-8.52,8.53,0,24.58.12,24.75L50,78.38,65.7,51.56c.08-.15,8.63-16.2.11-24.73A22.33,22.33,0,0,0,50,20.3Z\"><\/path><path d=\"M50,47.42,42.08,39.5,50,31.58l7.92,7.92ZM44,39.5l6,6,6-6-6-6Z\"><\/path><\/svg>\t\t\t\t<\/span>\n\t\t\t<\/div>\n\t\t\t\n\t\t\t\t\t\t<div class=\"elementor-icon-box-content\">\n\n\t\t\t\t\t\t\t\t\t<h3 class=\"elementor-icon-box-title\">\n\t\t\t\t\t\t<span  >\n\t\t\t\t\t\t\tAdresse postale\t\t\t\t\t\t<\/span>\n\t\t\t\t\t<\/h3>\n\t\t\t\t\n\t\t\t\t\t\t\t\t\t<p class=\"elementor-icon-box-description\">\n\t\t\t\t\t\t<b>NDG CINEMA<\/b><br>Chemin de la Vaudaire 6<br>1297 Founex,<br>SWITZERLAND\t\t\t\t\t<\/p>\n\t\t\t\t\n\t\t\t<\/div>\n\t\t\t\n\t\t<\/div>\n\t\t\t\t\t\t<\/div>\n\t\t\t\t<\/div>\n\t\t\t\t\t<\/div>\n\t\t<\/div>\n\t\t\t\t<div class=\"elementor-column elementor-col-50 elementor-top-column elementor-element elementor-element-d03ba98\" data-id=\"d03ba98\" data-element_type=\"column\" data-e-type=\"column\">\n\t\t\t<div class=\"elementor-widget-wrap elementor-element-populated\">\n\t\t\t\t\t\t<div class=\"elementor-element elementor-element-48c08e3 elementor-view-default elementor-position-block-start elementor-mobile-position-block-start elementor-widget elementor-widget-icon-box\" data-id=\"48c08e3\" data-element_type=\"widget\" data-e-type=\"widget\" data-widget_type=\"icon-box.default\">\n\t\t\t\t<div class=\"elementor-widget-container\">\n\t\t\t\t\t\t\t<div class=\"elementor-icon-box-wrapper\">\n\n\t\t\t\t\t\t<div class=\"elementor-icon-box-icon\">\n\t\t\t\t<span  class=\"elementor-icon\">\n\t\t\t\t<svg xmlns=\"http:\/\/www.w3.org\/2000\/svg\" id=\"b41e4c44-4aac-41a8-b256-352b09c3cf07\" data-name=\"Calque 1\" width=\"100\" height=\"100\" viewBox=\"0 0 100 100\"><path d=\"M60.31,31.68V27.62l3.16-8.44-1.26-.48-3,8.13H40.83l-3-8.13-1.26.48,3.16,8.44v4.06L33.21,52.2,50,81.3,66.79,52.2ZM59,28.18v2.93H41V28.18Zm-18.1,4.28H59.14L65.32,52,50.67,77.43V52.73a3.88,3.88,0,1,0-1.34,0v24.7L34.68,52Zm9.14,19a2.54,2.54,0,1,1,2.54-2.54A2.54,2.54,0,0,1,50,51.45Z\"><\/path><\/svg>\t\t\t\t<\/span>\n\t\t\t<\/div>\n\t\t\t\n\t\t\t\t\t\t<div class=\"elementor-icon-box-content\">\n\n\t\t\t\t\t\t\t\t\t<h3 class=\"elementor-icon-box-title\">\n\t\t\t\t\t\t<span  >\n\t\t\t\t\t\t\tMail\t\t\t\t\t\t<\/span>\n\t\t\t\t\t<\/h3>\n\t\t\t\t\n\t\t\t\t\t\t\t\t\t<p class=\"elementor-icon-box-description\">\n\t\t\t\t\t\t<a>contact@ndgcinema.com<\/a>\t\t\t\t\t<\/p>\n\t\t\t\t\n\t\t\t<\/div>\n\t\t\t\n\t\t<\/div>\n\t\t\t\t\t\t<\/div>\n\t\t\t\t<\/div>\n\t\t\t\t\t<\/div>\n\t\t<\/div>\n\t\t\t\t\t<\/div>\n\t\t<\/section>\n\t\t\t\t<section class=\"elementor-section elementor-top-section elementor-element elementor-element-7deafdd elementor-section-stretched elementor-section-content-middle elementor-section-boxed elementor-section-height-default elementor-section-height-default\" data-id=\"7deafdd\" data-element_type=\"section\" data-e-type=\"section\" data-settings=\"{&quot;stretch_section&quot;:&quot;section-stretched&quot;,&quot;background_background&quot;:&quot;classic&quot;}\">\n\t\t\t\t\t\t<div class=\"elementor-container elementor-column-gap-default\">\n\t\t\t\t\t<div class=\"elementor-column elementor-col-100 elementor-top-column elementor-element elementor-element-956fddc\" data-id=\"956fddc\" data-element_type=\"column\" data-e-type=\"column\">\n\t\t\t<div class=\"elementor-widget-wrap elementor-element-populated\">\n\t\t\t\t\t\t<div class=\"elementor-element elementor-element-da1aaca elementor-widget elementor-widget-heading\" data-id=\"da1aaca\" data-element_type=\"widget\" data-e-type=\"widget\" data-widget_type=\"heading.default\">\n\t\t\t\t<div class=\"elementor-widget-container\">\n\t\t\t\t\t<h2 class=\"elementor-heading-title elementor-size-default\">Contactez-nous<\/h2>\t\t\t\t<\/div>\n\t\t\t\t<\/div>\n\t\t\t\t<div class=\"elementor-element elementor-element-65515c7 elementor-button-align-stretch elementor-widget elementor-widget-form\" data-id=\"65515c7\" data-element_type=\"widget\" data-e-type=\"widget\" data-settings=\"{&quot;step_next_label&quot;:&quot;Suivant&quot;,&quot;step_previous_label&quot;:&quot;Pr\\u00e9c\\u00e9dent&quot;,&quot;button_width&quot;:&quot;100&quot;,&quot;step_type&quot;:&quot;number_text&quot;,&quot;step_icon_shape&quot;:&quot;circle&quot;}\" data-widget_type=\"form.default\">\n\t\t\t\t<div class=\"elementor-widget-container\">\n\t\t\t\t\t\t\t<form class=\"elementor-form\" method=\"post\" name=\"Contact Form\" aria-label=\"Contact Form\">\n\t\t\t<input type=\"hidden\" name=\"post_id\" value=\"359\"\/>\n\t\t\t<input type=\"hidden\" name=\"form_id\" value=\"65515c7\"\/>\n\t\t\t<input type=\"hidden\" name=\"referer_title\" value=\"Contact - NDG Cinema (Nuit de la Glisse)\" \/>\n\n\t\t\t\t\t\t\t<input type=\"hidden\" name=\"queried_id\" value=\"359\"\/>\n\t\t\t\n\t\t\t<div class=\"elementor-form-fields-wrapper elementor-labels-above\">\n\t\t\t\t\t\t\t\t<div class=\"elementor-field-type-text elementor-field-group elementor-column elementor-field-group-name elementor-col-100 elementor-field-required elementor-mark-required\">\n\t\t\t\t\t\t\t\t\t\t\t\t<label for=\"form-field-name\" class=\"elementor-field-label\">\n\t\t\t\t\t\t\t\tNom\t\t\t\t\t\t\t<\/label>\n\t\t\t\t\t\t\t\t\t\t\t\t\t\t<input size=\"1\" type=\"text\" name=\"form_fields[name]\" id=\"form-field-name\" class=\"elementor-field elementor-size-sm  elementor-field-textual\" placeholder=\"Nom\" required=\"required\">\n\t\t\t\t\t\t\t\t\t\t\t<\/div>\n\t\t\t\t\t\t\t\t<div class=\"elementor-field-type-tel elementor-field-group elementor-column elementor-field-group-phone elementor-col-100\">\n\t\t\t\t\t\t\t\t\t\t\t\t<label for=\"form-field-phone\" class=\"elementor-field-label\">\n\t\t\t\t\t\t\t\tPhone\t\t\t\t\t\t\t<\/label>\n\t\t\t\t\t\t\t\t<input size=\"1\" type=\"tel\" name=\"form_fields[phone]\" id=\"form-field-phone\" class=\"elementor-field elementor-size-sm  elementor-field-textual\" placeholder=\"Phone\" pattern=\"[0-9()#&amp;+*-=.]+\" title=\"Seuls les caract\u00e8res de num\u00e9ros de t\u00e9l\u00e9phone (#, -, *, etc.) sont accept\u00e9s.\">\n\n\t\t\t\t\t\t<\/div>\n\t\t\t\t\t\t\t\t<div class=\"elementor-field-type-email elementor-field-group elementor-column elementor-field-group-email elementor-col-100 elementor-field-required elementor-mark-required\">\n\t\t\t\t\t\t\t\t\t\t\t\t<label for=\"form-field-email\" class=\"elementor-field-label\">\n\t\t\t\t\t\t\t\tE-mail\t\t\t\t\t\t\t<\/label>\n\t\t\t\t\t\t\t\t\t\t\t\t\t\t<input size=\"1\" type=\"email\" name=\"form_fields[email]\" id=\"form-field-email\" class=\"elementor-field elementor-size-sm  elementor-field-textual\" placeholder=\"E-mail\" required=\"required\">\n\t\t\t\t\t\t\t\t\t\t\t<\/div>\n\t\t\t\t\t\t\t\t<div class=\"elementor-field-type-textarea elementor-field-group elementor-column elementor-field-group-message elementor-col-100\">\n\t\t\t\t\t\t\t\t\t\t\t\t<label for=\"form-field-message\" class=\"elementor-field-label\">\n\t\t\t\t\t\t\t\tMessage\t\t\t\t\t\t\t<\/label>\n\t\t\t\t\t\t<textarea class=\"elementor-field-textual elementor-field  elementor-size-sm\" name=\"form_fields[message]\" id=\"form-field-message\" rows=\"4\" placeholder=\"Message\"><\/textarea>\t\t\t\t<\/div>\n\t\t\t\t\t\t\t\t<div class=\"elementor-field-type-recaptcha_v3 elementor-field-group elementor-column elementor-field-group-field_587ed83 elementor-col-100 recaptcha_v3-bottomright\">\n\t\t\t\t\t<div class=\"elementor-field\" id=\"form-field-field_587ed83\"><div class=\"elementor-g-recaptcha\" data-sitekey=\"6LfvvugcAAAAANNBYpQSa3PxfkegXh5dJ5k8drv2\" data-type=\"v3\" data-action=\"Form\" data-badge=\"bottomright\" data-size=\"invisible\"><\/div><\/div>\t\t\t\t<\/div>\n\t\t\t\t\t\t\t\t<div class=\"elementor-field-type-text\">\n\t\t\t\t\t<input size=\"1\" type=\"text\" name=\"form_fields[field_59d03e8]\" id=\"form-field-field_59d03e8\" class=\"elementor-field elementor-size-sm \" style=\"display:none !important;\">\t\t\t\t<\/div>\n\t\t\t\t\t\t\t\t<div class=\"elementor-field-group elementor-column elementor-field-type-submit elementor-col-100 e-form__buttons\">\n\t\t\t\t\t<button class=\"elementor-button elementor-size-sm\" type=\"submit\">\n\t\t\t\t\t\t<span class=\"elementor-button-content-wrapper\">\n\t\t\t\t\t\t\t\t\t\t\t\t\t\t\t\t\t\t\t\t\t\t<span class=\"elementor-button-text\">Envoyer<\/span>\n\t\t\t\t\t\t\t\t\t\t\t\t\t<\/span>\n\t\t\t\t\t<\/button>\n\t\t\t\t<\/div>\n\t\t\t<\/div>\n\t\t<\/form>\n\t\t\t\t\t\t<\/div>\n\t\t\t\t<\/div>\n\t\t\t\t<div class=\"elementor-element elementor-element-3392350 elementor-widget elementor-widget-spacer\" data-id=\"3392350\" data-element_type=\"widget\" data-e-type=\"widget\" data-widget_type=\"spacer.default\">\n\t\t\t\t<div class=\"elementor-widget-container\">\n\t\t\t\t\t\t\t<div class=\"elementor-spacer\">\n\t\t\t<div class=\"elementor-spacer-inner\"><\/div>\n\t\t<\/div>\n\t\t\t\t\t\t<\/div>\n\t\t\t\t<\/div>\n\t\t\t\t\t<\/div>\n\t\t<\/div>\n\t\t\t\t\t<\/div>\n\t\t<\/section>\n\t\t\t\t<section class=\"elementor-section elementor-top-section elementor-element elementor-element-58d9cce elementor-section-stretched elementor-section-full_width elementor-section-height-default elementor-section-height-default\" data-id=\"58d9cce\" data-element_type=\"section\" data-e-type=\"section\" data-settings=\"{&quot;stretch_section&quot;:&quot;section-stretched&quot;,&quot;shape_divider_top&quot;:&quot;tilt&quot;}\">\n\t\t\t\t\t<div class=\"elementor-shape elementor-shape-top\" aria-hidden=\"true\" data-negative=\"false\">\n\t\t\t<svg xmlns=\"http:\/\/www.w3.org\/2000\/svg\" viewBox=\"0 0 1000 100\" preserveAspectRatio=\"none\">\n\t<path class=\"elementor-shape-fill\" d=\"M0,6V0h1000v100L0,6z\"\/>\n<\/svg>\t\t<\/div>\n\t\t\t\t\t<div class=\"elementor-container elementor-column-gap-default\">\n\t\t\t\t\t<div class=\"elementor-column elementor-col-100 elementor-top-column elementor-element elementor-element-f356dab\" data-id=\"f356dab\" data-element_type=\"column\" data-e-type=\"column\">\n\t\t\t<div class=\"elementor-widget-wrap elementor-element-populated\">\n\t\t\t\t\t\t<div class=\"elementor-element elementor-element-13d51e9 elementor-widget elementor-widget-google_maps\" data-id=\"13d51e9\" data-element_type=\"widget\" data-e-type=\"widget\" data-widget_type=\"google_maps.default\">\n\t\t\t\t<div class=\"elementor-widget-container\">\n\t\t\t\t\t\t\t<div class=\"elementor-custom-embed\">\n\t\t\t<iframe loading=\"lazy\"\n\t\t\t\t\tsrc=\"https:\/\/www.google.com\/maps\/embed\/v1\/place?key=AIzaSyCpZ-f-Ipq9K2-FBeVbQ60hXokwdtGvSOc&#038;q=Chemin%20de%20la%20Vaudaire%206%2C%201297%20Founex%2C%20Suisse&#038;zoom=10\"\n\t\t\t\t\ttitle=\"Chemin de la Vaudaire 6, 1297 Founex, Suisse\"\n\t\t\t\t\taria-label=\"Chemin de la Vaudaire 6, 1297 Founex, Suisse\"\n\t\t\t><\/iframe>\n\t\t<\/div>\n\t\t\t\t\t\t<\/div>\n\t\t\t\t<\/div>\n\t\t\t\t\t<\/div>\n\t\t<\/div>\n\t\t\t\t\t<\/div>\n\t\t<\/section>\n\t\t\t\t<\/div>\n\t\t","protected":false},"excerpt":{"rendered":"<p>Adresse postale NDG CINEMAChemin de la Vaudaire 61297 Founex,SWITZERLAND Mail<\/p>\n","protected":false},"author":1,"featured_media":17404,"parent":0,"menu_order":0,"comment_status":"closed","ping_status":"closed","template":"","meta":{"_acf_changed":false,"footnotes":""},"class_list":["post-359","page","type-page","status-publish","has-post-thumbnail","hentry"],"acf":[],"yoast_head":"<!-- This site is optimized with the Yoast SEO plugin v27.1.1 - https:\/\/yoast.com\/product\/yoast-seo-wordpress\/ -->\n<title>Contact - NDG Cinema (Nuit de la Glisse)<\/title>\n<meta name=\"description\" content=\"Contact\" \/>\n<meta name=\"robots\" content=\"index, follow, max-snippet:-1, max-image-preview:large, max-video-preview:-1\" \/>\n<link rel=\"canonical\" href=\"https:\/\/nuitdelaglisse.com\/fr\/contact\/\" \/>\n<meta property=\"og:locale\" content=\"fr_FR\" \/>\n<meta property=\"og:type\" content=\"article\" \/>\n<meta property=\"og:title\" content=\"Contact - NDG Cinema (Nuit de la Glisse)\" \/>\n<meta property=\"og:description\" content=\"Contact\" \/>\n<meta property=\"og:url\" content=\"https:\/\/nuitdelaglisse.com\/fr\/contact\/\" \/>\n<meta property=\"og:site_name\" content=\"NDG Cinema (Nuit de la Glisse)\" \/>\n<meta property=\"article:publisher\" content=\"https:\/\/www.facebook.com\/NDGcinema\/\" \/>\n<meta property=\"article:modified_time\" content=\"2024-08-26T12:24:17+00:00\" \/>\n<meta property=\"og:image\" content=\"https:\/\/nuitdelaglisse.com\/wp-content\/uploads\/2024\/01\/NDGCINEMA_HUMAN_EXTREME_SPEEDRIDING_AIGUILLE_DU_MIDI_2350_Teddy_Morellec.jpg\" \/>\n\t<meta property=\"og:image:width\" content=\"1619\" \/>\n\t<meta property=\"og:image:height\" content=\"1080\" \/>\n\t<meta property=\"og:image:type\" content=\"image\/jpeg\" \/>\n<meta name=\"twitter:card\" content=\"summary_large_image\" \/>\n<meta name=\"twitter:label1\" content=\"Dur\u00e9e de lecture estim\u00e9e\" \/>\n\t<meta name=\"twitter:data1\" content=\"1 minute\" \/>\n<script type=\"application\/ld+json\" class=\"yoast-schema-graph\">{\"@context\":\"https:\/\/schema.org\",\"@graph\":[{\"@type\":\"WebPage\",\"@id\":\"https:\/\/nuitdelaglisse.com\/fr\/contact\/\",\"url\":\"https:\/\/nuitdelaglisse.com\/fr\/contact\/\",\"name\":\"Contact - NDG Cinema (Nuit de la Glisse)\",\"isPartOf\":{\"@id\":\"https:\/\/nuitdelaglisse.com\/fr\/#website\"},\"primaryImageOfPage\":{\"@id\":\"https:\/\/nuitdelaglisse.com\/fr\/contact\/#primaryimage\"},\"image\":{\"@id\":\"https:\/\/nuitdelaglisse.com\/fr\/contact\/#primaryimage\"},\"thumbnailUrl\":\"https:\/\/nuitdelaglisse.com\/wp-content\/uploads\/2024\/01\/NDGCINEMA_HUMAN_EXTREME_SPEEDRIDING_AIGUILLE_DU_MIDI_2350_Teddy_Morellec.jpg\",\"datePublished\":\"2018-08-27T16:33:09+00:00\",\"dateModified\":\"2024-08-26T12:24:17+00:00\",\"description\":\"Contact\",\"breadcrumb\":{\"@id\":\"https:\/\/nuitdelaglisse.com\/fr\/contact\/#breadcrumb\"},\"inLanguage\":\"fr-FR\",\"potentialAction\":[{\"@type\":\"ReadAction\",\"target\":[\"https:\/\/nuitdelaglisse.com\/fr\/contact\/\"]}]},{\"@type\":\"ImageObject\",\"inLanguage\":\"fr-FR\",\"@id\":\"https:\/\/nuitdelaglisse.com\/fr\/contact\/#primaryimage\",\"url\":\"https:\/\/nuitdelaglisse.com\/wp-content\/uploads\/2024\/01\/NDGCINEMA_HUMAN_EXTREME_SPEEDRIDING_AIGUILLE_DU_MIDI_2350_Teddy_Morellec.jpg\",\"contentUrl\":\"https:\/\/nuitdelaglisse.com\/wp-content\/uploads\/2024\/01\/NDGCINEMA_HUMAN_EXTREME_SPEEDRIDING_AIGUILLE_DU_MIDI_2350_Teddy_Morellec.jpg\",\"width\":1619,\"height\":1080,\"caption\":\"005\"},{\"@type\":\"BreadcrumbList\",\"@id\":\"https:\/\/nuitdelaglisse.com\/fr\/contact\/#breadcrumb\",\"itemListElement\":[{\"@type\":\"ListItem\",\"position\":1,\"name\":\"Home\",\"item\":\"https:\/\/nuitdelaglisse.com\/fr\/\"},{\"@type\":\"ListItem\",\"position\":2,\"name\":\"Contact\"}]},{\"@type\":\"WebSite\",\"@id\":\"https:\/\/nuitdelaglisse.com\/fr\/#website\",\"url\":\"https:\/\/nuitdelaglisse.com\/fr\/\",\"name\":\"NDG Cinema (Nuit de la Glisse)\",\"description\":\"Official Website of Nuit de la Glisse\",\"publisher\":{\"@id\":\"https:\/\/nuitdelaglisse.com\/fr\/#organization\"},\"potentialAction\":[{\"@type\":\"SearchAction\",\"target\":{\"@type\":\"EntryPoint\",\"urlTemplate\":\"https:\/\/nuitdelaglisse.com\/fr\/?s={search_term_string}\"},\"query-input\":{\"@type\":\"PropertyValueSpecification\",\"valueRequired\":true,\"valueName\":\"search_term_string\"}}],\"inLanguage\":\"fr-FR\"},{\"@type\":\"Organization\",\"@id\":\"https:\/\/nuitdelaglisse.com\/fr\/#organization\",\"name\":\"NDG Cinema (Nuit de la Glisse)\",\"url\":\"https:\/\/nuitdelaglisse.com\/fr\/\",\"logo\":{\"@type\":\"ImageObject\",\"inLanguage\":\"fr-FR\",\"@id\":\"https:\/\/nuitdelaglisse.com\/fr\/#\/schema\/logo\/image\/\",\"url\":\"https:\/\/ndgcinema.com\/wp-content\/uploads\/2019\/09\/festival-ndg-2019.jpg\",\"contentUrl\":\"https:\/\/ndgcinema.com\/wp-content\/uploads\/2019\/09\/festival-ndg-2019.jpg\",\"width\":960,\"height\":1280,\"caption\":\"NDG Cinema (Nuit de la Glisse)\"},\"image\":{\"@id\":\"https:\/\/nuitdelaglisse.com\/fr\/#\/schema\/logo\/image\/\"},\"sameAs\":[\"https:\/\/www.facebook.com\/NDGcinema\/\",\"https:\/\/www.instagram.com\/ndgcinema\/\",\"https:\/\/www.youtube.com\/NDGCinema\"]}]}<\/script>\n<!-- \/ Yoast SEO plugin. -->","yoast_head_json":{"title":"Contact - NDG Cinema (Nuit de la Glisse)","description":"Contact","robots":{"index":"index","follow":"follow","max-snippet":"max-snippet:-1","max-image-preview":"max-image-preview:large","max-video-preview":"max-video-preview:-1"},"canonical":"https:\/\/nuitdelaglisse.com\/fr\/contact\/","og_locale":"fr_FR","og_type":"article","og_title":"Contact - NDG Cinema (Nuit de la Glisse)","og_description":"Contact","og_url":"https:\/\/nuitdelaglisse.com\/fr\/contact\/","og_site_name":"NDG Cinema (Nuit de la Glisse)","article_publisher":"https:\/\/www.facebook.com\/NDGcinema\/","article_modified_time":"2024-08-26T12:24:17+00:00","og_image":[{"width":1619,"height":1080,"url":"https:\/\/nuitdelaglisse.com\/wp-content\/uploads\/2024\/01\/NDGCINEMA_HUMAN_EXTREME_SPEEDRIDING_AIGUILLE_DU_MIDI_2350_Teddy_Morellec.jpg","type":"image\/jpeg"}],"twitter_card":"summary_large_image","twitter_misc":{"Dur\u00e9e de lecture estim\u00e9e":"1 minute"},"schema":{"@context":"https:\/\/schema.org","@graph":[{"@type":"WebPage","@id":"https:\/\/nuitdelaglisse.com\/fr\/contact\/","url":"https:\/\/nuitdelaglisse.com\/fr\/contact\/","name":"Contact - NDG Cinema (Nuit de la Glisse)","isPartOf":{"@id":"https:\/\/nuitdelaglisse.com\/fr\/#website"},"primaryImageOfPage":{"@id":"https:\/\/nuitdelaglisse.com\/fr\/contact\/#primaryimage"},"image":{"@id":"https:\/\/nuitdelaglisse.com\/fr\/contact\/#primaryimage"},"thumbnailUrl":"https:\/\/nuitdelaglisse.com\/wp-content\/uploads\/2024\/01\/NDGCINEMA_HUMAN_EXTREME_SPEEDRIDING_AIGUILLE_DU_MIDI_2350_Teddy_Morellec.jpg","datePublished":"2018-08-27T16:33:09+00:00","dateModified":"2024-08-26T12:24:17+00:00","description":"Contact","breadcrumb":{"@id":"https:\/\/nuitdelaglisse.com\/fr\/contact\/#breadcrumb"},"inLanguage":"fr-FR","potentialAction":[{"@type":"ReadAction","target":["https:\/\/nuitdelaglisse.com\/fr\/contact\/"]}]},{"@type":"ImageObject","inLanguage":"fr-FR","@id":"https:\/\/nuitdelaglisse.com\/fr\/contact\/#primaryimage","url":"https:\/\/nuitdelaglisse.com\/wp-content\/uploads\/2024\/01\/NDGCINEMA_HUMAN_EXTREME_SPEEDRIDING_AIGUILLE_DU_MIDI_2350_Teddy_Morellec.jpg","contentUrl":"https:\/\/nuitdelaglisse.com\/wp-content\/uploads\/2024\/01\/NDGCINEMA_HUMAN_EXTREME_SPEEDRIDING_AIGUILLE_DU_MIDI_2350_Teddy_Morellec.jpg","width":1619,"height":1080,"caption":"005"},{"@type":"BreadcrumbList","@id":"https:\/\/nuitdelaglisse.com\/fr\/contact\/#breadcrumb","itemListElement":[{"@type":"ListItem","position":1,"name":"Home","item":"https:\/\/nuitdelaglisse.com\/fr\/"},{"@type":"ListItem","position":2,"name":"Contact"}]},{"@type":"WebSite","@id":"https:\/\/nuitdelaglisse.com\/fr\/#website","url":"https:\/\/nuitdelaglisse.com\/fr\/","name":"NDG Cinema (Nuit de la Glisse)","description":"Official Website of Nuit de la Glisse","publisher":{"@id":"https:\/\/nuitdelaglisse.com\/fr\/#organization"},"potentialAction":[{"@type":"SearchAction","target":{"@type":"EntryPoint","urlTemplate":"https:\/\/nuitdelaglisse.com\/fr\/?s={search_term_string}"},"query-input":{"@type":"PropertyValueSpecification","valueRequired":true,"valueName":"search_term_string"}}],"inLanguage":"fr-FR"},{"@type":"Organization","@id":"https:\/\/nuitdelaglisse.com\/fr\/#organization","name":"NDG Cinema (Nuit de la Glisse)","url":"https:\/\/nuitdelaglisse.com\/fr\/","logo":{"@type":"ImageObject","inLanguage":"fr-FR","@id":"https:\/\/nuitdelaglisse.com\/fr\/#\/schema\/logo\/image\/","url":"https:\/\/ndgcinema.com\/wp-content\/uploads\/2019\/09\/festival-ndg-2019.jpg","contentUrl":"https:\/\/ndgcinema.com\/wp-content\/uploads\/2019\/09\/festival-ndg-2019.jpg","width":960,"height":1280,"caption":"NDG Cinema (Nuit de la Glisse)"},"image":{"@id":"https:\/\/nuitdelaglisse.com\/fr\/#\/schema\/logo\/image\/"},"sameAs":["https:\/\/www.facebook.com\/NDGcinema\/","https:\/\/www.instagram.com\/ndgcinema\/","https:\/\/www.youtube.com\/NDGCinema"]}]}},"_links":{"self":[{"href":"https:\/\/nuitdelaglisse.com\/fr\/wp-json\/wp\/v2\/pages\/359","targetHints":{"allow":["GET"]}}],"collection":[{"href":"https:\/\/nuitdelaglisse.com\/fr\/wp-json\/wp\/v2\/pages"}],"about":[{"href":"https:\/\/nuitdelaglisse.com\/fr\/wp-json\/wp\/v2\/types\/page"}],"author":[{"embeddable":true,"href":"https:\/\/nuitdelaglisse.com\/fr\/wp-json\/wp\/v2\/users\/1"}],"replies":[{"embeddable":true,"href":"https:\/\/nuitdelaglisse.com\/fr\/wp-json\/wp\/v2\/comments?post=359"}],"version-history":[{"count":0,"href":"https:\/\/nuitdelaglisse.com\/fr\/wp-json\/wp\/v2\/pages\/359\/revisions"}],"wp:featuredmedia":[{"embeddable":true,"href":"https:\/\/nuitdelaglisse.com\/fr\/wp-json\/wp\/v2\/media\/17404"}],"wp:attachment":[{"href":"https:\/\/nuitdelaglisse.com\/fr\/wp-json\/wp\/v2\/media?parent=359"}],"curies":[{"name":"wp","href":"https:\/\/api.w.org\/{rel}","templated":true}]}}