{"id":19220,"date":"2018-08-28T13:57:37","date_gmt":"2018-08-28T11:57:37","guid":{"rendered":"https:\/\/nuitdelaglisse.com\/reserver\/"},"modified":"2026-03-09T14:33:49","modified_gmt":"2026-03-09T13:33:49","slug":"reserver","status":"publish","type":"page","link":"https:\/\/nuitdelaglisse.com\/fr\/reserver\/","title":{"rendered":"R\u00e9server"},"content":{"rendered":"\t\t<div data-elementor-type=\"wp-post\" data-elementor-id=\"19220\" class=\"elementor elementor-19220 elementor-390\" data-elementor-post-type=\"page\">\n\t\t\t\t<div class=\"elementor-element elementor-element-86b5ddc e-con-full e-flex e-con e-parent\" data-id=\"86b5ddc\" data-element_type=\"container\" data-e-type=\"container\" data-settings=\"{&quot;background_background&quot;:&quot;classic&quot;}\">\n\t\t<div class=\"elementor-element elementor-element-cd9ba12 e-flex e-con-boxed e-con e-child\" data-id=\"cd9ba12\" data-element_type=\"container\" data-e-type=\"container\">\n\t\t\t\t\t<div class=\"e-con-inner\">\n\t\t\t\t<div class=\"elementor-element elementor-element-6269c64 elementor-widget elementor-widget-heading\" data-id=\"6269c64\" data-element_type=\"widget\" data-e-type=\"widget\" data-widget_type=\"heading.default\">\n\t\t\t\t<div class=\"elementor-widget-container\">\n\t\t\t\t\t<h1 class=\"elementor-heading-title elementor-size-default\">MERCI \u00c0 TOUTES ET TOUS !<\/h1>\t\t\t\t<\/div>\n\t\t\t\t<\/div>\n\t\t\t\t<div class=\"elementor-element elementor-element-9f6bf92 elementor-widget elementor-widget-heading\" data-id=\"9f6bf92\" data-element_type=\"widget\" data-e-type=\"widget\" data-widget_type=\"heading.default\">\n\t\t\t\t<div class=\"elementor-widget-container\">\n\t\t\t\t\t<p class=\"elementor-heading-title elementor-size-default\">L'exploitation cin\u00e9ma de La Nuit de la Glisse 2025 vient de s'achever, et quelle aventure !<br><br>Des salles pleines, des rencontres inoubliables et une \u00e9nergie incroyable partag\u00e9e avec vous.<br><br>Un immense merci \u00e0 tous les spectateurs, aux cin\u00e9mas, aux athl\u00e8tes et \u00e0 toute l'\u00e9quipe qui font vivre cette aventure ann\u00e9e apr\u00e8s ann\u00e9e.<br><br>La suite arrive bient\u00f4t... restez connect\u00e9s<\/p>\t\t\t\t<\/div>\n\t\t\t\t<\/div>\n\t\t\t\t\t<\/div>\n\t\t\t\t<\/div>\n\t\t\t\t<\/div>\n\t\t<div class=\"elementor-element elementor-element-69e22bc e-flex e-con-boxed e-con e-parent\" data-id=\"69e22bc\" data-element_type=\"container\" data-e-type=\"container\">\n\t\t\t\t\t<div class=\"e-con-inner\">\n\t\t\n\n\n\n \n\n\n\n \n\n\n\n \t\t<div class=\"elementor-element elementor-element-2b66951 elementor-widget-divider--view-line elementor-widget elementor-widget-divider\" data-id=\"2b66951\" data-element_type=\"widget\" data-e-type=\"widget\" data-widget_type=\"divider.default\">\n\t\t\t\t<div class=\"elementor-widget-container\">\n\t\t\t\t\t\t\t<div class=\"elementor-divider\">\n\t\t\t<span class=\"elementor-divider-separator\">\n\t\t\t\t\t\t<\/span>\n\t\t<\/div>\n\t\t\t\t\t\t<\/div>\n\t\t\t\t<\/div>\n\t\t\t\t\t<\/div>\n\t\t\t\t<\/div>\n\t\t\t\t<\/div>\n\t\t","protected":false},"excerpt":{"rendered":"<p>MERCI \u00c0 TOUTES ET TOUS ! L&rsquo;exploitation cin\u00e9ma de La Nuit de la Glisse 2025 vient de s&rsquo;achever, et quelle aventure ! Des salles pleines, des rencontres inoubliables et une \u00e9nergie incroyable partag\u00e9e avec vous. Un immense merci \u00e0 tous les spectateurs, aux cin\u00e9mas, aux athl\u00e8tes et \u00e0 toute l&rsquo;\u00e9quipe qui font vivre cette aventure [&hellip;]<\/p>\n","protected":false},"author":1,"featured_media":26166,"parent":0,"menu_order":0,"comment_status":"closed","ping_status":"closed","template":"","meta":{"_acf_changed":false,"footnotes":""},"class_list":["post-19220","page","type-page","status-publish","has-post-thumbnail","hentry"],"acf":[],"yoast_head":"<!-- This site is optimized with the Yoast SEO plugin v27.1.1 - https:\/\/yoast.com\/product\/yoast-seo-wordpress\/ -->\n<title>R\u00e9server - NDG Cinema (Nuit de la Glisse)<\/title>\n<meta name=\"description\" content=\"R\u00e9server\" \/>\n<meta name=\"robots\" content=\"index, follow, max-snippet:-1, max-image-preview:large, max-video-preview:-1\" \/>\n<link rel=\"canonical\" href=\"https:\/\/nuitdelaglisse.com\/fr\/reserver\/\" \/>\n<meta property=\"og:locale\" content=\"fr_FR\" \/>\n<meta property=\"og:type\" content=\"article\" \/>\n<meta property=\"og:title\" content=\"R\u00e9server - NDG Cinema (Nuit de la Glisse)\" \/>\n<meta property=\"og:description\" content=\"R\u00e9server\" \/>\n<meta property=\"og:url\" content=\"https:\/\/nuitdelaglisse.com\/fr\/reserver\/\" \/>\n<meta property=\"og:site_name\" content=\"NDG Cinema (Nuit de la Glisse)\" \/>\n<meta property=\"article:publisher\" content=\"https:\/\/www.facebook.com\/NDGcinema\/\" \/>\n<meta property=\"article:modified_time\" content=\"2026-03-09T13:33:49+00:00\" \/>\n<meta property=\"og:image\" content=\"https:\/\/nuitdelaglisse.com\/wp-content\/uploads\/2025\/09\/affiche_1372961-78.jpg\" \/>\n\t<meta property=\"og:image:width\" content=\"1626\" \/>\n\t<meta property=\"og:image:height\" content=\"2300\" \/>\n\t<meta property=\"og:image:type\" content=\"image\/jpeg\" \/>\n<meta name=\"twitter:card\" content=\"summary_large_image\" \/>\n<meta name=\"twitter:label1\" content=\"Dur\u00e9e de lecture estim\u00e9e\" \/>\n\t<meta name=\"twitter:data1\" content=\"2 minutes\" \/>\n<script type=\"application\/ld+json\" class=\"yoast-schema-graph\">{\"@context\":\"https:\/\/schema.org\",\"@graph\":[{\"@type\":\"WebPage\",\"@id\":\"https:\/\/nuitdelaglisse.com\/fr\/reserver\/\",\"url\":\"https:\/\/nuitdelaglisse.com\/fr\/reserver\/\",\"name\":\"R\u00e9server - NDG Cinema (Nuit de la Glisse)\",\"isPartOf\":{\"@id\":\"https:\/\/nuitdelaglisse.com\/fr\/#website\"},\"primaryImageOfPage\":{\"@id\":\"https:\/\/nuitdelaglisse.com\/fr\/reserver\/#primaryimage\"},\"image\":{\"@id\":\"https:\/\/nuitdelaglisse.com\/fr\/reserver\/#primaryimage\"},\"thumbnailUrl\":\"https:\/\/nuitdelaglisse.com\/wp-content\/uploads\/2025\/09\/affiche_1372961-78.jpg\",\"datePublished\":\"2018-08-28T11:57:37+00:00\",\"dateModified\":\"2026-03-09T13:33:49+00:00\",\"description\":\"R\u00e9server\",\"breadcrumb\":{\"@id\":\"https:\/\/nuitdelaglisse.com\/fr\/reserver\/#breadcrumb\"},\"inLanguage\":\"fr-FR\",\"potentialAction\":[{\"@type\":\"ReadAction\",\"target\":[\"https:\/\/nuitdelaglisse.com\/fr\/reserver\/\"]}]},{\"@type\":\"ImageObject\",\"inLanguage\":\"fr-FR\",\"@id\":\"https:\/\/nuitdelaglisse.com\/fr\/reserver\/#primaryimage\",\"url\":\"https:\/\/nuitdelaglisse.com\/wp-content\/uploads\/2025\/09\/affiche_1372961-78.jpg\",\"contentUrl\":\"https:\/\/nuitdelaglisse.com\/wp-content\/uploads\/2025\/09\/affiche_1372961-78.jpg\",\"width\":1626,\"height\":2300},{\"@type\":\"BreadcrumbList\",\"@id\":\"https:\/\/nuitdelaglisse.com\/fr\/reserver\/#breadcrumb\",\"itemListElement\":[{\"@type\":\"ListItem\",\"position\":1,\"name\":\"Home\",\"item\":\"https:\/\/nuitdelaglisse.com\/fr\/\"},{\"@type\":\"ListItem\",\"position\":2,\"name\":\"R\u00e9server\"}]},{\"@type\":\"WebSite\",\"@id\":\"https:\/\/nuitdelaglisse.com\/fr\/#website\",\"url\":\"https:\/\/nuitdelaglisse.com\/fr\/\",\"name\":\"NDG Cinema (Nuit de la Glisse)\",\"description\":\"Official Website of Nuit de la Glisse\",\"publisher\":{\"@id\":\"https:\/\/nuitdelaglisse.com\/fr\/#organization\"},\"potentialAction\":[{\"@type\":\"SearchAction\",\"target\":{\"@type\":\"EntryPoint\",\"urlTemplate\":\"https:\/\/nuitdelaglisse.com\/fr\/?s={search_term_string}\"},\"query-input\":{\"@type\":\"PropertyValueSpecification\",\"valueRequired\":true,\"valueName\":\"search_term_string\"}}],\"inLanguage\":\"fr-FR\"},{\"@type\":\"Organization\",\"@id\":\"https:\/\/nuitdelaglisse.com\/fr\/#organization\",\"name\":\"NDG Cinema (Nuit de la Glisse)\",\"url\":\"https:\/\/nuitdelaglisse.com\/fr\/\",\"logo\":{\"@type\":\"ImageObject\",\"inLanguage\":\"fr-FR\",\"@id\":\"https:\/\/nuitdelaglisse.com\/fr\/#\/schema\/logo\/image\/\",\"url\":\"https:\/\/ndgcinema.com\/wp-content\/uploads\/2019\/09\/festival-ndg-2019.jpg\",\"contentUrl\":\"https:\/\/ndgcinema.com\/wp-content\/uploads\/2019\/09\/festival-ndg-2019.jpg\",\"width\":960,\"height\":1280,\"caption\":\"NDG Cinema (Nuit de la Glisse)\"},\"image\":{\"@id\":\"https:\/\/nuitdelaglisse.com\/fr\/#\/schema\/logo\/image\/\"},\"sameAs\":[\"https:\/\/www.facebook.com\/NDGcinema\/\",\"https:\/\/www.instagram.com\/ndgcinema\/\",\"https:\/\/www.youtube.com\/NDGCinema\"]}]}<\/script>\n<!-- \/ Yoast SEO plugin. -->","yoast_head_json":{"title":"R\u00e9server - NDG Cinema (Nuit de la Glisse)","description":"R\u00e9server","robots":{"index":"index","follow":"follow","max-snippet":"max-snippet:-1","max-image-preview":"max-image-preview:large","max-video-preview":"max-video-preview:-1"},"canonical":"https:\/\/nuitdelaglisse.com\/fr\/reserver\/","og_locale":"fr_FR","og_type":"article","og_title":"R\u00e9server - NDG Cinema (Nuit de la Glisse)","og_description":"R\u00e9server","og_url":"https:\/\/nuitdelaglisse.com\/fr\/reserver\/","og_site_name":"NDG Cinema (Nuit de la Glisse)","article_publisher":"https:\/\/www.facebook.com\/NDGcinema\/","article_modified_time":"2026-03-09T13:33:49+00:00","og_image":[{"width":1626,"height":2300,"url":"https:\/\/nuitdelaglisse.com\/wp-content\/uploads\/2025\/09\/affiche_1372961-78.jpg","type":"image\/jpeg"}],"twitter_card":"summary_large_image","twitter_misc":{"Dur\u00e9e de lecture estim\u00e9e":"2 minutes"},"schema":{"@context":"https:\/\/schema.org","@graph":[{"@type":"WebPage","@id":"https:\/\/nuitdelaglisse.com\/fr\/reserver\/","url":"https:\/\/nuitdelaglisse.com\/fr\/reserver\/","name":"R\u00e9server - NDG Cinema (Nuit de la Glisse)","isPartOf":{"@id":"https:\/\/nuitdelaglisse.com\/fr\/#website"},"primaryImageOfPage":{"@id":"https:\/\/nuitdelaglisse.com\/fr\/reserver\/#primaryimage"},"image":{"@id":"https:\/\/nuitdelaglisse.com\/fr\/reserver\/#primaryimage"},"thumbnailUrl":"https:\/\/nuitdelaglisse.com\/wp-content\/uploads\/2025\/09\/affiche_1372961-78.jpg","datePublished":"2018-08-28T11:57:37+00:00","dateModified":"2026-03-09T13:33:49+00:00","description":"R\u00e9server","breadcrumb":{"@id":"https:\/\/nuitdelaglisse.com\/fr\/reserver\/#breadcrumb"},"inLanguage":"fr-FR","potentialAction":[{"@type":"ReadAction","target":["https:\/\/nuitdelaglisse.com\/fr\/reserver\/"]}]},{"@type":"ImageObject","inLanguage":"fr-FR","@id":"https:\/\/nuitdelaglisse.com\/fr\/reserver\/#primaryimage","url":"https:\/\/nuitdelaglisse.com\/wp-content\/uploads\/2025\/09\/affiche_1372961-78.jpg","contentUrl":"https:\/\/nuitdelaglisse.com\/wp-content\/uploads\/2025\/09\/affiche_1372961-78.jpg","width":1626,"height":2300},{"@type":"BreadcrumbList","@id":"https:\/\/nuitdelaglisse.com\/fr\/reserver\/#breadcrumb","itemListElement":[{"@type":"ListItem","position":1,"name":"Home","item":"https:\/\/nuitdelaglisse.com\/fr\/"},{"@type":"ListItem","position":2,"name":"R\u00e9server"}]},{"@type":"WebSite","@id":"https:\/\/nuitdelaglisse.com\/fr\/#website","url":"https:\/\/nuitdelaglisse.com\/fr\/","name":"NDG Cinema (Nuit de la Glisse)","description":"Official Website of Nuit de la Glisse","publisher":{"@id":"https:\/\/nuitdelaglisse.com\/fr\/#organization"},"potentialAction":[{"@type":"SearchAction","target":{"@type":"EntryPoint","urlTemplate":"https:\/\/nuitdelaglisse.com\/fr\/?s={search_term_string}"},"query-input":{"@type":"PropertyValueSpecification","valueRequired":true,"valueName":"search_term_string"}}],"inLanguage":"fr-FR"},{"@type":"Organization","@id":"https:\/\/nuitdelaglisse.com\/fr\/#organization","name":"NDG Cinema (Nuit de la Glisse)","url":"https:\/\/nuitdelaglisse.com\/fr\/","logo":{"@type":"ImageObject","inLanguage":"fr-FR","@id":"https:\/\/nuitdelaglisse.com\/fr\/#\/schema\/logo\/image\/","url":"https:\/\/ndgcinema.com\/wp-content\/uploads\/2019\/09\/festival-ndg-2019.jpg","contentUrl":"https:\/\/ndgcinema.com\/wp-content\/uploads\/2019\/09\/festival-ndg-2019.jpg","width":960,"height":1280,"caption":"NDG Cinema (Nuit de la Glisse)"},"image":{"@id":"https:\/\/nuitdelaglisse.com\/fr\/#\/schema\/logo\/image\/"},"sameAs":["https:\/\/www.facebook.com\/NDGcinema\/","https:\/\/www.instagram.com\/ndgcinema\/","https:\/\/www.youtube.com\/NDGCinema"]}]}},"_links":{"self":[{"href":"https:\/\/nuitdelaglisse.com\/fr\/wp-json\/wp\/v2\/pages\/19220","targetHints":{"allow":["GET"]}}],"collection":[{"href":"https:\/\/nuitdelaglisse.com\/fr\/wp-json\/wp\/v2\/pages"}],"about":[{"href":"https:\/\/nuitdelaglisse.com\/fr\/wp-json\/wp\/v2\/types\/page"}],"author":[{"embeddable":true,"href":"https:\/\/nuitdelaglisse.com\/fr\/wp-json\/wp\/v2\/users\/1"}],"replies":[{"embeddable":true,"href":"https:\/\/nuitdelaglisse.com\/fr\/wp-json\/wp\/v2\/comments?post=19220"}],"version-history":[{"count":20,"href":"https:\/\/nuitdelaglisse.com\/fr\/wp-json\/wp\/v2\/pages\/19220\/revisions"}],"predecessor-version":[{"id":27075,"href":"https:\/\/nuitdelaglisse.com\/fr\/wp-json\/wp\/v2\/pages\/19220\/revisions\/27075"}],"wp:featuredmedia":[{"embeddable":true,"href":"https:\/\/nuitdelaglisse.com\/fr\/wp-json\/wp\/v2\/media\/26166"}],"wp:attachment":[{"href":"https:\/\/nuitdelaglisse.com\/fr\/wp-json\/wp\/v2\/media?parent=19220"}],"curies":[{"name":"wp","href":"https:\/\/api.w.org\/{rel}","templated":true}]}}