



 



 



 {"id":11877,"date":"2021-12-17T11:30:24","date_gmt":"2021-12-17T10:30:24","guid":{"rendered":"https:\/\/ndgcinema.com\/organise-la-nuit-de-la-glisse\/"},"modified":"2021-12-21T18:31:57","modified_gmt":"2021-12-21T17:31:57","slug":"organise-la-nuit-de-la-glisse","status":"publish","type":"page","link":"https:\/\/nuitdelaglisse.com\/fr\/organise-la-nuit-de-la-glisse\/","title":{"rendered":"Organise La Nuit de la Glisse"},"content":{"rendered":"\t\t<div data-elementor-type=\"wp-page\" data-elementor-id=\"11877\" class=\"elementor elementor-11877 elementor-11861\" data-elementor-post-type=\"page\">\n\t\t\t\t\t\t<section class=\"elementor-section elementor-top-section elementor-element elementor-element-4cf8665 header-nuages elementor-section-boxed elementor-section-height-default elementor-section-height-default\" data-id=\"4cf8665\" data-element_type=\"section\" data-e-type=\"section\" data-settings=\"{&quot;background_background&quot;:&quot;classic&quot;,&quot;background_motion_fx_motion_fx_mouse&quot;:&quot;yes&quot;,&quot;background_motion_fx_mouseTrack_effect&quot;:&quot;yes&quot;,&quot;background_motion_fx_mouseTrack_speed&quot;:{&quot;unit&quot;:&quot;px&quot;,&quot;size&quot;:1,&quot;sizes&quot;:[]}}\">\n\t\t\t\t\t\t<div class=\"elementor-container elementor-column-gap-default\">\n\t\t\t\t\t<div class=\"elementor-column elementor-col-100 elementor-top-column elementor-element elementor-element-c19e992\" data-id=\"c19e992\" data-element_type=\"column\" data-e-type=\"column\">\n\t\t\t<div class=\"elementor-widget-wrap elementor-element-populated\">\n\t\t\t\t\t\t<div class=\"elementor-element elementor-element-8243a21 elementor-widget-divider--view-line elementor-widget elementor-widget-divider\" data-id=\"8243a21\" data-element_type=\"widget\" data-e-type=\"widget\" data-widget_type=\"divider.default\">\n\t\t\t\t<div class=\"elementor-widget-container\">\n\t\t\t\t\t\t\t<div class=\"elementor-divider\">\n\t\t\t<span class=\"elementor-divider-separator\">\n\t\t\t\t\t\t<\/span>\n\t\t<\/div>\n\t\t\t\t\t\t<\/div>\n\t\t\t\t<\/div>\n\t\t\t\t\t<\/div>\n\t\t<\/div>\n\t\t\t\t\t<\/div>\n\t\t<\/section>\n\t\t\t\t<section class=\"elementor-section elementor-top-section elementor-element elementor-element-c8121d7 elementor-section-boxed elementor-section-height-default elementor-section-height-default\" data-id=\"c8121d7\" data-element_type=\"section\" data-e-type=\"section\">\n\t\t\t\t\t\t<div class=\"elementor-container elementor-column-gap-default\">\n\t\t\t\t\t<div class=\"elementor-column elementor-col-100 elementor-top-column elementor-element elementor-element-0c86c36\" data-id=\"0c86c36\" data-element_type=\"column\" data-e-type=\"column\">\n\t\t\t<div class=\"elementor-widget-wrap elementor-element-populated\">\n\t\t\t\t\t\t<div class=\"elementor-element elementor-element-7dd7657 elementor-widget elementor-widget-heading\" data-id=\"7dd7657\" data-element_type=\"widget\" data-e-type=\"widget\" data-widget_type=\"heading.default\">\n\t\t\t\t<div class=\"elementor-widget-container\">\n\t\t\t\t\t<h2 class=\"elementor-heading-title elementor-size-default\">Tu veux int\u00e9grer l\u2019\u00e9quipe et organiser la Nuit de la Glisse pr\u00e8s de chez toi ?<\/h2>\t\t\t\t<\/div>\n\t\t\t\t<\/div>\n\t\t\t\t<div class=\"elementor-element elementor-element-c6a2076 elementor-widget elementor-widget-text-editor\" data-id=\"c6a2076\" data-element_type=\"widget\" data-e-type=\"widget\" data-widget_type=\"text-editor.default\">\n\t\t\t\t<div class=\"elementor-widget-container\">\n\t\t\t\t\t\t\t\t\t<p>Rempli le formulaire ci dessous et explique nous en quelques mots ton projet.<\/p>\n\t\t\t\t\t\t\t\t<\/div>\n\t\t\t\t<\/div>\n\t\t\t\t<div class=\"elementor-element elementor-element-bd3e5a0 elementor-widget elementor-widget-spacer\" data-id=\"bd3e5a0\" data-element_type=\"widget\" data-e-type=\"widget\" data-widget_type=\"spacer.default\">\n\t\t\t\t<div class=\"elementor-widget-container\">\n\t\t\t\t\t\t\t<div class=\"elementor-spacer\">\n\t\t\t<div class=\"elementor-spacer-inner\"><\/div>\n\t\t<\/div>\n\t\t\t\t\t\t<\/div>\n\t\t\t\t<\/div>\n\t\t\t\t\t<\/div>\n\t\t<\/div>\n\t\t\t\t\t<\/div>\n\t\t<\/section>\n\t\t\t\t<section class=\"elementor-section elementor-top-section elementor-element elementor-element-27ec80d elementor-section-boxed elementor-section-height-default elementor-section-height-default\" data-id=\"27ec80d\" data-element_type=\"section\" data-e-type=\"section\">\n\t\t\t\t\t\t<div class=\"elementor-container elementor-column-gap-default\">\n\t\t\t\t\t<div class=\"elementor-column elementor-col-100 elementor-top-column elementor-element elementor-element-c1367e2\" data-id=\"c1367e2\" data-element_type=\"column\" data-e-type=\"column\">\n\t\t\t<div class=\"elementor-widget-wrap elementor-element-populated\">\n\t\t\t\t\t\t<div class=\"elementor-element elementor-element-ca3bc25 elementor-button-align-center elementor-widget elementor-widget-form\" data-id=\"ca3bc25\" data-element_type=\"widget\" data-e-type=\"widget\" data-settings=\"{&quot;step_next_label&quot;:&quot;Suiv.&quot;,&quot;step_previous_label&quot;:&quot;Pr\\u00e9c\\u00e9dent&quot;,&quot;button_width&quot;:&quot;100&quot;,&quot;step_type&quot;:&quot;number_text&quot;,&quot;step_icon_shape&quot;:&quot;circle&quot;}\" data-widget_type=\"form.default\">\n\t\t\t\t<div class=\"elementor-widget-container\">\n\t\t\t\t\t\t\t<form class=\"elementor-form\" method=\"post\" name=\"Organise La Nuit de la Glisse\" aria-label=\"Organise La Nuit de la Glisse\">\n\t\t\t<input type=\"hidden\" name=\"post_id\" value=\"11877\"\/>\n\t\t\t<input type=\"hidden\" name=\"form_id\" value=\"ca3bc25\"\/>\n\t\t\t<input type=\"hidden\" name=\"referer_title\" value=\"Organise La Nuit de la Glisse - NDG Cinema (Nuit de la Glisse)\" \/>\n\n\t\t\t\t\t\t\t<input type=\"hidden\" name=\"queried_id\" value=\"11877\"\/>\n\t\t\t\n\t\t\t<div class=\"elementor-form-fields-wrapper elementor-labels-above\">\n\t\t\t\t\t\t\t\t<div class=\"elementor-field-type-text elementor-field-group elementor-column elementor-field-group-first_name elementor-col-50 elementor-field-required elementor-mark-required\">\n\t\t\t\t\t\t\t\t\t\t\t\t<label for=\"form-field-first_name\" class=\"elementor-field-label\">\n\t\t\t\t\t\t\t\tPr\u00e9nom\t\t\t\t\t\t\t<\/label>\n\t\t\t\t\t\t\t\t\t\t\t\t\t\t<input size=\"1\" type=\"text\" name=\"form_fields[first_name]\" id=\"form-field-first_name\" class=\"elementor-field elementor-size-md  elementor-field-textual\" placeholder=\"Pr\u00e9nom\" required=\"required\">\n\t\t\t\t\t\t\t\t\t\t\t<\/div>\n\t\t\t\t\t\t\t\t<div class=\"elementor-field-type-text elementor-field-group elementor-column elementor-field-group-last_name elementor-col-50 elementor-field-required elementor-mark-required\">\n\t\t\t\t\t\t\t\t\t\t\t\t<label for=\"form-field-last_name\" class=\"elementor-field-label\">\n\t\t\t\t\t\t\t\tNom\t\t\t\t\t\t\t<\/label>\n\t\t\t\t\t\t\t\t\t\t\t\t\t\t<input size=\"1\" type=\"text\" name=\"form_fields[last_name]\" id=\"form-field-last_name\" class=\"elementor-field elementor-size-md  elementor-field-textual\" placeholder=\"Nom\" required=\"required\">\n\t\t\t\t\t\t\t\t\t\t\t<\/div>\n\t\t\t\t\t\t\t\t<div class=\"elementor-field-type-email elementor-field-group elementor-column elementor-field-group-email elementor-col-50 elementor-field-required elementor-mark-required\">\n\t\t\t\t\t\t\t\t\t\t\t\t<label for=\"form-field-email\" class=\"elementor-field-label\">\n\t\t\t\t\t\t\t\tE-mail\t\t\t\t\t\t\t<\/label>\n\t\t\t\t\t\t\t\t\t\t\t\t\t\t<input size=\"1\" type=\"email\" name=\"form_fields[email]\" id=\"form-field-email\" class=\"elementor-field elementor-size-md  elementor-field-textual\" placeholder=\"E-mail\" required=\"required\">\n\t\t\t\t\t\t\t\t\t\t\t<\/div>\n\t\t\t\t\t\t\t\t<div class=\"elementor-field-type-tel elementor-field-group elementor-column elementor-field-group-phone elementor-col-50 elementor-field-required elementor-mark-required\">\n\t\t\t\t\t\t\t\t\t\t\t\t<label for=\"form-field-phone\" class=\"elementor-field-label\">\n\t\t\t\t\t\t\t\tT\u00e9l\u00e9phone\t\t\t\t\t\t\t<\/label>\n\t\t\t\t\t\t\t\t<input size=\"1\" type=\"tel\" name=\"form_fields[phone]\" id=\"form-field-phone\" class=\"elementor-field elementor-size-md  elementor-field-textual\" placeholder=\"T\u00e9l\u00e9phone\" required=\"required\" pattern=\"[0-9()#&amp;+*-=.]+\" title=\"Seuls les caract\u00e8res de num\u00e9ros de t\u00e9l\u00e9phone (#, -, *, etc.) sont accept\u00e9s.\">\n\n\t\t\t\t\t\t<\/div>\n\t\t\t\t\t\t\t\t<div class=\"elementor-field-type-text elementor-field-group elementor-column elementor-field-group-field_794bd23 elementor-col-100 elementor-field-required elementor-mark-required\">\n\t\t\t\t\t\t\t\t\t\t\t\t<label for=\"form-field-field_794bd23\" class=\"elementor-field-label\">\n\t\t\t\t\t\t\t\tVille(s) - Station(s)\t\t\t\t\t\t\t<\/label>\n\t\t\t\t\t\t\t\t\t\t\t\t\t\t<input size=\"1\" type=\"text\" name=\"form_fields[field_794bd23]\" id=\"form-field-field_794bd23\" class=\"elementor-field elementor-size-md  elementor-field-textual\" placeholder=\"Ville(s) - Station(s)\" required=\"required\">\n\t\t\t\t\t\t\t\t\t\t\t<\/div>\n\t\t\t\t\t\t\t\t<div class=\"elementor-field-type-textarea elementor-field-group elementor-column elementor-field-group-message elementor-col-100\">\n\t\t\t\t\t\t\t\t\t\t\t\t<label for=\"form-field-message\" class=\"elementor-field-label\">\n\t\t\t\t\t\t\t\tParle nous de ton projet\t\t\t\t\t\t\t<\/label>\n\t\t\t\t\t\t<textarea class=\"elementor-field-textual elementor-field  elementor-size-md\" name=\"form_fields[message]\" id=\"form-field-message\" rows=\"4\"><\/textarea>\t\t\t\t<\/div>\n\t\t\t\t\t\t\t\t<div class=\"elementor-field-type-text\">\n\t\t\t\t\t<input size=\"1\" type=\"text\" name=\"form_fields[field_0e884e5]\" id=\"form-field-field_0e884e5\" class=\"elementor-field elementor-size-md \" style=\"display:none !important;\">\t\t\t\t<\/div>\n\t\t\t\t\t\t\t\t<div class=\"elementor-field-type-recaptcha elementor-field-group elementor-column elementor-field-group-field_885f0ba elementor-col-100\">\n\t\t\t\t\t<div class=\"elementor-field\" id=\"form-field-field_885f0ba\"><div class=\"elementor-g-recaptcha\" data-sitekey=\"6LfY5q0UAAAAAHKv9UEiCOqRO0wJFSdSkfyM3B4i\" data-type=\"v2_checkbox\" data-theme=\"light\" data-size=\"normal\"><\/div><\/div>\t\t\t\t<\/div>\n\t\t\t\t\t\t\t\t<div class=\"elementor-field-group elementor-column elementor-field-type-submit elementor-col-100 e-form__buttons\">\n\t\t\t\t\t<button class=\"elementor-button elementor-size-md\" type=\"submit\">\n\t\t\t\t\t\t<span class=\"elementor-button-content-wrapper\">\n\t\t\t\t\t\t\t\t\t\t\t\t\t\t\t<span class=\"elementor-button-icon\">\n\t\t\t\t\t\t\t\t\t<i aria-hidden=\"true\" class=\"fas fa-paper-plane\"><\/i>\t\t\t\t\t\t\t\t\t\t\t\t\t\t\t\t\t<\/span>\n\t\t\t\t\t\t\t\t\t\t\t\t\t\t\t\t\t\t\t\t\t\t<span class=\"elementor-button-text\">Envoyer<\/span>\n\t\t\t\t\t\t\t\t\t\t\t\t\t<\/span>\n\t\t\t\t\t<\/button>\n\t\t\t\t<\/div>\n\t\t\t<\/div>\n\t\t<\/form>\n\t\t\t\t\t\t<\/div>\n\t\t\t\t<\/div>\n\t\t\t\t\t<\/div>\n\t\t<\/div>\n\t\t\t\t\t<\/div>\n\t\t<\/section>\n\t\t\t\t<\/div>\n\t\t","protected":false},"excerpt":{"rendered":"<p>Tu veux int\u00e9grer l\u2019\u00e9quipe et organiser la Nuit de la Glisse pr\u00e8s de chez toi ? Rempli le formulaire ci dessous et explique nous en quelques mots ton projet.<\/p>\n","protected":false},"author":1,"featured_media":0,"parent":0,"menu_order":0,"comment_status":"closed","ping_status":"closed","template":"","meta":{"_acf_changed":false,"footnotes":""},"class_list":["post-11877","page","type-page","status-publish","hentry"],"acf":[],"yoast_head":"<!-- This site is optimized with the Yoast SEO plugin v27.1.1 - https:\/\/yoast.com\/product\/yoast-seo-wordpress\/ -->\n<title>Organise La Nuit de la Glisse - NDG Cinema (Nuit de la Glisse)<\/title>\n<meta name=\"description\" content=\"Organise La Nuit de la Glisse\" \/>\n<meta name=\"robots\" content=\"index, follow, max-snippet:-1, max-image-preview:large, max-video-preview:-1\" \/>\n<link rel=\"canonical\" href=\"https:\/\/nuitdelaglisse.com\/fr\/organise-la-nuit-de-la-glisse\/\" \/>\n<meta property=\"og:locale\" content=\"fr_FR\" \/>\n<meta property=\"og:type\" content=\"article\" \/>\n<meta property=\"og:title\" content=\"Organise La Nuit de la Glisse - NDG Cinema (Nuit de la Glisse)\" \/>\n<meta property=\"og:description\" content=\"Organise La Nuit de la Glisse\" \/>\n<meta property=\"og:url\" content=\"https:\/\/nuitdelaglisse.com\/fr\/organise-la-nuit-de-la-glisse\/\" \/>\n<meta property=\"og:site_name\" content=\"NDG Cinema (Nuit de la Glisse)\" \/>\n<meta property=\"article:publisher\" content=\"https:\/\/www.facebook.com\/NDGcinema\/\" \/>\n<meta property=\"article:modified_time\" content=\"2021-12-21T17:31:57+00:00\" \/>\n<meta property=\"og:image\" content=\"https:\/\/nuitdelaglisse.com\/wp-content\/uploads\/2019\/07\/66766110_1837866202982875_5417637207047405568_n.jpg\" \/>\n\t<meta property=\"og:image:width\" content=\"720\" \/>\n\t<meta property=\"og:image:height\" content=\"720\" \/>\n\t<meta property=\"og:image:type\" content=\"image\/jpeg\" \/>\n<meta name=\"twitter:card\" content=\"summary_large_image\" \/>\n<script type=\"application\/ld+json\" class=\"yoast-schema-graph\">{\"@context\":\"https:\/\/schema.org\",\"@graph\":[{\"@type\":\"WebPage\",\"@id\":\"https:\/\/nuitdelaglisse.com\/fr\/organise-la-nuit-de-la-glisse\/\",\"url\":\"https:\/\/nuitdelaglisse.com\/fr\/organise-la-nuit-de-la-glisse\/\",\"name\":\"Organise La Nuit de la Glisse - NDG Cinema (Nuit de la Glisse)\",\"isPartOf\":{\"@id\":\"https:\/\/nuitdelaglisse.com\/fr\/#website\"},\"datePublished\":\"2021-12-17T10:30:24+00:00\",\"dateModified\":\"2021-12-21T17:31:57+00:00\",\"description\":\"Organise La Nuit de la Glisse\",\"breadcrumb\":{\"@id\":\"https:\/\/nuitdelaglisse.com\/fr\/organise-la-nuit-de-la-glisse\/#breadcrumb\"},\"inLanguage\":\"fr-FR\",\"potentialAction\":[{\"@type\":\"ReadAction\",\"target\":[\"https:\/\/nuitdelaglisse.com\/fr\/organise-la-nuit-de-la-glisse\/\"]}]},{\"@type\":\"BreadcrumbList\",\"@id\":\"https:\/\/nuitdelaglisse.com\/fr\/organise-la-nuit-de-la-glisse\/#breadcrumb\",\"itemListElement\":[{\"@type\":\"ListItem\",\"position\":1,\"name\":\"Home\",\"item\":\"https:\/\/nuitdelaglisse.com\/fr\/\"},{\"@type\":\"ListItem\",\"position\":2,\"name\":\"Organise La Nuit de la Glisse\"}]},{\"@type\":\"WebSite\",\"@id\":\"https:\/\/nuitdelaglisse.com\/fr\/#website\",\"url\":\"https:\/\/nuitdelaglisse.com\/fr\/\",\"name\":\"NDG Cinema (Nuit de la Glisse)\",\"description\":\"Official Website of Nuit de la Glisse\",\"publisher\":{\"@id\":\"https:\/\/nuitdelaglisse.com\/fr\/#organization\"},\"potentialAction\":[{\"@type\":\"SearchAction\",\"target\":{\"@type\":\"EntryPoint\",\"urlTemplate\":\"https:\/\/nuitdelaglisse.com\/fr\/?s={search_term_string}\"},\"query-input\":{\"@type\":\"PropertyValueSpecification\",\"valueRequired\":true,\"valueName\":\"search_term_string\"}}],\"inLanguage\":\"fr-FR\"},{\"@type\":\"Organization\",\"@id\":\"https:\/\/nuitdelaglisse.com\/fr\/#organization\",\"name\":\"NDG Cinema (Nuit de la Glisse)\",\"url\":\"https:\/\/nuitdelaglisse.com\/fr\/\",\"logo\":{\"@type\":\"ImageObject\",\"inLanguage\":\"fr-FR\",\"@id\":\"https:\/\/nuitdelaglisse.com\/fr\/#\/schema\/logo\/image\/\",\"url\":\"https:\/\/ndgcinema.com\/wp-content\/uploads\/2019\/09\/festival-ndg-2019.jpg\",\"contentUrl\":\"https:\/\/ndgcinema.com\/wp-content\/uploads\/2019\/09\/festival-ndg-2019.jpg\",\"width\":960,\"height\":1280,\"caption\":\"NDG Cinema (Nuit de la Glisse)\"},\"image\":{\"@id\":\"https:\/\/nuitdelaglisse.com\/fr\/#\/schema\/logo\/image\/\"},\"sameAs\":[\"https:\/\/www.facebook.com\/NDGcinema\/\",\"https:\/\/www.instagram.com\/ndgcinema\/\",\"https:\/\/www.youtube.com\/NDGCinema\"]}]}<\/script>\n<!-- \/ Yoast SEO plugin. -->","yoast_head_json":{"title":"Organise La Nuit de la Glisse - NDG Cinema (Nuit de la Glisse)","description":"Organise La Nuit de la Glisse","robots":{"index":"index","follow":"follow","max-snippet":"max-snippet:-1","max-image-preview":"max-image-preview:large","max-video-preview":"max-video-preview:-1"},"canonical":"https:\/\/nuitdelaglisse.com\/fr\/organise-la-nuit-de-la-glisse\/","og_locale":"fr_FR","og_type":"article","og_title":"Organise La Nuit de la Glisse - NDG Cinema (Nuit de la Glisse)","og_description":"Organise La Nuit de la Glisse","og_url":"https:\/\/nuitdelaglisse.com\/fr\/organise-la-nuit-de-la-glisse\/","og_site_name":"NDG Cinema (Nuit de la Glisse)","article_publisher":"https:\/\/www.facebook.com\/NDGcinema\/","article_modified_time":"2021-12-21T17:31:57+00:00","og_image":[{"width":720,"height":720,"url":"https:\/\/nuitdelaglisse.com\/wp-content\/uploads\/2019\/07\/66766110_1837866202982875_5417637207047405568_n.jpg","type":"image\/jpeg"}],"twitter_card":"summary_large_image","schema":{"@context":"https:\/\/schema.org","@graph":[{"@type":"WebPage","@id":"https:\/\/nuitdelaglisse.com\/fr\/organise-la-nuit-de-la-glisse\/","url":"https:\/\/nuitdelaglisse.com\/fr\/organise-la-nuit-de-la-glisse\/","name":"Organise La Nuit de la Glisse - NDG Cinema (Nuit de la Glisse)","isPartOf":{"@id":"https:\/\/nuitdelaglisse.com\/fr\/#website"},"datePublished":"2021-12-17T10:30:24+00:00","dateModified":"2021-12-21T17:31:57+00:00","description":"Organise La Nuit de la Glisse","breadcrumb":{"@id":"https:\/\/nuitdelaglisse.com\/fr\/organise-la-nuit-de-la-glisse\/#breadcrumb"},"inLanguage":"fr-FR","potentialAction":[{"@type":"ReadAction","target":["https:\/\/nuitdelaglisse.com\/fr\/organise-la-nuit-de-la-glisse\/"]}]},{"@type":"BreadcrumbList","@id":"https:\/\/nuitdelaglisse.com\/fr\/organise-la-nuit-de-la-glisse\/#breadcrumb","itemListElement":[{"@type":"ListItem","position":1,"name":"Home","item":"https:\/\/nuitdelaglisse.com\/fr\/"},{"@type":"ListItem","position":2,"name":"Organise La Nuit de la Glisse"}]},{"@type":"WebSite","@id":"https:\/\/nuitdelaglisse.com\/fr\/#website","url":"https:\/\/nuitdelaglisse.com\/fr\/","name":"NDG Cinema (Nuit de la Glisse)","description":"Official Website of Nuit de la Glisse","publisher":{"@id":"https:\/\/nuitdelaglisse.com\/fr\/#organization"},"potentialAction":[{"@type":"SearchAction","target":{"@type":"EntryPoint","urlTemplate":"https:\/\/nuitdelaglisse.com\/fr\/?s={search_term_string}"},"query-input":{"@type":"PropertyValueSpecification","valueRequired":true,"valueName":"search_term_string"}}],"inLanguage":"fr-FR"},{"@type":"Organization","@id":"https:\/\/nuitdelaglisse.com\/fr\/#organization","name":"NDG Cinema (Nuit de la Glisse)","url":"https:\/\/nuitdelaglisse.com\/fr\/","logo":{"@type":"ImageObject","inLanguage":"fr-FR","@id":"https:\/\/nuitdelaglisse.com\/fr\/#\/schema\/logo\/image\/","url":"https:\/\/ndgcinema.com\/wp-content\/uploads\/2019\/09\/festival-ndg-2019.jpg","contentUrl":"https:\/\/ndgcinema.com\/wp-content\/uploads\/2019\/09\/festival-ndg-2019.jpg","width":960,"height":1280,"caption":"NDG Cinema (Nuit de la Glisse)"},"image":{"@id":"https:\/\/nuitdelaglisse.com\/fr\/#\/schema\/logo\/image\/"},"sameAs":["https:\/\/www.facebook.com\/NDGcinema\/","https:\/\/www.instagram.com\/ndgcinema\/","https:\/\/www.youtube.com\/NDGCinema"]}]}},"_links":{"self":[{"href":"https:\/\/nuitdelaglisse.com\/fr\/wp-json\/wp\/v2\/pages\/11877","targetHints":{"allow":["GET"]}}],"collection":[{"href":"https:\/\/nuitdelaglisse.com\/fr\/wp-json\/wp\/v2\/pages"}],"about":[{"href":"https:\/\/nuitdelaglisse.com\/fr\/wp-json\/wp\/v2\/types\/page"}],"author":[{"embeddable":true,"href":"https:\/\/nuitdelaglisse.com\/fr\/wp-json\/wp\/v2\/users\/1"}],"replies":[{"embeddable":true,"href":"https:\/\/nuitdelaglisse.com\/fr\/wp-json\/wp\/v2\/comments?post=11877"}],"version-history":[{"count":0,"href":"https:\/\/nuitdelaglisse.com\/fr\/wp-json\/wp\/v2\/pages\/11877\/revisions"}],"wp:attachment":[{"href":"https:\/\/nuitdelaglisse.com\/fr\/wp-json\/wp\/v2\/media?parent=11877"}],"curies":[{"name":"wp","href":"https:\/\/api.w.org\/{rel}","templated":true}]}}