



 



 



 {"id":10611,"date":"2021-09-22T10:02:51","date_gmt":"2021-09-22T08:02:51","guid":{"rendered":"https:\/\/preprod.ndgcinema.com\/mon-compte\/"},"modified":"2024-04-24T11:55:48","modified_gmt":"2024-04-24T09:55:48","slug":"mon-compte","status":"publish","type":"page","link":"https:\/\/nuitdelaglisse.com\/fr\/mon-compte\/","title":{"rendered":"Mon compte"},"content":{"rendered":"\t\t<div data-elementor-type=\"wp-page\" data-elementor-id=\"10611\" class=\"elementor elementor-10611 elementor-10043\" data-elementor-post-type=\"page\">\n\t\t\t\t\t\t<section class=\"elementor-section elementor-top-section elementor-element elementor-element-dde010a header-nuages elementor-section-boxed elementor-section-height-default elementor-section-height-default\" data-id=\"dde010a\" data-element_type=\"section\" data-e-type=\"section\" data-settings=\"{&quot;background_background&quot;:&quot;classic&quot;,&quot;background_motion_fx_motion_fx_mouse&quot;:&quot;yes&quot;,&quot;background_motion_fx_mouseTrack_effect&quot;:&quot;yes&quot;,&quot;background_motion_fx_mouseTrack_speed&quot;:{&quot;unit&quot;:&quot;px&quot;,&quot;size&quot;:1,&quot;sizes&quot;:[]}}\">\n\t\t\t\t\t\t<div class=\"elementor-container elementor-column-gap-default\">\n\t\t\t\t\t<div class=\"elementor-column elementor-col-100 elementor-top-column elementor-element elementor-element-e9b6791\" data-id=\"e9b6791\" data-element_type=\"column\" data-e-type=\"column\">\n\t\t\t<div class=\"elementor-widget-wrap elementor-element-populated\">\n\t\t\t\t\t\t<div class=\"elementor-element elementor-element-80bc176 elementor-widget-divider--view-line elementor-widget elementor-widget-divider\" data-id=\"80bc176\" data-element_type=\"widget\" data-e-type=\"widget\" data-widget_type=\"divider.default\">\n\t\t\t\t<div class=\"elementor-widget-container\">\n\t\t\t\t\t\t\t<div class=\"elementor-divider\">\n\t\t\t<span class=\"elementor-divider-separator\">\n\t\t\t\t\t\t<\/span>\n\t\t<\/div>\n\t\t\t\t\t\t<\/div>\n\t\t\t\t<\/div>\n\t\t\t\t\t<\/div>\n\t\t<\/div>\n\t\t\t\t\t<\/div>\n\t\t<\/section>\n\t\t\t\t<section class=\"elementor-section elementor-top-section elementor-element elementor-element-740dc34a elementor-section-boxed elementor-section-height-default elementor-section-height-default\" data-id=\"740dc34a\" data-element_type=\"section\" data-e-type=\"section\">\n\t\t\t\t\t\t<div class=\"elementor-container elementor-column-gap-default\">\n\t\t\t\t\t<div class=\"elementor-column elementor-col-100 elementor-top-column elementor-element elementor-element-709e7785\" data-id=\"709e7785\" data-element_type=\"column\" data-e-type=\"column\">\n\t\t\t<div class=\"elementor-widget-wrap elementor-element-populated\">\n\t\t\t\t\t\t<div class=\"elementor-element elementor-element-5527fbf e-my-account-tabs-vertical elementor-widget elementor-widget-woocommerce-my-account\" data-id=\"5527fbf\" data-element_type=\"widget\" data-e-type=\"widget\" data-widget_type=\"woocommerce-my-account.default\">\n\t\t\t\t<div class=\"elementor-widget-container\">\n\t\t\t\t\t<div class=\"e-my-account-tab e-my-account-tab__ \">\t\t\t<div class=\"woocommerce\"><\/div>\t\t<\/div>\n\t\t\t\t\t\t<\/div>\n\t\t\t\t<\/div>\n\t\t\t\t\t<\/div>\n\t\t<\/div>\n\t\t\t\t\t<\/div>\n\t\t<\/section>\n\t\t\t\t<\/div>\n\t\t","protected":false},"excerpt":{"rendered":"<p>Tableau de bord Commandes T\u00e9l\u00e9chargement Addresses Payment methods D\u00e9tails du compte Se d\u00e9connecter Hello Corentin Serf (not Corentin Serf? Log out) From your account dashboard you can view your recent orders, manage your shipping and billing addresses, and edit your password and account details.<\/p>\n","protected":false},"author":1,"featured_media":0,"parent":0,"menu_order":0,"comment_status":"closed","ping_status":"closed","template":"","meta":{"_acf_changed":false,"footnotes":""},"class_list":["post-10611","page","type-page","status-publish","hentry"],"acf":[],"yoast_head":"<!-- This site is optimized with the Yoast SEO plugin v27.1.1 - https:\/\/yoast.com\/product\/yoast-seo-wordpress\/ -->\n<title>Mon compte - NDG Cinema (Nuit de la Glisse)<\/title>\n<meta name=\"description\" content=\"Mon compte\" \/>\n<meta name=\"robots\" content=\"index, follow, max-snippet:-1, max-image-preview:large, max-video-preview:-1\" \/>\n<link rel=\"canonical\" href=\"https:\/\/nuitdelaglisse.com\/fr\/mon-compte\/\" \/>\n<meta property=\"og:locale\" content=\"fr_FR\" \/>\n<meta property=\"og:type\" content=\"article\" \/>\n<meta property=\"og:title\" content=\"Mon compte - NDG Cinema (Nuit de la Glisse)\" \/>\n<meta property=\"og:description\" content=\"Mon compte\" \/>\n<meta property=\"og:url\" content=\"https:\/\/nuitdelaglisse.com\/fr\/mon-compte\/\" \/>\n<meta property=\"og:site_name\" content=\"NDG Cinema (Nuit de la Glisse)\" \/>\n<meta property=\"article:publisher\" content=\"https:\/\/www.facebook.com\/NDGcinema\/\" \/>\n<meta property=\"article:modified_time\" content=\"2024-04-24T09:55:48+00:00\" \/>\n<meta property=\"og:image\" content=\"https:\/\/nuitdelaglisse.com\/wp-content\/uploads\/2019\/07\/66766110_1837866202982875_5417637207047405568_n.jpg\" \/>\n\t<meta property=\"og:image:width\" content=\"720\" \/>\n\t<meta property=\"og:image:height\" content=\"720\" \/>\n\t<meta property=\"og:image:type\" content=\"image\/jpeg\" \/>\n<meta name=\"twitter:card\" content=\"summary_large_image\" \/>\n<script type=\"application\/ld+json\" class=\"yoast-schema-graph\">{\"@context\":\"https:\/\/schema.org\",\"@graph\":[{\"@type\":\"WebPage\",\"@id\":\"https:\/\/nuitdelaglisse.com\/fr\/mon-compte\/\",\"url\":\"https:\/\/nuitdelaglisse.com\/fr\/mon-compte\/\",\"name\":\"Mon compte - NDG Cinema (Nuit de la Glisse)\",\"isPartOf\":{\"@id\":\"https:\/\/nuitdelaglisse.com\/fr\/#website\"},\"datePublished\":\"2021-09-22T08:02:51+00:00\",\"dateModified\":\"2024-04-24T09:55:48+00:00\",\"description\":\"Mon compte\",\"breadcrumb\":{\"@id\":\"https:\/\/nuitdelaglisse.com\/fr\/mon-compte\/#breadcrumb\"},\"inLanguage\":\"fr-FR\",\"potentialAction\":[{\"@type\":\"ReadAction\",\"target\":[\"https:\/\/nuitdelaglisse.com\/fr\/mon-compte\/\"]}]},{\"@type\":\"BreadcrumbList\",\"@id\":\"https:\/\/nuitdelaglisse.com\/fr\/mon-compte\/#breadcrumb\",\"itemListElement\":[{\"@type\":\"ListItem\",\"position\":1,\"name\":\"Home\",\"item\":\"https:\/\/nuitdelaglisse.com\/fr\/\"},{\"@type\":\"ListItem\",\"position\":2,\"name\":\"Mon compte\"}]},{\"@type\":\"WebSite\",\"@id\":\"https:\/\/nuitdelaglisse.com\/fr\/#website\",\"url\":\"https:\/\/nuitdelaglisse.com\/fr\/\",\"name\":\"NDG Cinema (Nuit de la Glisse)\",\"description\":\"Official Website of Nuit de la Glisse\",\"publisher\":{\"@id\":\"https:\/\/nuitdelaglisse.com\/fr\/#organization\"},\"potentialAction\":[{\"@type\":\"SearchAction\",\"target\":{\"@type\":\"EntryPoint\",\"urlTemplate\":\"https:\/\/nuitdelaglisse.com\/fr\/?s={search_term_string}\"},\"query-input\":{\"@type\":\"PropertyValueSpecification\",\"valueRequired\":true,\"valueName\":\"search_term_string\"}}],\"inLanguage\":\"fr-FR\"},{\"@type\":\"Organization\",\"@id\":\"https:\/\/nuitdelaglisse.com\/fr\/#organization\",\"name\":\"NDG Cinema (Nuit de la Glisse)\",\"url\":\"https:\/\/nuitdelaglisse.com\/fr\/\",\"logo\":{\"@type\":\"ImageObject\",\"inLanguage\":\"fr-FR\",\"@id\":\"https:\/\/nuitdelaglisse.com\/fr\/#\/schema\/logo\/image\/\",\"url\":\"https:\/\/ndgcinema.com\/wp-content\/uploads\/2019\/09\/festival-ndg-2019.jpg\",\"contentUrl\":\"https:\/\/ndgcinema.com\/wp-content\/uploads\/2019\/09\/festival-ndg-2019.jpg\",\"width\":960,\"height\":1280,\"caption\":\"NDG Cinema (Nuit de la Glisse)\"},\"image\":{\"@id\":\"https:\/\/nuitdelaglisse.com\/fr\/#\/schema\/logo\/image\/\"},\"sameAs\":[\"https:\/\/www.facebook.com\/NDGcinema\/\",\"https:\/\/www.instagram.com\/ndgcinema\/\",\"https:\/\/www.youtube.com\/NDGCinema\"]}]}<\/script>\n<!-- \/ Yoast SEO plugin. -->","yoast_head_json":{"title":"Mon compte - NDG Cinema (Nuit de la Glisse)","description":"Mon compte","robots":{"index":"index","follow":"follow","max-snippet":"max-snippet:-1","max-image-preview":"max-image-preview:large","max-video-preview":"max-video-preview:-1"},"canonical":"https:\/\/nuitdelaglisse.com\/fr\/mon-compte\/","og_locale":"fr_FR","og_type":"article","og_title":"Mon compte - NDG Cinema (Nuit de la Glisse)","og_description":"Mon compte","og_url":"https:\/\/nuitdelaglisse.com\/fr\/mon-compte\/","og_site_name":"NDG Cinema (Nuit de la Glisse)","article_publisher":"https:\/\/www.facebook.com\/NDGcinema\/","article_modified_time":"2024-04-24T09:55:48+00:00","og_image":[{"width":720,"height":720,"url":"https:\/\/nuitdelaglisse.com\/wp-content\/uploads\/2019\/07\/66766110_1837866202982875_5417637207047405568_n.jpg","type":"image\/jpeg"}],"twitter_card":"summary_large_image","schema":{"@context":"https:\/\/schema.org","@graph":[{"@type":"WebPage","@id":"https:\/\/nuitdelaglisse.com\/fr\/mon-compte\/","url":"https:\/\/nuitdelaglisse.com\/fr\/mon-compte\/","name":"Mon compte - NDG Cinema (Nuit de la Glisse)","isPartOf":{"@id":"https:\/\/nuitdelaglisse.com\/fr\/#website"},"datePublished":"2021-09-22T08:02:51+00:00","dateModified":"2024-04-24T09:55:48+00:00","description":"Mon compte","breadcrumb":{"@id":"https:\/\/nuitdelaglisse.com\/fr\/mon-compte\/#breadcrumb"},"inLanguage":"fr-FR","potentialAction":[{"@type":"ReadAction","target":["https:\/\/nuitdelaglisse.com\/fr\/mon-compte\/"]}]},{"@type":"BreadcrumbList","@id":"https:\/\/nuitdelaglisse.com\/fr\/mon-compte\/#breadcrumb","itemListElement":[{"@type":"ListItem","position":1,"name":"Home","item":"https:\/\/nuitdelaglisse.com\/fr\/"},{"@type":"ListItem","position":2,"name":"Mon compte"}]},{"@type":"WebSite","@id":"https:\/\/nuitdelaglisse.com\/fr\/#website","url":"https:\/\/nuitdelaglisse.com\/fr\/","name":"NDG Cinema (Nuit de la Glisse)","description":"Official Website of Nuit de la Glisse","publisher":{"@id":"https:\/\/nuitdelaglisse.com\/fr\/#organization"},"potentialAction":[{"@type":"SearchAction","target":{"@type":"EntryPoint","urlTemplate":"https:\/\/nuitdelaglisse.com\/fr\/?s={search_term_string}"},"query-input":{"@type":"PropertyValueSpecification","valueRequired":true,"valueName":"search_term_string"}}],"inLanguage":"fr-FR"},{"@type":"Organization","@id":"https:\/\/nuitdelaglisse.com\/fr\/#organization","name":"NDG Cinema (Nuit de la Glisse)","url":"https:\/\/nuitdelaglisse.com\/fr\/","logo":{"@type":"ImageObject","inLanguage":"fr-FR","@id":"https:\/\/nuitdelaglisse.com\/fr\/#\/schema\/logo\/image\/","url":"https:\/\/ndgcinema.com\/wp-content\/uploads\/2019\/09\/festival-ndg-2019.jpg","contentUrl":"https:\/\/ndgcinema.com\/wp-content\/uploads\/2019\/09\/festival-ndg-2019.jpg","width":960,"height":1280,"caption":"NDG Cinema (Nuit de la Glisse)"},"image":{"@id":"https:\/\/nuitdelaglisse.com\/fr\/#\/schema\/logo\/image\/"},"sameAs":["https:\/\/www.facebook.com\/NDGcinema\/","https:\/\/www.instagram.com\/ndgcinema\/","https:\/\/www.youtube.com\/NDGCinema"]}]}},"_links":{"self":[{"href":"https:\/\/nuitdelaglisse.com\/fr\/wp-json\/wp\/v2\/pages\/10611","targetHints":{"allow":["GET"]}}],"collection":[{"href":"https:\/\/nuitdelaglisse.com\/fr\/wp-json\/wp\/v2\/pages"}],"about":[{"href":"https:\/\/nuitdelaglisse.com\/fr\/wp-json\/wp\/v2\/types\/page"}],"author":[{"embeddable":true,"href":"https:\/\/nuitdelaglisse.com\/fr\/wp-json\/wp\/v2\/users\/1"}],"replies":[{"embeddable":true,"href":"https:\/\/nuitdelaglisse.com\/fr\/wp-json\/wp\/v2\/comments?post=10611"}],"version-history":[{"count":0,"href":"https:\/\/nuitdelaglisse.com\/fr\/wp-json\/wp\/v2\/pages\/10611\/revisions"}],"wp:attachment":[{"href":"https:\/\/nuitdelaglisse.com\/fr\/wp-json\/wp\/v2\/media?parent=10611"}],"curies":[{"name":"wp","href":"https:\/\/api.w.org\/{rel}","templated":true}]}}