



 



 



 {"id":770,"date":"2018-08-29T12:04:31","date_gmt":"2018-08-29T10:04:31","guid":{"rendered":"https:\/\/tmp2.novelar.fr\/press\/"},"modified":"2025-09-30T15:48:39","modified_gmt":"2025-09-30T13:48:39","slug":"press","status":"publish","type":"page","link":"https:\/\/nuitdelaglisse.com\/de\/press\/","title":{"rendered":"Press"},"content":{"rendered":"\t\t<div data-elementor-type=\"wp-post\" data-elementor-id=\"770\" class=\"elementor elementor-770 elementor-443\" data-elementor-post-type=\"page\">\n\t\t\t\t\t\t<section class=\"elementor-section elementor-top-section elementor-element elementor-element-be7c0d9 elementor-section-boxed elementor-section-height-default elementor-section-height-default\" data-id=\"be7c0d9\" data-element_type=\"section\" data-e-type=\"section\" data-settings=\"{&quot;background_background&quot;:&quot;classic&quot;,&quot;background_motion_fx_motion_fx_mouse&quot;:&quot;yes&quot;,&quot;background_motion_fx_mouseTrack_effect&quot;:&quot;yes&quot;,&quot;background_motion_fx_mouseTrack_speed&quot;:{&quot;unit&quot;:&quot;px&quot;,&quot;size&quot;:1,&quot;sizes&quot;:[]}}\">\n\t\t\t\t\t\t<div class=\"elementor-container elementor-column-gap-default\">\n\t\t\t\t\t<div class=\"elementor-column elementor-col-100 elementor-top-column elementor-element elementor-element-487d1a4\" data-id=\"487d1a4\" data-element_type=\"column\" data-e-type=\"column\">\n\t\t\t<div class=\"elementor-widget-wrap elementor-element-populated\">\n\t\t\t\t\t\t<div class=\"elementor-element elementor-element-a0340aa elementor-widget-divider--view-line elementor-widget elementor-widget-divider\" data-id=\"a0340aa\" data-element_type=\"widget\" data-e-type=\"widget\" data-widget_type=\"divider.default\">\n\t\t\t\t<div class=\"elementor-widget-container\">\n\t\t\t\t\t\t\t<div class=\"elementor-divider\">\n\t\t\t<span class=\"elementor-divider-separator\">\n\t\t\t\t\t\t<\/span>\n\t\t<\/div>\n\t\t\t\t\t\t<\/div>\n\t\t\t\t<\/div>\n\t\t\t\t\t<\/div>\n\t\t<\/div>\n\t\t\t\t\t<\/div>\n\t\t<\/section>\n\t\t\t\t<section class=\"elementor-section elementor-top-section elementor-element elementor-element-02b2287 elementor-section-boxed elementor-section-height-default elementor-section-height-default\" data-id=\"02b2287\" data-element_type=\"section\" data-e-type=\"section\">\n\t\t\t\t\t\t<div class=\"elementor-container elementor-column-gap-default\">\n\t\t\t\t\t<div class=\"elementor-column elementor-col-100 elementor-top-column elementor-element elementor-element-49f61c5\" data-id=\"49f61c5\" data-element_type=\"column\" data-e-type=\"column\">\n\t\t\t<div class=\"elementor-widget-wrap\">\n\t\t\t\t\t\t\t<\/div>\n\t\t<\/div>\n\t\t\t\t\t<\/div>\n\t\t<\/section>\n\t\t\t\t<section class=\"elementor-section elementor-top-section elementor-element elementor-element-8471744 elementor-section-boxed elementor-section-height-default elementor-section-height-default\" data-id=\"8471744\" data-element_type=\"section\" data-e-type=\"section\" data-settings=\"{&quot;background_background&quot;:&quot;classic&quot;}\">\n\t\t\t\t\t\t<div class=\"elementor-container elementor-column-gap-default\">\n\t\t\t\t\t<div class=\"elementor-column elementor-col-100 elementor-top-column elementor-element elementor-element-579be60\" data-id=\"579be60\" data-element_type=\"column\" data-e-type=\"column\">\n\t\t\t<div class=\"elementor-widget-wrap elementor-element-populated\">\n\t\t\t\t\t\t<div class=\"elementor-element elementor-element-ac26129 elementor-widget elementor-widget-heading\" data-id=\"ac26129\" data-element_type=\"widget\" data-e-type=\"widget\" data-widget_type=\"heading.default\">\n\t\t\t\t<div class=\"elementor-widget-container\">\n\t\t\t\t\t<h2 class=\"elementor-heading-title elementor-size-default\">CHRONICLES OF A WILD DECADE &amp; FREEBIRDS<\/h2>\t\t\t\t<\/div>\n\t\t\t\t<\/div>\n\t\t\t\t<div class=\"elementor-element elementor-element-e39064e elementor-widget elementor-widget-text-editor\" data-id=\"e39064e\" data-element_type=\"widget\" data-e-type=\"widget\" data-widget_type=\"text-editor.default\">\n\t\t\t\t<div class=\"elementor-widget-container\">\n\t\t\t\t\t\t\t\t\t<blockquote>\n<p data-start=\"0\" data-end=\"183\">La Nuit de la Glisse 2025 l\u00e4dt euch zu einem einzigartigen Abend mit zwei sich erg\u00e4nzenden Filmen ein \u2013 vereint durch eine gemeinsame Suche: dem Streben nach dem perfekten Moment.<\/p>\n<p>&nbsp;<\/p>\n<p data-start=\"185\" data-end=\"677\">Der Abend beginnt mit Chronicles of a Wild Decade, einer Hommage an die 2010er-Jahre anhand der pers\u00f6nlichen Archive von Thierry Donard. Er blickt zur\u00fcck auf ein entscheidendes Jahrzehnt des Actionsports. Von den steilen H\u00e4ngen des Mont Blanc \u00fcber die gewaltigen Wellen von Teahupo\u2019o bis zu den Fjorden Nordeuropas und den eisigen Stromschnellen Norwegens zeichnet der Film das kompromisslose Engagement einer Generation von Athleten nach, die die Grenzen des M\u00f6glichen neu definiert hat.<\/p>\n<p>&nbsp;<\/p>\n<p data-start=\"679\" data-end=\"1013\">Im zweiten Teil nimmt Free Birds die Gegenwart in den Fokus \u2013 mit jungen Ridern, die ihre Disziplinen aufs Neue herausfordern. Snowboarden in der Polarnacht Norwegens, XXL-Surfen in Nazar\u00e9, pr\u00e4zises Speedriding in den Alpen oder Wingfoilen \u00fcber die Fl\u00fcsse Oregons: Jede Sequenz vereint Freiheit, \u00c4sthetik und h\u00f6chste Beherrschung.<\/p>\n<p data-start=\"1015\" data-end=\"1077\" data-is-last-node=\"\" data-is-only-node=\"\">Zwei Epochen, zwei Perspektiven, eine gemeinsame Leidenschaft.<\/p>\n<\/blockquote>\n\t\t\t\t\t\t\t\t<\/div>\n\t\t\t\t<\/div>\n\t\t\t\t\t<\/div>\n\t\t<\/div>\n\t\t\t\t\t<\/div>\n\t\t<\/section>\n\t\t\t\t<section class=\"elementor-section elementor-top-section elementor-element elementor-element-3521864 elementor-section-boxed elementor-section-height-default elementor-section-height-default\" data-id=\"3521864\" data-element_type=\"section\" data-e-type=\"section\">\n\t\t\t\t\t\t<div class=\"elementor-container elementor-column-gap-default\">\n\t\t\t\t\t<div class=\"elementor-column elementor-col-100 elementor-top-column elementor-element elementor-element-8ad49df\" data-id=\"8ad49df\" data-element_type=\"column\" data-e-type=\"column\">\n\t\t\t<div class=\"elementor-widget-wrap elementor-element-populated\">\n\t\t\t\t\t\t<div class=\"elementor-element elementor-element-3f08b6c elementor-widget elementor-widget-heading\" data-id=\"3f08b6c\" data-element_type=\"widget\" data-e-type=\"widget\" data-widget_type=\"heading.default\">\n\t\t\t\t<div class=\"elementor-widget-container\">\n\t\t\t\t\t<h2 class=\"elementor-heading-title elementor-size-default\">PRESS KIT HERUNTERLADEN<\/h2>\t\t\t\t<\/div>\n\t\t\t\t<\/div>\n\t\t\t\t<div class=\"elementor-element elementor-element-b4a59e1 elementor-align-start elementor-icon-list--layout-traditional elementor-list-item-link-full_width elementor-widget elementor-widget-icon-list\" data-id=\"b4a59e1\" data-element_type=\"widget\" data-e-type=\"widget\" data-widget_type=\"icon-list.default\">\n\t\t\t\t<div class=\"elementor-widget-container\">\n\t\t\t\t\t\t\t<ul class=\"elementor-icon-list-items\">\n\t\t\t\t\t\t\t<li class=\"elementor-icon-list-item\">\n\t\t\t\t\t\t\t\t\t\t\t<a href=\"https:\/\/www.dropbox.com\/scl\/fo\/37f24lo79ju5a1jupc6vz\/AAIUwp9p8OjmHmUpiXZYLxw?rlkey=rpm8myweesah6obi45bactol2&#038;st=sla3jvp0&#038;dl=0\" target=\"_blank\">\n\n\t\t\t\t\t\t\t\t\t\t\t\t<span class=\"elementor-icon-list-icon\">\n\t\t\t\t\t\t\t<i aria-hidden=\"true\" class=\"far fa-newspaper\"><\/i>\t\t\t\t\t\t<\/span>\n\t\t\t\t\t\t\t\t\t\t<span class=\"elementor-icon-list-text\">PRESS KIT | ANNECY MEGARAMA<\/span>\n\t\t\t\t\t\t\t\t\t\t\t<\/a>\n\t\t\t\t\t\t\t\t\t<\/li>\n\t\t\t\t\t\t\t\t<li class=\"elementor-icon-list-item\">\n\t\t\t\t\t\t\t\t\t\t\t<a href=\"https:\/\/www.dropbox.com\/scl\/fo\/8td4203nm3cynh90u8o0n\/ACT0DEX8PxCB2HSYKiNdZp4?rlkey=vk15s4hfr80slukjmu75svbcl&#038;st=3p70tezj&#038;dl=0\" target=\"_blank\">\n\n\t\t\t\t\t\t\t\t\t\t\t\t<span class=\"elementor-icon-list-icon\">\n\t\t\t\t\t\t\t<i aria-hidden=\"true\" class=\"far fa-newspaper\"><\/i>\t\t\t\t\t\t<\/span>\n\t\t\t\t\t\t\t\t\t\t<span class=\"elementor-icon-list-text\">PRESS KIT | ANNECY PATHE<\/span>\n\t\t\t\t\t\t\t\t\t\t\t<\/a>\n\t\t\t\t\t\t\t\t\t<\/li>\n\t\t\t\t\t\t\t\t<li class=\"elementor-icon-list-item\">\n\t\t\t\t\t\t\t\t\t\t\t<a href=\"https:\/\/www.dropbox.com\/scl\/fo\/tu4qpy0jdxlquebc37exz\/AB8MdbLJx0twBJYtdM34I3Y?rlkey=dkvzyig5hanow9lnzc9egrrkj&#038;st=o5yofmlf&#038;dl=0\" target=\"_blank\">\n\n\t\t\t\t\t\t\t\t\t\t\t\t<span class=\"elementor-icon-list-icon\">\n\t\t\t\t\t\t\t<i aria-hidden=\"true\" class=\"far fa-newspaper\"><\/i>\t\t\t\t\t\t<\/span>\n\t\t\t\t\t\t\t\t\t\t<span class=\"elementor-icon-list-text\">PRESS KIT | ARCHAMPS<\/span>\n\t\t\t\t\t\t\t\t\t\t\t<\/a>\n\t\t\t\t\t\t\t\t\t<\/li>\n\t\t\t\t\t\t\t\t<li class=\"elementor-icon-list-item\">\n\t\t\t\t\t\t\t\t\t\t\t<a href=\"https:\/\/www.dropbox.com\/scl\/fo\/yoe1i02gf4p9wxng4ecia\/AOMmMMw3k-9dAgVf7LrEJk0?rlkey=36l8l2alyqlglu24qb5f8gfyc&#038;st=db41tyt0&#038;dl=0\" target=\"_blank\">\n\n\t\t\t\t\t\t\t\t\t\t\t\t<span class=\"elementor-icon-list-icon\">\n\t\t\t\t\t\t\t<i aria-hidden=\"true\" class=\"far fa-newspaper\"><\/i>\t\t\t\t\t\t<\/span>\n\t\t\t\t\t\t\t\t\t\t<span class=\"elementor-icon-list-text\">PRESS KIT | BIARRITZ<\/span>\n\t\t\t\t\t\t\t\t\t\t\t<\/a>\n\t\t\t\t\t\t\t\t\t<\/li>\n\t\t\t\t\t\t\t\t<li class=\"elementor-icon-list-item\">\n\t\t\t\t\t\t\t\t\t\t\t<a href=\"https:\/\/www.dropbox.com\/scl\/fo\/dhnstr9cr4x774ll3pvln\/AN-6VTv38utZO57afzliJjk?rlkey=v9s7f1s7qg9qsbzz4aeao86pu&#038;st=t88yz7lc&#038;dl=0\" target=\"_blank\">\n\n\t\t\t\t\t\t\t\t\t\t\t\t<span class=\"elementor-icon-list-icon\">\n\t\t\t\t\t\t\t<i aria-hidden=\"true\" class=\"far fa-newspaper\"><\/i>\t\t\t\t\t\t<\/span>\n\t\t\t\t\t\t\t\t\t\t<span class=\"elementor-icon-list-text\">PRESS KIT | GENEVE<\/span>\n\t\t\t\t\t\t\t\t\t\t\t<\/a>\n\t\t\t\t\t\t\t\t\t<\/li>\n\t\t\t\t\t\t\t\t<li class=\"elementor-icon-list-item\">\n\t\t\t\t\t\t\t\t\t\t\t<a href=\"https:\/\/www.dropbox.com\/scl\/fo\/8vsz3qkhmn8tceoznpm33\/AByhfA9rs8Bt2spQyMu_Xi0?rlkey=giu8fia1b0qwvb7awae32p7id&#038;st=0jqx1ndg&#038;dl=0\" target=\"_blank\">\n\n\t\t\t\t\t\t\t\t\t\t\t\t<span class=\"elementor-icon-list-icon\">\n\t\t\t\t\t\t\t<i aria-hidden=\"true\" class=\"far fa-newspaper\"><\/i>\t\t\t\t\t\t<\/span>\n\t\t\t\t\t\t\t\t\t\t<span class=\"elementor-icon-list-text\">PRESS KIT | INNSBRUCK<\/span>\n\t\t\t\t\t\t\t\t\t\t\t<\/a>\n\t\t\t\t\t\t\t\t\t<\/li>\n\t\t\t\t\t\t\t\t<li class=\"elementor-icon-list-item\">\n\t\t\t\t\t\t\t\t\t\t\t<a href=\"https:\/\/www.dropbox.com\/scl\/fo\/u1byrarbe08ttrnejxw9a\/AMa6gC792iWSkwK0dSTKWa0?rlkey=bbl1wirufjf9mpi9j1bpebtmd&#038;st=9h9b4jbu&#038;dl=0\" target=\"_blank\">\n\n\t\t\t\t\t\t\t\t\t\t\t\t<span class=\"elementor-icon-list-icon\">\n\t\t\t\t\t\t\t<i aria-hidden=\"true\" class=\"far fa-newspaper\"><\/i>\t\t\t\t\t\t<\/span>\n\t\t\t\t\t\t\t\t\t\t<span class=\"elementor-icon-list-text\">PRESS KIT | LAUSANNE<\/span>\n\t\t\t\t\t\t\t\t\t\t\t<\/a>\n\t\t\t\t\t\t\t\t\t<\/li>\n\t\t\t\t\t\t\t\t<li class=\"elementor-icon-list-item\">\n\t\t\t\t\t\t\t\t\t\t\t<a href=\"https:\/\/www.dropbox.com\/scl\/fo\/zjnxuvq30fy2h70ls2uol\/AAS_MXFloHq5TwrUp7Up-CU?rlkey=jhi30hfnt04opz4o8uzfxjpt7&#038;st=tv7hqebs&#038;dl=0\" target=\"_blank\">\n\n\t\t\t\t\t\t\t\t\t\t\t\t<span class=\"elementor-icon-list-icon\">\n\t\t\t\t\t\t\t<i aria-hidden=\"true\" class=\"far fa-newspaper\"><\/i>\t\t\t\t\t\t<\/span>\n\t\t\t\t\t\t\t\t\t\t<span class=\"elementor-icon-list-text\">PRESS KIT | M\u00dcNCHEN<\/span>\n\t\t\t\t\t\t\t\t\t\t\t<\/a>\n\t\t\t\t\t\t\t\t\t<\/li>\n\t\t\t\t\t\t\t\t<li class=\"elementor-icon-list-item\">\n\t\t\t\t\t\t\t\t\t\t\t<a href=\"https:\/\/www.dropbox.com\/scl\/fo\/etrvcwr4mk02qn5kvd3al\/AEbQrWFng8m3BIXyffVVM_E?rlkey=rmh8hum36djhj0y0pnd14c5ln&#038;st=uncijfq0&#038;dl=0\" target=\"_blank\">\n\n\t\t\t\t\t\t\t\t\t\t\t\t<span class=\"elementor-icon-list-icon\">\n\t\t\t\t\t\t\t<i aria-hidden=\"true\" class=\"far fa-newspaper\"><\/i>\t\t\t\t\t\t<\/span>\n\t\t\t\t\t\t\t\t\t\t<span class=\"elementor-icon-list-text\">PRESS KIT | PARIS<\/span>\n\t\t\t\t\t\t\t\t\t\t\t<\/a>\n\t\t\t\t\t\t\t\t\t<\/li>\n\t\t\t\t\t\t\t\t<li class=\"elementor-icon-list-item\">\n\t\t\t\t\t\t\t\t\t\t\t<a href=\"https:\/\/www.dropbox.com\/scl\/fo\/6qgeyalfkurcfwtvmknn3\/AP2r7hGv-5oVDM-Un6N3nFc?rlkey=juawyd7tlbrujdk94tpe2rw60&#038;st=yv03ecis&#038;dl=0\" target=\"_blank\">\n\n\t\t\t\t\t\t\t\t\t\t\t\t<span class=\"elementor-icon-list-icon\">\n\t\t\t\t\t\t\t<i aria-hidden=\"true\" class=\"far fa-newspaper\"><\/i>\t\t\t\t\t\t<\/span>\n\t\t\t\t\t\t\t\t\t\t<span class=\"elementor-icon-list-text\">PRESS KIT | SALLANCHES<\/span>\n\t\t\t\t\t\t\t\t\t\t\t<\/a>\n\t\t\t\t\t\t\t\t\t<\/li>\n\t\t\t\t\t\t\t\t<li class=\"elementor-icon-list-item\">\n\t\t\t\t\t\t\t\t\t\t\t<a href=\"https:\/\/www.dropbox.com\/scl\/fo\/mnrgcn0f8woo7u3f1zl4i\/AMj34VUd-velQOZgkLk69U4?rlkey=y87ifwvci6dfg58l4hkqyp84q&#038;st=tstz15ir&#038;dl=0\" target=\"_blank\">\n\n\t\t\t\t\t\t\t\t\t\t\t\t<span class=\"elementor-icon-list-icon\">\n\t\t\t\t\t\t\t<i aria-hidden=\"true\" class=\"far fa-newspaper\"><\/i>\t\t\t\t\t\t<\/span>\n\t\t\t\t\t\t\t\t\t\t<span class=\"elementor-icon-list-text\">PRESS KIT | THONON<\/span>\n\t\t\t\t\t\t\t\t\t\t\t<\/a>\n\t\t\t\t\t\t\t\t\t<\/li>\n\t\t\t\t\t\t\t\t<li class=\"elementor-icon-list-item\">\n\t\t\t\t\t\t\t\t\t\t\t<a href=\"https:\/\/www.dropbox.com\/scl\/fo\/uaysx1wgc691npjq3tvit\/AD_qst36-aqN31xpr2kViL8?rlkey=uf1q7tbqy43vadc1bbzrnvm05&#038;st=czt19zij&#038;dl=0\" target=\"_blank\">\n\n\t\t\t\t\t\t\t\t\t\t\t\t<span class=\"elementor-icon-list-icon\">\n\t\t\t\t\t\t\t<i aria-hidden=\"true\" class=\"far fa-newspaper\"><\/i>\t\t\t\t\t\t<\/span>\n\t\t\t\t\t\t\t\t\t\t<span class=\"elementor-icon-list-text\">PRESS KIT | ZURICH<\/span>\n\t\t\t\t\t\t\t\t\t\t\t<\/a>\n\t\t\t\t\t\t\t\t\t<\/li>\n\t\t\t\t\t\t\t\t<li class=\"elementor-icon-list-item\">\n\t\t\t\t\t\t\t\t\t\t\t<a href=\"https:\/\/www.dropbox.com\/scl\/fo\/bcqyukzq4gpkk6pywldf0\/AOjcXt7VisHktNp9URKCK4M?rlkey=d9rsn9xs22pdt1ersefvevzhz&#038;st=pgrgnixy&#038;dl=0\" target=\"_blank\">\n\n\t\t\t\t\t\t\t\t\t\t\t\t<span class=\"elementor-icon-list-icon\">\n\t\t\t\t\t\t\t<i aria-hidden=\"true\" class=\"far fa-newspaper\"><\/i>\t\t\t\t\t\t<\/span>\n\t\t\t\t\t\t\t\t\t\t<span class=\"elementor-icon-list-text\">PRESS KIT | FR<\/span>\n\t\t\t\t\t\t\t\t\t\t\t<\/a>\n\t\t\t\t\t\t\t\t\t<\/li>\n\t\t\t\t\t\t\t\t<li class=\"elementor-icon-list-item\">\n\t\t\t\t\t\t\t\t\t\t\t<a href=\"https:\/\/www.dropbox.com\/scl\/fo\/muihudtsqkubxto8m6bqr\/ALMNh3eHQOXq0XMPUWCeVYA?rlkey=twfm8vmu6oj2vb6sg3uvzxbcb&#038;st=89amgga1&#038;dl=0\" target=\"_blank\">\n\n\t\t\t\t\t\t\t\t\t\t\t\t<span class=\"elementor-icon-list-icon\">\n\t\t\t\t\t\t\t<i aria-hidden=\"true\" class=\"far fa-newspaper\"><\/i>\t\t\t\t\t\t<\/span>\n\t\t\t\t\t\t\t\t\t\t<span class=\"elementor-icon-list-text\">PRESS KIT | SCHWEIZ FR<\/span>\n\t\t\t\t\t\t\t\t\t\t\t<\/a>\n\t\t\t\t\t\t\t\t\t<\/li>\n\t\t\t\t\t\t\t\t<li class=\"elementor-icon-list-item\">\n\t\t\t\t\t\t\t\t\t\t\t<a href=\"https:\/\/www.dropbox.com\/scl\/fo\/v7subrigb4ehyrfua1obm\/AP_pEynPRqKvcQjVW1NKKjs?rlkey=sde4eb16e4gu3ro3844ehrsw3&#038;st=3nfwv35e&#038;dl=0\" target=\"_blank\">\n\n\t\t\t\t\t\t\t\t\t\t\t\t<span class=\"elementor-icon-list-icon\">\n\t\t\t\t\t\t\t<i aria-hidden=\"true\" class=\"far fa-newspaper\"><\/i>\t\t\t\t\t\t<\/span>\n\t\t\t\t\t\t\t\t\t\t<span class=\"elementor-icon-list-text\">PRESS KIT | SCHWEIZ DE<\/span>\n\t\t\t\t\t\t\t\t\t\t\t<\/a>\n\t\t\t\t\t\t\t\t\t<\/li>\n\t\t\t\t\t\t\t\t<li class=\"elementor-icon-list-item\">\n\t\t\t\t\t\t\t\t\t\t\t<a href=\"https:\/\/www.dropbox.com\/scl\/fo\/cyw7h8b2zcua9tb5xclyv\/AFIO_tGuHUrU2xZjWXb6AWY?rlkey=n2fjnqt5n4wa0zi4hj90ie1le&#038;st=65xlij9y&#038;dl=0\" target=\"_blank\">\n\n\t\t\t\t\t\t\t\t\t\t\t\t<span class=\"elementor-icon-list-icon\">\n\t\t\t\t\t\t\t<i aria-hidden=\"true\" class=\"far fa-newspaper\"><\/i>\t\t\t\t\t\t<\/span>\n\t\t\t\t\t\t\t\t\t\t<span class=\"elementor-icon-list-text\">PRESS KIT | DE &amp; \u00d6S<\/span>\n\t\t\t\t\t\t\t\t\t\t\t<\/a>\n\t\t\t\t\t\t\t\t\t<\/li>\n\t\t\t\t\t\t<\/ul>\n\t\t\t\t\t\t<\/div>\n\t\t\t\t<\/div>\n\t\t\t\t\t<\/div>\n\t\t<\/div>\n\t\t\t\t\t<\/div>\n\t\t<\/section>\n\t\t\t\t<\/div>\n\t\t","protected":false},"excerpt":{"rendered":"<p>CHRONICLES OF A WILD DECADE &amp; FREEBIRDS La Nuit de la Glisse 2025 l\u00e4dt euch zu einem einzigartigen Abend mit zwei sich erg\u00e4nzenden Filmen ein \u2013 vereint durch eine gemeinsame Suche: dem Streben nach dem perfekten Moment. &nbsp; Der Abend beginnt mit Chronicles of a Wild Decade, einer Hommage an die 2010er-Jahre anhand der pers\u00f6nlichen [&hellip;]<\/p>\n","protected":false},"author":1,"featured_media":17770,"parent":0,"menu_order":0,"comment_status":"closed","ping_status":"closed","template":"","meta":{"_acf_changed":false,"footnotes":""},"class_list":["post-770","page","type-page","status-publish","has-post-thumbnail","hentry"],"acf":[],"yoast_head":"<!-- This site is optimized with the Yoast SEO plugin v27.1.1 - https:\/\/yoast.com\/product\/yoast-seo-wordpress\/ -->\n<title>Press - Human X - NDG Cinema (Nuit de la Glisse)<\/title>\n<meta name=\"description\" content=\"Press\" \/>\n<meta name=\"robots\" content=\"index, follow, max-snippet:-1, max-image-preview:large, max-video-preview:-1\" \/>\n<link rel=\"canonical\" href=\"https:\/\/nuitdelaglisse.com\/de\/press\/\" \/>\n<meta property=\"og:locale\" content=\"de_DE\" \/>\n<meta property=\"og:type\" content=\"article\" \/>\n<meta property=\"og:title\" content=\"Press - Human X - NDG Cinema (Nuit de la Glisse)\" \/>\n<meta property=\"og:description\" content=\"Press\" \/>\n<meta property=\"og:url\" content=\"https:\/\/nuitdelaglisse.com\/de\/press\/\" \/>\n<meta property=\"og:site_name\" content=\"NDG Cinema (Nuit de la Glisse)\" \/>\n<meta property=\"article:publisher\" content=\"https:\/\/www.facebook.com\/NDGcinema\/\" \/>\n<meta property=\"article:modified_time\" content=\"2025-09-30T13:48:39+00:00\" \/>\n<meta property=\"og:image\" content=\"https:\/\/nuitdelaglisse.com\/wp-content\/uploads\/2024\/04\/WhatsApp-Image-2024-04-23-at-11.10.56-2-e1713948611280.jpeg\" \/>\n\t<meta property=\"og:image:width\" content=\"1280\" \/>\n\t<meta property=\"og:image:height\" content=\"756\" \/>\n\t<meta property=\"og:image:type\" content=\"image\/jpeg\" \/>\n<meta name=\"twitter:card\" content=\"summary_large_image\" \/>\n<meta name=\"twitter:label1\" content=\"Gesch\u00e4tzte Lesezeit\" \/>\n\t<meta name=\"twitter:data1\" content=\"1\u00a0Minute\" \/>\n<script type=\"application\/ld+json\" class=\"yoast-schema-graph\">{\"@context\":\"https:\/\/schema.org\",\"@graph\":[{\"@type\":\"WebPage\",\"@id\":\"https:\/\/nuitdelaglisse.com\/de\/press\/\",\"url\":\"https:\/\/nuitdelaglisse.com\/de\/press\/\",\"name\":\"Press - Human X - NDG Cinema (Nuit de la Glisse)\",\"isPartOf\":{\"@id\":\"https:\/\/nuitdelaglisse.com\/de\/#website\"},\"primaryImageOfPage\":{\"@id\":\"https:\/\/nuitdelaglisse.com\/de\/press\/#primaryimage\"},\"image\":{\"@id\":\"https:\/\/nuitdelaglisse.com\/de\/press\/#primaryimage\"},\"thumbnailUrl\":\"https:\/\/nuitdelaglisse.com\/wp-content\/uploads\/2024\/04\/WhatsApp-Image-2024-04-23-at-11.10.56-2-e1713948611280.jpeg\",\"datePublished\":\"2018-08-29T10:04:31+00:00\",\"dateModified\":\"2025-09-30T13:48:39+00:00\",\"description\":\"Press\",\"breadcrumb\":{\"@id\":\"https:\/\/nuitdelaglisse.com\/de\/press\/#breadcrumb\"},\"inLanguage\":\"de\",\"potentialAction\":[{\"@type\":\"ReadAction\",\"target\":[\"https:\/\/nuitdelaglisse.com\/de\/press\/\"]}]},{\"@type\":\"ImageObject\",\"inLanguage\":\"de\",\"@id\":\"https:\/\/nuitdelaglisse.com\/de\/press\/#primaryimage\",\"url\":\"https:\/\/nuitdelaglisse.com\/wp-content\/uploads\/2024\/04\/WhatsApp-Image-2024-04-23-at-11.10.56-2-e1713948611280.jpeg\",\"contentUrl\":\"https:\/\/nuitdelaglisse.com\/wp-content\/uploads\/2024\/04\/WhatsApp-Image-2024-04-23-at-11.10.56-2-e1713948611280.jpeg\",\"width\":1280,\"height\":756,\"caption\":\"002\"},{\"@type\":\"BreadcrumbList\",\"@id\":\"https:\/\/nuitdelaglisse.com\/de\/press\/#breadcrumb\",\"itemListElement\":[{\"@type\":\"ListItem\",\"position\":1,\"name\":\"Home\",\"item\":\"https:\/\/nuitdelaglisse.com\/de\/\"},{\"@type\":\"ListItem\",\"position\":2,\"name\":\"Press\"}]},{\"@type\":\"WebSite\",\"@id\":\"https:\/\/nuitdelaglisse.com\/de\/#website\",\"url\":\"https:\/\/nuitdelaglisse.com\/de\/\",\"name\":\"NDG Cinema (Nuit de la Glisse)\",\"description\":\"NDG Cinema is now the official name for Nuit de la Glisse Films. New projects are coming !\",\"publisher\":{\"@id\":\"https:\/\/nuitdelaglisse.com\/de\/#organization\"},\"potentialAction\":[{\"@type\":\"SearchAction\",\"target\":{\"@type\":\"EntryPoint\",\"urlTemplate\":\"https:\/\/nuitdelaglisse.com\/de\/?s={search_term_string}\"},\"query-input\":{\"@type\":\"PropertyValueSpecification\",\"valueRequired\":true,\"valueName\":\"search_term_string\"}}],\"inLanguage\":\"de\"},{\"@type\":\"Organization\",\"@id\":\"https:\/\/nuitdelaglisse.com\/de\/#organization\",\"name\":\"NDG Cinema (Nuit de la Glisse)\",\"url\":\"https:\/\/nuitdelaglisse.com\/de\/\",\"logo\":{\"@type\":\"ImageObject\",\"inLanguage\":\"de\",\"@id\":\"https:\/\/nuitdelaglisse.com\/de\/#\/schema\/logo\/image\/\",\"url\":\"https:\/\/ndgcinema.com\/wp-content\/uploads\/2019\/09\/festival-ndg-2019.jpg\",\"contentUrl\":\"https:\/\/ndgcinema.com\/wp-content\/uploads\/2019\/09\/festival-ndg-2019.jpg\",\"width\":960,\"height\":1280,\"caption\":\"NDG Cinema (Nuit de la Glisse)\"},\"image\":{\"@id\":\"https:\/\/nuitdelaglisse.com\/de\/#\/schema\/logo\/image\/\"},\"sameAs\":[\"https:\/\/www.facebook.com\/NDGcinema\/\",\"https:\/\/www.instagram.com\/ndgcinema\/\",\"https:\/\/www.youtube.com\/NDGCinema\"]}]}<\/script>\n<!-- \/ Yoast SEO plugin. -->","yoast_head_json":{"title":"Press - Human X - NDG Cinema (Nuit de la Glisse)","description":"Press","robots":{"index":"index","follow":"follow","max-snippet":"max-snippet:-1","max-image-preview":"max-image-preview:large","max-video-preview":"max-video-preview:-1"},"canonical":"https:\/\/nuitdelaglisse.com\/de\/press\/","og_locale":"de_DE","og_type":"article","og_title":"Press - Human X - NDG Cinema (Nuit de la Glisse)","og_description":"Press","og_url":"https:\/\/nuitdelaglisse.com\/de\/press\/","og_site_name":"NDG Cinema (Nuit de la Glisse)","article_publisher":"https:\/\/www.facebook.com\/NDGcinema\/","article_modified_time":"2025-09-30T13:48:39+00:00","og_image":[{"width":1280,"height":756,"url":"https:\/\/nuitdelaglisse.com\/wp-content\/uploads\/2024\/04\/WhatsApp-Image-2024-04-23-at-11.10.56-2-e1713948611280.jpeg","type":"image\/jpeg"}],"twitter_card":"summary_large_image","twitter_misc":{"Gesch\u00e4tzte Lesezeit":"1\u00a0Minute"},"schema":{"@context":"https:\/\/schema.org","@graph":[{"@type":"WebPage","@id":"https:\/\/nuitdelaglisse.com\/de\/press\/","url":"https:\/\/nuitdelaglisse.com\/de\/press\/","name":"Press - Human X - NDG Cinema (Nuit de la Glisse)","isPartOf":{"@id":"https:\/\/nuitdelaglisse.com\/de\/#website"},"primaryImageOfPage":{"@id":"https:\/\/nuitdelaglisse.com\/de\/press\/#primaryimage"},"image":{"@id":"https:\/\/nuitdelaglisse.com\/de\/press\/#primaryimage"},"thumbnailUrl":"https:\/\/nuitdelaglisse.com\/wp-content\/uploads\/2024\/04\/WhatsApp-Image-2024-04-23-at-11.10.56-2-e1713948611280.jpeg","datePublished":"2018-08-29T10:04:31+00:00","dateModified":"2025-09-30T13:48:39+00:00","description":"Press","breadcrumb":{"@id":"https:\/\/nuitdelaglisse.com\/de\/press\/#breadcrumb"},"inLanguage":"de","potentialAction":[{"@type":"ReadAction","target":["https:\/\/nuitdelaglisse.com\/de\/press\/"]}]},{"@type":"ImageObject","inLanguage":"de","@id":"https:\/\/nuitdelaglisse.com\/de\/press\/#primaryimage","url":"https:\/\/nuitdelaglisse.com\/wp-content\/uploads\/2024\/04\/WhatsApp-Image-2024-04-23-at-11.10.56-2-e1713948611280.jpeg","contentUrl":"https:\/\/nuitdelaglisse.com\/wp-content\/uploads\/2024\/04\/WhatsApp-Image-2024-04-23-at-11.10.56-2-e1713948611280.jpeg","width":1280,"height":756,"caption":"002"},{"@type":"BreadcrumbList","@id":"https:\/\/nuitdelaglisse.com\/de\/press\/#breadcrumb","itemListElement":[{"@type":"ListItem","position":1,"name":"Home","item":"https:\/\/nuitdelaglisse.com\/de\/"},{"@type":"ListItem","position":2,"name":"Press"}]},{"@type":"WebSite","@id":"https:\/\/nuitdelaglisse.com\/de\/#website","url":"https:\/\/nuitdelaglisse.com\/de\/","name":"NDG Cinema (Nuit de la Glisse)","description":"NDG Cinema is now the official name for Nuit de la Glisse Films. New projects are coming !","publisher":{"@id":"https:\/\/nuitdelaglisse.com\/de\/#organization"},"potentialAction":[{"@type":"SearchAction","target":{"@type":"EntryPoint","urlTemplate":"https:\/\/nuitdelaglisse.com\/de\/?s={search_term_string}"},"query-input":{"@type":"PropertyValueSpecification","valueRequired":true,"valueName":"search_term_string"}}],"inLanguage":"de"},{"@type":"Organization","@id":"https:\/\/nuitdelaglisse.com\/de\/#organization","name":"NDG Cinema (Nuit de la Glisse)","url":"https:\/\/nuitdelaglisse.com\/de\/","logo":{"@type":"ImageObject","inLanguage":"de","@id":"https:\/\/nuitdelaglisse.com\/de\/#\/schema\/logo\/image\/","url":"https:\/\/ndgcinema.com\/wp-content\/uploads\/2019\/09\/festival-ndg-2019.jpg","contentUrl":"https:\/\/ndgcinema.com\/wp-content\/uploads\/2019\/09\/festival-ndg-2019.jpg","width":960,"height":1280,"caption":"NDG Cinema (Nuit de la Glisse)"},"image":{"@id":"https:\/\/nuitdelaglisse.com\/de\/#\/schema\/logo\/image\/"},"sameAs":["https:\/\/www.facebook.com\/NDGcinema\/","https:\/\/www.instagram.com\/ndgcinema\/","https:\/\/www.youtube.com\/NDGCinema"]}]}},"_links":{"self":[{"href":"https:\/\/nuitdelaglisse.com\/de\/wp-json\/wp\/v2\/pages\/770","targetHints":{"allow":["GET"]}}],"collection":[{"href":"https:\/\/nuitdelaglisse.com\/de\/wp-json\/wp\/v2\/pages"}],"about":[{"href":"https:\/\/nuitdelaglisse.com\/de\/wp-json\/wp\/v2\/types\/page"}],"author":[{"embeddable":true,"href":"https:\/\/nuitdelaglisse.com\/de\/wp-json\/wp\/v2\/users\/1"}],"replies":[{"embeddable":true,"href":"https:\/\/nuitdelaglisse.com\/de\/wp-json\/wp\/v2\/comments?post=770"}],"version-history":[{"count":3,"href":"https:\/\/nuitdelaglisse.com\/de\/wp-json\/wp\/v2\/pages\/770\/revisions"}],"predecessor-version":[{"id":26151,"href":"https:\/\/nuitdelaglisse.com\/de\/wp-json\/wp\/v2\/pages\/770\/revisions\/26151"}],"wp:featuredmedia":[{"embeddable":true,"href":"https:\/\/nuitdelaglisse.com\/de\/wp-json\/wp\/v2\/media\/17770"}],"wp:attachment":[{"href":"https:\/\/nuitdelaglisse.com\/de\/wp-json\/wp\/v2\/media?parent=770"}],"curies":[{"name":"wp","href":"https:\/\/api.w.org\/{rel}","templated":true}]}}