{"id":526,"date":"2018-08-28T13:57:37","date_gmt":"2018-08-28T11:57:37","guid":{"rendered":"https:\/\/tmp2.novelar.fr\/events\/"},"modified":"2026-03-09T14:36:04","modified_gmt":"2026-03-09T13:36:04","slug":"buchung","status":"publish","type":"page","link":"https:\/\/nuitdelaglisse.com\/de\/buchung\/","title":{"rendered":"Buchung"},"content":{"rendered":"\t\t<div data-elementor-type=\"wp-post\" data-elementor-id=\"526\" class=\"elementor elementor-526 elementor-390\" data-elementor-post-type=\"page\">\n\t\t\t\t<div class=\"elementor-element elementor-element-86b5ddc e-con-full e-flex e-con e-parent\" data-id=\"86b5ddc\" data-element_type=\"container\" data-e-type=\"container\" data-settings=\"{&quot;background_background&quot;:&quot;classic&quot;}\">\n\t\t<div class=\"elementor-element elementor-element-cd9ba12 e-flex e-con-boxed e-con e-child\" data-id=\"cd9ba12\" data-element_type=\"container\" data-e-type=\"container\">\n\t\t\t\t\t<div class=\"e-con-inner\">\n\t\t\t\t<div class=\"elementor-element elementor-element-6269c64 elementor-widget elementor-widget-heading\" data-id=\"6269c64\" data-element_type=\"widget\" data-e-type=\"widget\" data-widget_type=\"heading.default\">\n\t\t\t\t<div class=\"elementor-widget-container\">\n\t\t\t\t\t<h1 class=\"elementor-heading-title elementor-size-default\">Vielen Dank an alle!<\/h1>\t\t\t\t<\/div>\n\t\t\t\t<\/div>\n\t\t\t\t<div class=\"elementor-element elementor-element-9f6bf92 elementor-widget elementor-widget-heading\" data-id=\"9f6bf92\" data-element_type=\"widget\" data-e-type=\"widget\" data-widget_type=\"heading.default\">\n\t\t\t\t<div class=\"elementor-widget-container\">\n\t\t\t\t\t<p class=\"elementor-heading-title elementor-size-default\">Die Kinoauswertung von La Nuit de la Glisse 2025 ist nun zu Ende, und was f\u00fcr ein Abenteuer!<br><br> Ausverkaufte Kinos\u00e4le, unvergessliche Begegnungen und eine unglaubliche Energie, die wir mit euch teilen durften.<br><br>Ein riesiges Dankesch\u00f6n an alle Zuschauer, die Kinos, die Athleten und das gesamte Team, die dieses Abenteuer Jahr f\u00fcr Jahr m\u00f6glich machen.<br><br>Die n\u00e4chsten Projekte kommen bald... bleibt dran!<\/p>\t\t\t\t<\/div>\n\t\t\t\t<\/div>\n\t\t\t\t\t<\/div>\n\t\t\t\t<\/div>\n\t\t\t\t<\/div>\n\t\t<div class=\"elementor-element elementor-element-69e22bc e-flex e-con-boxed e-con e-parent\" data-id=\"69e22bc\" data-element_type=\"container\" data-e-type=\"container\">\n\t\t\t\t\t<div class=\"e-con-inner\">\n\t\t\n\n\n\n \n\n\n\n \n\n\n\n \t\t<div class=\"elementor-element elementor-element-2b66951 elementor-widget-divider--view-line elementor-widget elementor-widget-divider\" data-id=\"2b66951\" data-element_type=\"widget\" data-e-type=\"widget\" data-widget_type=\"divider.default\">\n\t\t\t\t<div class=\"elementor-widget-container\">\n\t\t\t\t\t\t\t<div class=\"elementor-divider\">\n\t\t\t<span class=\"elementor-divider-separator\">\n\t\t\t\t\t\t<\/span>\n\t\t<\/div>\n\t\t\t\t\t\t<\/div>\n\t\t\t\t<\/div>\n\t\t\t\t\t<\/div>\n\t\t\t\t<\/div>\n\t\t\t\t<\/div>\n\t\t","protected":false},"excerpt":{"rendered":"<p>Vielen Dank an alle! Die Kinoauswertung von La Nuit de la Glisse 2025 ist nun zu Ende, und was f\u00fcr ein Abenteuer! Ausverkaufte Kinos\u00e4le, unvergessliche Begegnungen und eine unglaubliche Energie, die wir mit euch teilen durften. Ein riesiges Dankesch\u00f6n an alle Zuschauer, die Kinos, die Athleten und das gesamte Team, die dieses Abenteuer Jahr f\u00fcr [&hellip;]<\/p>\n","protected":false},"author":1,"featured_media":528,"parent":0,"menu_order":0,"comment_status":"closed","ping_status":"closed","template":"","meta":{"_acf_changed":false,"footnotes":""},"class_list":["post-526","page","type-page","status-publish","has-post-thumbnail","hentry"],"acf":[],"yoast_head":"<!-- This site is optimized with the Yoast SEO plugin v27.1.1 - https:\/\/yoast.com\/product\/yoast-seo-wordpress\/ -->\n<title>Buchung - NDG Cinema (Nuit de la Glisse)<\/title>\n<meta name=\"description\" content=\"Buchung\" \/>\n<meta name=\"robots\" content=\"index, follow, max-snippet:-1, max-image-preview:large, max-video-preview:-1\" \/>\n<link rel=\"canonical\" href=\"https:\/\/nuitdelaglisse.com\/de\/buchung\/\" \/>\n<meta property=\"og:locale\" content=\"de_DE\" \/>\n<meta property=\"og:type\" content=\"article\" \/>\n<meta property=\"og:title\" content=\"Buchung - NDG Cinema (Nuit de la Glisse)\" \/>\n<meta property=\"og:description\" content=\"Buchung\" \/>\n<meta property=\"og:url\" content=\"https:\/\/nuitdelaglisse.com\/de\/buchung\/\" \/>\n<meta property=\"og:site_name\" content=\"NDG Cinema (Nuit de la Glisse)\" \/>\n<meta property=\"article:publisher\" content=\"https:\/\/www.facebook.com\/NDGcinema\/\" \/>\n<meta property=\"article:modified_time\" content=\"2026-03-09T13:36:04+00:00\" \/>\n<meta property=\"og:image\" content=\"https:\/\/nuitdelaglisse.com\/wp-content\/uploads\/2018\/08\/\u00a9NDG_2015_IMG_9716-1.jpg\" \/>\n\t<meta property=\"og:image:width\" content=\"1920\" \/>\n\t<meta property=\"og:image:height\" content=\"1169\" \/>\n\t<meta property=\"og:image:type\" content=\"image\/jpeg\" \/>\n<meta name=\"twitter:card\" content=\"summary_large_image\" \/>\n<meta name=\"twitter:label1\" content=\"Gesch\u00e4tzte Lesezeit\" \/>\n\t<meta name=\"twitter:data1\" content=\"2\u00a0Minuten\" \/>\n<script type=\"application\/ld+json\" class=\"yoast-schema-graph\">{\"@context\":\"https:\/\/schema.org\",\"@graph\":[{\"@type\":\"WebPage\",\"@id\":\"https:\/\/nuitdelaglisse.com\/de\/buchung\/\",\"url\":\"https:\/\/nuitdelaglisse.com\/de\/buchung\/\",\"name\":\"Buchung - NDG Cinema (Nuit de la Glisse)\",\"isPartOf\":{\"@id\":\"https:\/\/nuitdelaglisse.com\/de\/#website\"},\"primaryImageOfPage\":{\"@id\":\"https:\/\/nuitdelaglisse.com\/de\/buchung\/#primaryimage\"},\"image\":{\"@id\":\"https:\/\/nuitdelaglisse.com\/de\/buchung\/#primaryimage\"},\"thumbnailUrl\":\"https:\/\/nuitdelaglisse.com\/wp-content\/uploads\/2018\/08\/\u00a9NDG_2015_IMG_9716-1.jpg\",\"datePublished\":\"2018-08-28T11:57:37+00:00\",\"dateModified\":\"2026-03-09T13:36:04+00:00\",\"description\":\"Buchung\",\"breadcrumb\":{\"@id\":\"https:\/\/nuitdelaglisse.com\/de\/buchung\/#breadcrumb\"},\"inLanguage\":\"de\",\"potentialAction\":[{\"@type\":\"ReadAction\",\"target\":[\"https:\/\/nuitdelaglisse.com\/de\/buchung\/\"]}]},{\"@type\":\"ImageObject\",\"inLanguage\":\"de\",\"@id\":\"https:\/\/nuitdelaglisse.com\/de\/buchung\/#primaryimage\",\"url\":\"https:\/\/nuitdelaglisse.com\/wp-content\/uploads\/2018\/08\/\u00a9NDG_2015_IMG_9716-1.jpg\",\"contentUrl\":\"https:\/\/nuitdelaglisse.com\/wp-content\/uploads\/2018\/08\/\u00a9NDG_2015_IMG_9716-1.jpg\",\"width\":1920,\"height\":1169},{\"@type\":\"BreadcrumbList\",\"@id\":\"https:\/\/nuitdelaglisse.com\/de\/buchung\/#breadcrumb\",\"itemListElement\":[{\"@type\":\"ListItem\",\"position\":1,\"name\":\"Home\",\"item\":\"https:\/\/nuitdelaglisse.com\/de\/\"},{\"@type\":\"ListItem\",\"position\":2,\"name\":\"Buchung\"}]},{\"@type\":\"WebSite\",\"@id\":\"https:\/\/nuitdelaglisse.com\/de\/#website\",\"url\":\"https:\/\/nuitdelaglisse.com\/de\/\",\"name\":\"NDG Cinema (Nuit de la Glisse)\",\"description\":\"NDG Cinema is now the official name for Nuit de la Glisse Films. New projects are coming !\",\"publisher\":{\"@id\":\"https:\/\/nuitdelaglisse.com\/de\/#organization\"},\"potentialAction\":[{\"@type\":\"SearchAction\",\"target\":{\"@type\":\"EntryPoint\",\"urlTemplate\":\"https:\/\/nuitdelaglisse.com\/de\/?s={search_term_string}\"},\"query-input\":{\"@type\":\"PropertyValueSpecification\",\"valueRequired\":true,\"valueName\":\"search_term_string\"}}],\"inLanguage\":\"de\"},{\"@type\":\"Organization\",\"@id\":\"https:\/\/nuitdelaglisse.com\/de\/#organization\",\"name\":\"NDG Cinema (Nuit de la Glisse)\",\"url\":\"https:\/\/nuitdelaglisse.com\/de\/\",\"logo\":{\"@type\":\"ImageObject\",\"inLanguage\":\"de\",\"@id\":\"https:\/\/nuitdelaglisse.com\/de\/#\/schema\/logo\/image\/\",\"url\":\"https:\/\/ndgcinema.com\/wp-content\/uploads\/2019\/09\/festival-ndg-2019.jpg\",\"contentUrl\":\"https:\/\/ndgcinema.com\/wp-content\/uploads\/2019\/09\/festival-ndg-2019.jpg\",\"width\":960,\"height\":1280,\"caption\":\"NDG Cinema (Nuit de la Glisse)\"},\"image\":{\"@id\":\"https:\/\/nuitdelaglisse.com\/de\/#\/schema\/logo\/image\/\"},\"sameAs\":[\"https:\/\/www.facebook.com\/NDGcinema\/\",\"https:\/\/www.instagram.com\/ndgcinema\/\",\"https:\/\/www.youtube.com\/NDGCinema\"]}]}<\/script>\n<!-- \/ Yoast SEO plugin. -->","yoast_head_json":{"title":"Buchung - NDG Cinema (Nuit de la Glisse)","description":"Buchung","robots":{"index":"index","follow":"follow","max-snippet":"max-snippet:-1","max-image-preview":"max-image-preview:large","max-video-preview":"max-video-preview:-1"},"canonical":"https:\/\/nuitdelaglisse.com\/de\/buchung\/","og_locale":"de_DE","og_type":"article","og_title":"Buchung - NDG Cinema (Nuit de la Glisse)","og_description":"Buchung","og_url":"https:\/\/nuitdelaglisse.com\/de\/buchung\/","og_site_name":"NDG Cinema (Nuit de la Glisse)","article_publisher":"https:\/\/www.facebook.com\/NDGcinema\/","article_modified_time":"2026-03-09T13:36:04+00:00","og_image":[{"width":1920,"height":1169,"url":"https:\/\/nuitdelaglisse.com\/wp-content\/uploads\/2018\/08\/\u00a9NDG_2015_IMG_9716-1.jpg","type":"image\/jpeg"}],"twitter_card":"summary_large_image","twitter_misc":{"Gesch\u00e4tzte Lesezeit":"2\u00a0Minuten"},"schema":{"@context":"https:\/\/schema.org","@graph":[{"@type":"WebPage","@id":"https:\/\/nuitdelaglisse.com\/de\/buchung\/","url":"https:\/\/nuitdelaglisse.com\/de\/buchung\/","name":"Buchung - NDG Cinema (Nuit de la Glisse)","isPartOf":{"@id":"https:\/\/nuitdelaglisse.com\/de\/#website"},"primaryImageOfPage":{"@id":"https:\/\/nuitdelaglisse.com\/de\/buchung\/#primaryimage"},"image":{"@id":"https:\/\/nuitdelaglisse.com\/de\/buchung\/#primaryimage"},"thumbnailUrl":"https:\/\/nuitdelaglisse.com\/wp-content\/uploads\/2018\/08\/\u00a9NDG_2015_IMG_9716-1.jpg","datePublished":"2018-08-28T11:57:37+00:00","dateModified":"2026-03-09T13:36:04+00:00","description":"Buchung","breadcrumb":{"@id":"https:\/\/nuitdelaglisse.com\/de\/buchung\/#breadcrumb"},"inLanguage":"de","potentialAction":[{"@type":"ReadAction","target":["https:\/\/nuitdelaglisse.com\/de\/buchung\/"]}]},{"@type":"ImageObject","inLanguage":"de","@id":"https:\/\/nuitdelaglisse.com\/de\/buchung\/#primaryimage","url":"https:\/\/nuitdelaglisse.com\/wp-content\/uploads\/2018\/08\/\u00a9NDG_2015_IMG_9716-1.jpg","contentUrl":"https:\/\/nuitdelaglisse.com\/wp-content\/uploads\/2018\/08\/\u00a9NDG_2015_IMG_9716-1.jpg","width":1920,"height":1169},{"@type":"BreadcrumbList","@id":"https:\/\/nuitdelaglisse.com\/de\/buchung\/#breadcrumb","itemListElement":[{"@type":"ListItem","position":1,"name":"Home","item":"https:\/\/nuitdelaglisse.com\/de\/"},{"@type":"ListItem","position":2,"name":"Buchung"}]},{"@type":"WebSite","@id":"https:\/\/nuitdelaglisse.com\/de\/#website","url":"https:\/\/nuitdelaglisse.com\/de\/","name":"NDG Cinema (Nuit de la Glisse)","description":"NDG Cinema is now the official name for Nuit de la Glisse Films. New projects are coming !","publisher":{"@id":"https:\/\/nuitdelaglisse.com\/de\/#organization"},"potentialAction":[{"@type":"SearchAction","target":{"@type":"EntryPoint","urlTemplate":"https:\/\/nuitdelaglisse.com\/de\/?s={search_term_string}"},"query-input":{"@type":"PropertyValueSpecification","valueRequired":true,"valueName":"search_term_string"}}],"inLanguage":"de"},{"@type":"Organization","@id":"https:\/\/nuitdelaglisse.com\/de\/#organization","name":"NDG Cinema (Nuit de la Glisse)","url":"https:\/\/nuitdelaglisse.com\/de\/","logo":{"@type":"ImageObject","inLanguage":"de","@id":"https:\/\/nuitdelaglisse.com\/de\/#\/schema\/logo\/image\/","url":"https:\/\/ndgcinema.com\/wp-content\/uploads\/2019\/09\/festival-ndg-2019.jpg","contentUrl":"https:\/\/ndgcinema.com\/wp-content\/uploads\/2019\/09\/festival-ndg-2019.jpg","width":960,"height":1280,"caption":"NDG Cinema (Nuit de la Glisse)"},"image":{"@id":"https:\/\/nuitdelaglisse.com\/de\/#\/schema\/logo\/image\/"},"sameAs":["https:\/\/www.facebook.com\/NDGcinema\/","https:\/\/www.instagram.com\/ndgcinema\/","https:\/\/www.youtube.com\/NDGCinema"]}]}},"_links":{"self":[{"href":"https:\/\/nuitdelaglisse.com\/de\/wp-json\/wp\/v2\/pages\/526","targetHints":{"allow":["GET"]}}],"collection":[{"href":"https:\/\/nuitdelaglisse.com\/de\/wp-json\/wp\/v2\/pages"}],"about":[{"href":"https:\/\/nuitdelaglisse.com\/de\/wp-json\/wp\/v2\/types\/page"}],"author":[{"embeddable":true,"href":"https:\/\/nuitdelaglisse.com\/de\/wp-json\/wp\/v2\/users\/1"}],"replies":[{"embeddable":true,"href":"https:\/\/nuitdelaglisse.com\/de\/wp-json\/wp\/v2\/comments?post=526"}],"version-history":[{"count":20,"href":"https:\/\/nuitdelaglisse.com\/de\/wp-json\/wp\/v2\/pages\/526\/revisions"}],"predecessor-version":[{"id":27078,"href":"https:\/\/nuitdelaglisse.com\/de\/wp-json\/wp\/v2\/pages\/526\/revisions\/27078"}],"wp:featuredmedia":[{"embeddable":true,"href":"https:\/\/nuitdelaglisse.com\/de\/wp-json\/wp\/v2\/media\/528"}],"wp:attachment":[{"href":"https:\/\/nuitdelaglisse.com\/de\/wp-json\/wp\/v2\/media?parent=526"}],"curies":[{"name":"wp","href":"https:\/\/api.w.org\/{rel}","templated":true}]}}