{"id":21561,"date":"2024-10-01T15:58:42","date_gmt":"2024-10-01T13:58:42","guid":{"rendered":"https:\/\/nuitdelaglisse.com\/?page_id=21561"},"modified":"2025-11-03T06:16:46","modified_gmt":"2025-11-03T05:16:46","slug":"paris","status":"publish","type":"page","link":"https:\/\/nuitdelaglisse.com\/de\/booking\/paris\/","title":{"rendered":"Paris"},"content":{"rendered":"\t\t<div data-elementor-type=\"wp-page\" data-elementor-id=\"21561\" class=\"elementor elementor-21561\" data-elementor-post-type=\"page\">\n\t\t\t\t<div class=\"elementor-element elementor-element-301d435 e-con-full e-flex e-con e-parent\" data-id=\"301d435\" data-element_type=\"container\" data-e-type=\"container\">\n\t\t<div class=\"elementor-element elementor-element-4558d81 e-con-full e-flex e-con e-child\" data-id=\"4558d81\" data-element_type=\"container\" data-e-type=\"container\" data-settings=\"{&quot;background_background&quot;:&quot;classic&quot;,&quot;background_motion_fx_motion_fx_scrolling&quot;:&quot;yes&quot;,&quot;background_motion_fx_translateY_effect&quot;:&quot;yes&quot;,&quot;background_motion_fx_opacity_effect&quot;:&quot;yes&quot;,&quot;background_motion_fx_scale_effect&quot;:&quot;yes&quot;,&quot;background_motion_fx_translateY_speed&quot;:{&quot;unit&quot;:&quot;px&quot;,&quot;size&quot;:4,&quot;sizes&quot;:[]},&quot;background_motion_fx_translateY_affectedRange&quot;:{&quot;unit&quot;:&quot;%&quot;,&quot;size&quot;:&quot;&quot;,&quot;sizes&quot;:{&quot;start&quot;:0,&quot;end&quot;:100}},&quot;background_motion_fx_opacity_direction&quot;:&quot;out-in&quot;,&quot;background_motion_fx_opacity_level&quot;:{&quot;unit&quot;:&quot;px&quot;,&quot;size&quot;:10,&quot;sizes&quot;:[]},&quot;background_motion_fx_opacity_range&quot;:{&quot;unit&quot;:&quot;%&quot;,&quot;size&quot;:&quot;&quot;,&quot;sizes&quot;:{&quot;start&quot;:20,&quot;end&quot;:80}},&quot;background_motion_fx_scale_direction&quot;:&quot;out-in&quot;,&quot;background_motion_fx_scale_speed&quot;:{&quot;unit&quot;:&quot;px&quot;,&quot;size&quot;:4,&quot;sizes&quot;:[]},&quot;background_motion_fx_scale_range&quot;:{&quot;unit&quot;:&quot;%&quot;,&quot;size&quot;:&quot;&quot;,&quot;sizes&quot;:{&quot;start&quot;:20,&quot;end&quot;:80}},&quot;background_motion_fx_devices&quot;:[&quot;desktop&quot;,&quot;tablet&quot;,&quot;mobile&quot;]}\">\n\t\t\t\t<div class=\"elementor-element elementor-element-5676a20 elementor-widget elementor-widget-heading\" data-id=\"5676a20\" data-element_type=\"widget\" data-e-type=\"widget\" data-widget_type=\"heading.default\">\n\t\t\t\t<div class=\"elementor-widget-container\">\n\t\t\t\t\t<h1 class=\"elementor-heading-title elementor-size-default\">la <br>nuit <br>de la<br>glisse<br>2025 <\/h1>\t\t\t\t<\/div>\n\t\t\t\t<\/div>\n\t\t\t\t<div class=\"elementor-element elementor-element-a6ba1fe elementor-widget__width-initial elementor-widget elementor-widget-heading\" data-id=\"a6ba1fe\" data-element_type=\"widget\" data-e-type=\"widget\" data-widget_type=\"heading.default\">\n\t\t\t\t<div class=\"elementor-widget-container\">\n\t\t\t\t\t<p class=\"elementor-heading-title elementor-size-default\">PARIS GRAND REX COMPLET !<\/p>\t\t\t\t<\/div>\n\t\t\t\t<\/div>\n\t\t\t\t<\/div>\n\t\t<div class=\"elementor-element elementor-element-31cb368 e-con-full e-flex e-con e-child\" data-id=\"31cb368\" data-element_type=\"container\" data-e-type=\"container\">\n\t\t\t\t<div class=\"elementor-element elementor-element-9b72747 elementor-widget elementor-widget-heading\" data-id=\"9b72747\" data-element_type=\"widget\" data-e-type=\"widget\" data-widget_type=\"heading.default\">\n\t\t\t\t<div class=\"elementor-widget-container\">\n\t\t\t\t\t<h2 class=\"elementor-heading-title elementor-size-default\">S\u00e9ances suppl\u00e9mentaires \u00e0 Paris !<\/h2>\t\t\t\t<\/div>\n\t\t\t\t<\/div>\n\t\t\n\n\n\n \n\n\n\n \n\n\n\n \t\t<div class=\"elementor-element elementor-element-9ea7df6 grid-list-1 grid-list-tablet-2 grid-list-mobile-1 elementor-widget elementor-widget-novelar-custom-post-list\" data-id=\"9ea7df6\" data-element_type=\"widget\" data-e-type=\"widget\" data-settings=\"{&quot;columns&quot;:&quot;1&quot;,&quot;columns_tablet&quot;:&quot;2&quot;,&quot;columns_mobile&quot;:&quot;1&quot;}\" data-widget_type=\"novelar-custom-post-list.default\">\n\t\t\t\t<div class=\"elementor-widget-container\">\n\t\t\t\t\t<div id=\"events-list-container\" class=\"events-list-container\"><div id=\"events-list\" class=\"grid-list\">    \n        <article id=\"post-26475\" class=\"item-event passed-event post-26475 event type-event status-publish has-post-thumbnail hentry\" role=\"article\">\n            <a href=\"https:\/\/nuitdelaglisse.com\/de\/event\/paris-pathe-aquaboulevard-la-nuit-de-la-glisse-2025\/\" class=\"event-link\">\n                \n                <div class=\"container-box box-shadow\">\n                                                                    <div class=\"affiche-event\" style=\"background-image:url(https:\/\/nuitdelaglisse.com\/wp-content\/uploads\/2025\/10\/affiche_1372961-42-300x424.jpg)\"><\/div>\n                                        <!--\n                                                            <badge class=\"complet\">\n                                    Complet                                <\/badge>\n                                                    -->\n                                \n                    <div class=\"info-event\">\n                           <div class=\"location-event\" >  \n                                <i class=\"icon-ndg icon-marker-bold\"><\/i>        \n                                <!-- Si l'event est online --> \n                                Paris  \n\n                            <\/div> \n                            \n                            <h3 class=\"title-event\">\n                                Paris Path\u00e9 Aquaboulevard &#8211; La Nuit de la Glisse 2025                            <\/h3> \n\n                            \n                              <ul class=\"date-event\">\n                                            \n                                    <li>\n                                                                                                                          <div class=\"start-date\" >                        \n                                                <!-- Gestion des jour -->                     \n                                                <span class=\"day-event\">\n                                                    <!-- Jour de d\u00e9but toujours affich\u00e9 --> \n                                                    Fr. 14 Nov.                                                <\/span>\n                                                <!-- Gestion des mois -->    \n                                                                                                  <span class=\"hour-event\">Ended<\/span>\n                                                                                            <\/div>\n                                                                          <\/li>   \n                                   <\/ul>  \n                       \n                    <\/div>\n                    <div class=\"action-card\">\n                            <i class=\"icon-ndg icon-right\"><\/i>\n                     <\/div>\n                 <\/div>\n            <\/a>\n        <\/article>    <\/div><div id=\"loader\"><div class=\"lds-ripple\"><div><\/div><div><\/div><\/div><\/div>\t\n\t\t\t\t<\/div>\t\t\t\t<\/div>\n\t\t\t\t<\/div>\n\t\t\t\t<\/div>\n\t\t\t\t<\/div>\n\t\t\t\t<\/div>\n\t\t","protected":false},"excerpt":{"rendered":"<p>la nuit de laglisse2025 PARIS GRAND REX COMPLET ! S\u00e9ances suppl\u00e9mentaires \u00e0 Paris ! Paris Paris CGR Les Lilas &#8211; La Nuit de la Glisse 2025 Fri 14 Nov 20h00 Fri 14 Nov 22h00 &#8230; Paris Paris Path\u00e9 Aquaboulevard &#8211; La Nuit de la Glisse 2025 Fri 14 Nov 20h30 Paris Paris UGC Cin\u00e9 Cit\u00e9 [&hellip;]<\/p>\n","protected":false},"author":5,"featured_media":0,"parent":390,"menu_order":0,"comment_status":"closed","ping_status":"closed","template":"","meta":{"_acf_changed":false,"footnotes":""},"class_list":["post-21561","page","type-page","status-publish","hentry"],"acf":[],"yoast_head":"<!-- This site is optimized with the Yoast SEO plugin v27.1.1 - https:\/\/yoast.com\/product\/yoast-seo-wordpress\/ -->\n<title>Paris - NDG Cinema (Nuit de la Glisse)<\/title>\n<meta name=\"description\" content=\"Paris\" \/>\n<meta name=\"robots\" content=\"index, follow, max-snippet:-1, max-image-preview:large, max-video-preview:-1\" \/>\n<link rel=\"canonical\" href=\"https:\/\/nuitdelaglisse.com\/de\/booking\/paris\/\" \/>\n<meta property=\"og:locale\" content=\"de_DE\" \/>\n<meta property=\"og:type\" content=\"article\" \/>\n<meta property=\"og:title\" content=\"Paris - NDG Cinema (Nuit de la Glisse)\" \/>\n<meta property=\"og:description\" content=\"Paris\" \/>\n<meta property=\"og:url\" content=\"https:\/\/nuitdelaglisse.com\/de\/booking\/paris\/\" \/>\n<meta property=\"og:site_name\" content=\"NDG Cinema (Nuit de la Glisse)\" \/>\n<meta property=\"article:publisher\" content=\"https:\/\/www.facebook.com\/NDGcinema\/\" \/>\n<meta property=\"article:modified_time\" content=\"2025-11-03T05:16:46+00:00\" \/>\n<meta property=\"og:image\" content=\"https:\/\/nuitdelaglisse.com\/wp-content\/uploads\/2019\/07\/66766110_1837866202982875_5417637207047405568_n.jpg\" \/>\n\t<meta property=\"og:image:width\" content=\"720\" \/>\n\t<meta property=\"og:image:height\" content=\"720\" \/>\n\t<meta property=\"og:image:type\" content=\"image\/jpeg\" \/>\n<meta name=\"twitter:card\" content=\"summary_large_image\" \/>\n<meta name=\"twitter:label1\" content=\"Gesch\u00e4tzte Lesezeit\" \/>\n\t<meta name=\"twitter:data1\" content=\"1\u00a0Minute\" \/>\n<script type=\"application\/ld+json\" class=\"yoast-schema-graph\">{\"@context\":\"https:\/\/schema.org\",\"@graph\":[{\"@type\":\"WebPage\",\"@id\":\"https:\/\/nuitdelaglisse.com\/de\/booking\/paris\/\",\"url\":\"https:\/\/nuitdelaglisse.com\/de\/booking\/paris\/\",\"name\":\"Paris - NDG Cinema (Nuit de la Glisse)\",\"isPartOf\":{\"@id\":\"https:\/\/nuitdelaglisse.com\/de\/#website\"},\"datePublished\":\"2024-10-01T13:58:42+00:00\",\"dateModified\":\"2025-11-03T05:16:46+00:00\",\"description\":\"Paris\",\"breadcrumb\":{\"@id\":\"https:\/\/nuitdelaglisse.com\/de\/booking\/paris\/#breadcrumb\"},\"inLanguage\":\"de\",\"potentialAction\":[{\"@type\":\"ReadAction\",\"target\":[\"https:\/\/nuitdelaglisse.com\/de\/booking\/paris\/\"]}]},{\"@type\":\"BreadcrumbList\",\"@id\":\"https:\/\/nuitdelaglisse.com\/de\/booking\/paris\/#breadcrumb\",\"itemListElement\":[{\"@type\":\"ListItem\",\"position\":1,\"name\":\"Home\",\"item\":\"https:\/\/nuitdelaglisse.com\/de\/\"},{\"@type\":\"ListItem\",\"position\":2,\"name\":\"Booking\",\"item\":\"https:\/\/nuitdelaglisse.com\/de\/booking\/\"},{\"@type\":\"ListItem\",\"position\":3,\"name\":\"Paris\"}]},{\"@type\":\"WebSite\",\"@id\":\"https:\/\/nuitdelaglisse.com\/de\/#website\",\"url\":\"https:\/\/nuitdelaglisse.com\/de\/\",\"name\":\"NDG Cinema (Nuit de la Glisse)\",\"description\":\"NDG Cinema is now the official name for Nuit de la Glisse Films. New projects are coming !\",\"publisher\":{\"@id\":\"https:\/\/nuitdelaglisse.com\/de\/#organization\"},\"potentialAction\":[{\"@type\":\"SearchAction\",\"target\":{\"@type\":\"EntryPoint\",\"urlTemplate\":\"https:\/\/nuitdelaglisse.com\/de\/?s={search_term_string}\"},\"query-input\":{\"@type\":\"PropertyValueSpecification\",\"valueRequired\":true,\"valueName\":\"search_term_string\"}}],\"inLanguage\":\"de\"},{\"@type\":\"Organization\",\"@id\":\"https:\/\/nuitdelaglisse.com\/de\/#organization\",\"name\":\"NDG Cinema (Nuit de la Glisse)\",\"url\":\"https:\/\/nuitdelaglisse.com\/de\/\",\"logo\":{\"@type\":\"ImageObject\",\"inLanguage\":\"de\",\"@id\":\"https:\/\/nuitdelaglisse.com\/de\/#\/schema\/logo\/image\/\",\"url\":\"https:\/\/ndgcinema.com\/wp-content\/uploads\/2019\/09\/festival-ndg-2019.jpg\",\"contentUrl\":\"https:\/\/ndgcinema.com\/wp-content\/uploads\/2019\/09\/festival-ndg-2019.jpg\",\"width\":960,\"height\":1280,\"caption\":\"NDG Cinema (Nuit de la Glisse)\"},\"image\":{\"@id\":\"https:\/\/nuitdelaglisse.com\/de\/#\/schema\/logo\/image\/\"},\"sameAs\":[\"https:\/\/www.facebook.com\/NDGcinema\/\",\"https:\/\/www.instagram.com\/ndgcinema\/\",\"https:\/\/www.youtube.com\/NDGCinema\"]}]}<\/script>\n<!-- \/ Yoast SEO plugin. -->","yoast_head_json":{"title":"Paris - NDG Cinema (Nuit de la Glisse)","description":"Paris","robots":{"index":"index","follow":"follow","max-snippet":"max-snippet:-1","max-image-preview":"max-image-preview:large","max-video-preview":"max-video-preview:-1"},"canonical":"https:\/\/nuitdelaglisse.com\/de\/booking\/paris\/","og_locale":"de_DE","og_type":"article","og_title":"Paris - NDG Cinema (Nuit de la Glisse)","og_description":"Paris","og_url":"https:\/\/nuitdelaglisse.com\/de\/booking\/paris\/","og_site_name":"NDG Cinema (Nuit de la Glisse)","article_publisher":"https:\/\/www.facebook.com\/NDGcinema\/","article_modified_time":"2025-11-03T05:16:46+00:00","og_image":[{"width":720,"height":720,"url":"https:\/\/nuitdelaglisse.com\/wp-content\/uploads\/2019\/07\/66766110_1837866202982875_5417637207047405568_n.jpg","type":"image\/jpeg"}],"twitter_card":"summary_large_image","twitter_misc":{"Gesch\u00e4tzte Lesezeit":"1\u00a0Minute"},"schema":{"@context":"https:\/\/schema.org","@graph":[{"@type":"WebPage","@id":"https:\/\/nuitdelaglisse.com\/de\/booking\/paris\/","url":"https:\/\/nuitdelaglisse.com\/de\/booking\/paris\/","name":"Paris - NDG Cinema (Nuit de la Glisse)","isPartOf":{"@id":"https:\/\/nuitdelaglisse.com\/de\/#website"},"datePublished":"2024-10-01T13:58:42+00:00","dateModified":"2025-11-03T05:16:46+00:00","description":"Paris","breadcrumb":{"@id":"https:\/\/nuitdelaglisse.com\/de\/booking\/paris\/#breadcrumb"},"inLanguage":"de","potentialAction":[{"@type":"ReadAction","target":["https:\/\/nuitdelaglisse.com\/de\/booking\/paris\/"]}]},{"@type":"BreadcrumbList","@id":"https:\/\/nuitdelaglisse.com\/de\/booking\/paris\/#breadcrumb","itemListElement":[{"@type":"ListItem","position":1,"name":"Home","item":"https:\/\/nuitdelaglisse.com\/de\/"},{"@type":"ListItem","position":2,"name":"Booking","item":"https:\/\/nuitdelaglisse.com\/de\/booking\/"},{"@type":"ListItem","position":3,"name":"Paris"}]},{"@type":"WebSite","@id":"https:\/\/nuitdelaglisse.com\/de\/#website","url":"https:\/\/nuitdelaglisse.com\/de\/","name":"NDG Cinema (Nuit de la Glisse)","description":"NDG Cinema is now the official name for Nuit de la Glisse Films. New projects are coming !","publisher":{"@id":"https:\/\/nuitdelaglisse.com\/de\/#organization"},"potentialAction":[{"@type":"SearchAction","target":{"@type":"EntryPoint","urlTemplate":"https:\/\/nuitdelaglisse.com\/de\/?s={search_term_string}"},"query-input":{"@type":"PropertyValueSpecification","valueRequired":true,"valueName":"search_term_string"}}],"inLanguage":"de"},{"@type":"Organization","@id":"https:\/\/nuitdelaglisse.com\/de\/#organization","name":"NDG Cinema (Nuit de la Glisse)","url":"https:\/\/nuitdelaglisse.com\/de\/","logo":{"@type":"ImageObject","inLanguage":"de","@id":"https:\/\/nuitdelaglisse.com\/de\/#\/schema\/logo\/image\/","url":"https:\/\/ndgcinema.com\/wp-content\/uploads\/2019\/09\/festival-ndg-2019.jpg","contentUrl":"https:\/\/ndgcinema.com\/wp-content\/uploads\/2019\/09\/festival-ndg-2019.jpg","width":960,"height":1280,"caption":"NDG Cinema (Nuit de la Glisse)"},"image":{"@id":"https:\/\/nuitdelaglisse.com\/de\/#\/schema\/logo\/image\/"},"sameAs":["https:\/\/www.facebook.com\/NDGcinema\/","https:\/\/www.instagram.com\/ndgcinema\/","https:\/\/www.youtube.com\/NDGCinema"]}]}},"_links":{"self":[{"href":"https:\/\/nuitdelaglisse.com\/de\/wp-json\/wp\/v2\/pages\/21561","targetHints":{"allow":["GET"]}}],"collection":[{"href":"https:\/\/nuitdelaglisse.com\/de\/wp-json\/wp\/v2\/pages"}],"about":[{"href":"https:\/\/nuitdelaglisse.com\/de\/wp-json\/wp\/v2\/types\/page"}],"author":[{"embeddable":true,"href":"https:\/\/nuitdelaglisse.com\/de\/wp-json\/wp\/v2\/users\/5"}],"replies":[{"embeddable":true,"href":"https:\/\/nuitdelaglisse.com\/de\/wp-json\/wp\/v2\/comments?post=21561"}],"version-history":[{"count":3,"href":"https:\/\/nuitdelaglisse.com\/de\/wp-json\/wp\/v2\/pages\/21561\/revisions"}],"predecessor-version":[{"id":26583,"href":"https:\/\/nuitdelaglisse.com\/de\/wp-json\/wp\/v2\/pages\/21561\/revisions\/26583"}],"up":[{"embeddable":true,"href":"https:\/\/nuitdelaglisse.com\/de\/wp-json\/wp\/v2\/pages\/390"}],"wp:attachment":[{"href":"https:\/\/nuitdelaglisse.com\/de\/wp-json\/wp\/v2\/media?parent=21561"}],"curies":[{"name":"wp","href":"https:\/\/api.w.org\/{rel}","templated":true}]}}